{"id":66,"date":"2024-07-23T07:25:44","date_gmt":"2024-07-23T07:25:44","guid":{"rendered":"https:\/\/skatteadvokaterne.dk\/?page_id=66"},"modified":"2025-12-24T09:01:38","modified_gmt":"2025-12-24T09:01:38","slug":"shalva-david-bandholtz-b-tutisani","status":"publish","type":"page","link":"https:\/\/skatteadvokaterne.dk\/en\/advokater\/shalva-david-bandholtz-b-tutisani\/","title":{"rendered":"Shalva David Bandholtz B. Tutisani"},"content":{"rendered":"<div data-elementor-type=\"wp-page\" data-elementor-id=\"66\" class=\"elementor elementor-66\" data-elementor-post-type=\"page\">\n\t\t\t\t<div class=\"elementor-element elementor-element-1efc7e28 e-flex e-con-boxed e-con e-parent\" data-id=\"1efc7e28\" data-element_type=\"container\" data-e-type=\"container\" data-settings=\"{&quot;background_background&quot;:&quot;classic&quot;}\">\n\t\t\t\t\t<div class=\"e-con-inner\">\n\t\t\t\t<div class=\"elementor-element elementor-element-22abf1db elementor-widget elementor-widget-heading\" data-id=\"22abf1db\" data-element_type=\"widget\" data-e-type=\"widget\" data-widget_type=\"heading.default\">\n\t\t\t\t<div class=\"elementor-widget-container\">\n\t\t\t\t\t<h1 class=\"elementor-heading-title elementor-size-default\">Shalva David Bandholtz B. Tutisani<\/h1>\t\t\t\t<\/div>\n\t\t\t\t<\/div>\n\t\t\t\t\t<\/div>\n\t\t\t\t<\/div>\n\t\t<div class=\"elementor-element elementor-element-5c2a3aed e-flex e-con-boxed e-con e-parent\" data-id=\"5c2a3aed\" data-element_type=\"container\" data-e-type=\"container\">\n\t\t\t\t\t<div class=\"e-con-inner\">\n\t\t\t\t<div class=\"elementor-element elementor-element-658aa2c2 elementor-widget elementor-widget-spacer\" data-id=\"658aa2c2\" data-element_type=\"widget\" data-e-type=\"widget\" data-widget_type=\"spacer.default\">\n\t\t\t\t<div class=\"elementor-widget-container\">\n\t\t\t\t\t\t\t<div class=\"elementor-spacer\">\n\t\t\t<div class=\"elementor-spacer-inner\"><\/div>\n\t\t<\/div>\n\t\t\t\t\t\t<\/div>\n\t\t\t\t<\/div>\n\t\t\t\t\t<\/div>\n\t\t\t\t<\/div>\n\t\t<div class=\"elementor-element elementor-element-1df6ba08 e-flex e-con-boxed e-con e-parent\" data-id=\"1df6ba08\" data-element_type=\"container\" data-e-type=\"container\" data-settings=\"{&quot;background_background&quot;:&quot;classic&quot;}\">\n\t\t\t\t\t<div class=\"e-con-inner\">\n\t\t<div class=\"elementor-element elementor-element-bd15dc8 e-con-full e-flex e-con e-child\" data-id=\"bd15dc8\" data-element_type=\"container\" data-e-type=\"container\">\n\t\t<div class=\"elementor-element elementor-element-74f7f3a6 e-con-full e-flex e-con e-child\" data-id=\"74f7f3a6\" data-element_type=\"container\" data-e-type=\"container\">\n\t\t\t\t<div class=\"elementor-element elementor-element-707d24a7 elementor-widget elementor-widget-image\" data-id=\"707d24a7\" data-element_type=\"widget\" data-e-type=\"widget\" data-widget_type=\"image.default\">\n\t\t\t\t<div class=\"elementor-widget-container\">\n\t\t\t\t\t\t\t\t\t\t\t\t\t\t\t<img decoding=\"async\" width=\"168\" height=\"224\" src=\"https:\/\/skatteadvokaterne.dk\/wp-content\/uploads\/2025\/01\/image-76-2.png\" class=\"attachment-full size-full wp-image-765\" alt=\"\" srcset=\"https:\/\/skatteadvokaterne.dk\/wp-content\/uploads\/2025\/01\/image-76-2.png 168w, https:\/\/skatteadvokaterne.dk\/wp-content\/uploads\/2025\/01\/image-76-2-9x12.png 9w\" sizes=\"(max-width: 168px) 100vw, 168px\" \/>\t\t\t\t\t\t\t\t\t\t\t\t\t\t\t<\/div>\n\t\t\t\t<\/div>\n\t\t\t\t<\/div>\n\t\t<div class=\"elementor-element elementor-element-210fb8b0 e-con-full e-flex e-con e-child\" data-id=\"210fb8b0\" data-element_type=\"container\" data-e-type=\"container\">\n\t\t\t\t<div class=\"elementor-element elementor-element-a122844 elementor-widget elementor-widget-heading\" data-id=\"a122844\" data-element_type=\"widget\" data-e-type=\"widget\" data-widget_type=\"heading.default\">\n\t\t\t\t<div class=\"elementor-widget-container\">\n\t\t\t\t\t<h2 class=\"elementor-heading-title elementor-size-default\">Shalva David Bandholtz B. Tutisani<\/h2>\t\t\t\t<\/div>\n\t\t\t\t<\/div>\n\t\t\t\t<div class=\"elementor-element elementor-element-30deff46 elementor-widget elementor-widget-heading\" data-id=\"30deff46\" data-element_type=\"widget\" data-e-type=\"widget\" data-widget_type=\"heading.default\">\n\t\t\t\t<div class=\"elementor-widget-container\">\n\t\t\t\t\t<span class=\"elementor-heading-title elementor-size-default\">Advokat<\/span>\t\t\t\t<\/div>\n\t\t\t\t<\/div>\n\t\t\t\t<div class=\"elementor-element elementor-element-20cb479d elementor-widget-divider--view-line elementor-widget elementor-widget-divider\" data-id=\"20cb479d\" data-element_type=\"widget\" data-e-type=\"widget\" data-widget_type=\"divider.default\">\n\t\t\t\t<div class=\"elementor-widget-container\">\n\t\t\t\t\t\t\t<div class=\"elementor-divider\">\n\t\t\t<span class=\"elementor-divider-separator\">\n\t\t\t\t\t\t<\/span>\n\t\t<\/div>\n\t\t\t\t\t\t<\/div>\n\t\t\t\t<\/div>\n\t\t<div class=\"elementor-element elementor-element-4f51f50 e-grid e-con-full e-con e-child\" data-id=\"4f51f50\" data-element_type=\"container\" data-e-type=\"container\">\n\t\t<div class=\"elementor-element elementor-element-222bdada e-con-full e-flex e-con e-child\" data-id=\"222bdada\" data-element_type=\"container\" data-e-type=\"container\">\n\t\t\t\t<div class=\"elementor-element elementor-element-2df9ebb0 elementor-widget elementor-widget-heading\" data-id=\"2df9ebb0\" data-element_type=\"widget\" data-e-type=\"widget\" data-widget_type=\"heading.default\">\n\t\t\t\t<div class=\"elementor-widget-container\">\n\t\t\t\t\t<h4 class=\"elementor-heading-title elementor-size-default\">Telefon<\/h4>\t\t\t\t<\/div>\n\t\t\t\t<\/div>\n\t\t\t\t<div class=\"elementor-element elementor-element-ccdf85a elementor-icon-list--layout-traditional elementor-list-item-link-full_width elementor-widget elementor-widget-icon-list\" data-id=\"ccdf85a\" data-element_type=\"widget\" data-e-type=\"widget\" data-widget_type=\"icon-list.default\">\n\t\t\t\t<div class=\"elementor-widget-container\">\n\t\t\t\t\t\t\t<ul class=\"elementor-icon-list-items\">\n\t\t\t\t\t\t\t<li class=\"elementor-icon-list-item\">\n\t\t\t\t\t\t\t\t\t\t\t<span class=\"elementor-icon-list-icon\">\n\t\t\t\t\t\t\t<svg aria-hidden=\"true\" class=\"e-font-icon-svg e-fas-phone-alt\" viewbox=\"0 0 512 512\" xmlns=\"http:\/\/www.w3.org\/2000\/svg\"><path d=\"M497.39 361.8l-112-48a24 24 0 0 0-28 6.9l-49.6 60.6A370.66 370.66 0 0 1 130.6 204.11l60.6-49.6a23.94 23.94 0 0 0 6.9-28l-48-112A24.16 24.16 0 0 0 122.6.61l-104 24A24 24 0 0 0 0 48c0 256.5 207.9 464 464 464a24 24 0 0 0 23.4-18.6l24-104a24.29 24.29 0 0 0-14.01-27.6z\"><\/path><\/svg>\t\t\t\t\t\t<\/span>\n\t\t\t\t\t\t\t\t\t\t<span class=\"elementor-icon-list-text\">(+45) 33 75 00 14<\/span>\n\t\t\t\t\t\t\t\t\t<\/li>\n\t\t\t\t\t\t<\/ul>\n\t\t\t\t\t\t<\/div>\n\t\t\t\t<\/div>\n\t\t\t\t<\/div>\n\t\t<div class=\"elementor-element elementor-element-28feb925 e-con-full e-flex e-con e-child\" data-id=\"28feb925\" data-element_type=\"container\" data-e-type=\"container\">\n\t\t\t\t<div class=\"elementor-element elementor-element-796bd24b elementor-widget elementor-widget-heading\" data-id=\"796bd24b\" data-element_type=\"widget\" data-e-type=\"widget\" data-widget_type=\"heading.default\">\n\t\t\t\t<div class=\"elementor-widget-container\">\n\t\t\t\t\t<h4 class=\"elementor-heading-title elementor-size-default\">Mobil<\/h4>\t\t\t\t<\/div>\n\t\t\t\t<\/div>\n\t\t\t\t<div class=\"elementor-element elementor-element-900fd49 elementor-icon-list--layout-traditional elementor-list-item-link-full_width elementor-widget elementor-widget-icon-list\" data-id=\"900fd49\" data-element_type=\"widget\" data-e-type=\"widget\" data-widget_type=\"icon-list.default\">\n\t\t\t\t<div class=\"elementor-widget-container\">\n\t\t\t\t\t\t\t<ul class=\"elementor-icon-list-items\">\n\t\t\t\t\t\t\t<li class=\"elementor-icon-list-item\">\n\t\t\t\t\t\t\t\t\t\t\t<span class=\"elementor-icon-list-icon\">\n\t\t\t\t\t\t\t<svg xmlns=\"http:\/\/www.w3.org\/2000\/svg\" width=\"20\" height=\"21\" viewbox=\"0 0 20 21\" fill=\"none\"><g clip-path=\"url(#clip0_951_99)\"><path d=\"M3.82812 17.1016V18.2539C3.82812 19.4924 4.8357 20.5 6.07422 20.5H13.9258C15.1643 20.5 16.1719 19.4924 16.1719 18.2539V17.1016H3.82812ZM9.41406 18.6251C9.41406 18.3015 9.67641 18.0391 10 18.0391C10.3236 18.0391 10.5859 18.3015 10.5859 18.6251V18.7032C10.5859 19.0268 10.3236 19.2891 10 19.2891C9.67641 19.2891 9.41406 19.0268 9.41406 18.7032V18.6251Z\" fill=\"#C01322\"><\/path><path d=\"M16.1721 15.9297V2.74609C16.1721 1.50758 15.1645 0.5 13.926 0.5H6.07446C4.83599 0.5 3.82837 1.50758 3.82837 2.74609V15.9297H16.1721Z\" fill=\"#C01322\"><\/path><\/g><defs><clippath id=\"clip0_951_99\"><rect width=\"20\" height=\"20\" fill=\"white\" transform=\"translate(0 0.5)\"><\/rect><\/clippath><\/defs><\/svg>\t\t\t\t\t\t<\/span>\n\t\t\t\t\t\t\t\t\t\t<span class=\"elementor-icon-list-text\">(+45) 23 73 00 14<\/span>\n\t\t\t\t\t\t\t\t\t<\/li>\n\t\t\t\t\t\t<\/ul>\n\t\t\t\t\t\t<\/div>\n\t\t\t\t<\/div>\n\t\t\t\t<\/div>\n\t\t<div class=\"elementor-element elementor-element-335768a4 e-con-full e-flex e-con e-child\" data-id=\"335768a4\" data-element_type=\"container\" data-e-type=\"container\">\n\t\t\t\t<div class=\"elementor-element elementor-element-65e27b9f elementor-widget elementor-widget-heading\" data-id=\"65e27b9f\" data-element_type=\"widget\" data-e-type=\"widget\" data-widget_type=\"heading.default\">\n\t\t\t\t<div class=\"elementor-widget-container\">\n\t\t\t\t\t<h4 class=\"elementor-heading-title elementor-size-default\">E-mail<\/h4>\t\t\t\t<\/div>\n\t\t\t\t<\/div>\n\t\t\t\t<div class=\"elementor-element elementor-element-539bf434 elementor-icon-list--layout-traditional elementor-list-item-link-full_width elementor-widget elementor-widget-icon-list\" data-id=\"539bf434\" data-element_type=\"widget\" data-e-type=\"widget\" data-widget_type=\"icon-list.default\">\n\t\t\t\t<div class=\"elementor-widget-container\">\n\t\t\t\t\t\t\t<ul class=\"elementor-icon-list-items\">\n\t\t\t\t\t\t\t<li class=\"elementor-icon-list-item\">\n\t\t\t\t\t\t\t\t\t\t\t<span class=\"elementor-icon-list-icon\">\n\t\t\t\t\t\t\t<svg aria-hidden=\"true\" class=\"e-font-icon-svg e-fas-envelope\" viewbox=\"0 0 512 512\" xmlns=\"http:\/\/www.w3.org\/2000\/svg\"><path d=\"M502.3 190.8c3.9-3.1 9.7-.2 9.7 4.7V400c0 26.5-21.5 48-48 48H48c-26.5 0-48-21.5-48-48V195.6c0-5 5.7-7.8 9.7-4.7 22.4 17.4 52.1 39.5 154.1 113.6 21.1 15.4 56.7 47.8 92.2 47.6 35.7.3 72-32.8 92.3-47.6 102-74.1 131.6-96.3 154-113.7zM256 320c23.2.4 56.6-29.2 73.4-41.4 132.7-96.3 142.8-104.7 173.4-128.7 5.8-4.5 9.2-11.5 9.2-18.9v-19c0-26.5-21.5-48-48-48H48C21.5 64 0 85.5 0 112v19c0 7.4 3.4 14.3 9.2 18.9 30.6 23.9 40.7 32.4 173.4 128.7 16.8 12.2 50.2 41.8 73.4 41.4z\"><\/path><\/svg>\t\t\t\t\t\t<\/span>\n\t\t\t\t\t\t\t\t\t\t<span class=\"elementor-icon-list-text\">sha@skatteadvokaterne.dk<\/span>\n\t\t\t\t\t\t\t\t\t<\/li>\n\t\t\t\t\t\t<\/ul>\n\t\t\t\t\t\t<\/div>\n\t\t\t\t<\/div>\n\t\t\t\t<\/div>\n\t\t\t\t<\/div>\n\t\t\t\t<\/div>\n\t\t\t\t<\/div>\n\t\t\t\t\t<\/div>\n\t\t\t\t<\/div>\n\t\t<div class=\"elementor-element elementor-element-11927b7b e-flex e-con-boxed e-con e-parent\" data-id=\"11927b7b\" data-element_type=\"container\" data-e-type=\"container\">\n\t\t\t\t\t<div class=\"e-con-inner\">\n\t\t<div class=\"elementor-element elementor-element-3279ad82 e-con-full e-flex e-con e-child\" data-id=\"3279ad82\" data-element_type=\"container\" data-e-type=\"container\">\n\t\t\t\t<div class=\"elementor-element elementor-element-286cd59c elementor-widget elementor-widget-heading\" data-id=\"286cd59c\" data-element_type=\"widget\" data-e-type=\"widget\" data-widget_type=\"heading.default\">\n\t\t\t\t<div class=\"elementor-widget-container\">\n\t\t\t\t\t<h2 class=\"elementor-heading-title elementor-size-default\">Specialkompetencer og erfaringer<\/h2>\t\t\t\t<\/div>\n\t\t\t\t<\/div>\n\t\t\t\t<div class=\"elementor-element elementor-element-64422ee4 elementor-widget elementor-widget-text-editor\" data-id=\"64422ee4\" data-element_type=\"widget\" data-e-type=\"widget\" data-widget_type=\"text-editor.default\">\n\t\t\t\t<div class=\"elementor-widget-container\">\n\t\t\t\t\t\t\t\t\t<p>Shalva David Bandholtz B. Tutisani f\u00f8rer skatte- og momssager ved Landsskatteretten, skatteanken\u00e6vnene og domstolene. Han har tidligere i en \u00e5rr\u00e6kke v\u00e6ret ansat i Skatteankestyrelsen og har derfor et indg\u00e5ende indblik i skattemyndighedernes h\u00e5ndtering af skatte- og afgiftssager.<\/p><p>Derudover bist\u00e5r Shalva David Bandholtz B. Tutisani klienter i skattestraffesager.<\/p><p>Udover at v\u00e6re cand. Jur. er Shalva David Bandholtz B. Tutisani tillige cand.merc.jur fra Copenhagen Business School og har derfor indsigt i kommercielle, \u00f8konomiske og regnskabsm\u00e6ssige forhold.<\/p><p>Sidel\u00f8bende med skatte- og momssager besk\u00e6ftiger han sig ligeledes med straffesager, arveforhold og boskiftebehandling.<\/p><p>Derudover er han ekstern lektor i Udvidet skatteret p\u00e5 K\u00f8benhavns Universitet.<\/p>\t\t\t\t\t\t\t\t<\/div>\n\t\t\t\t<\/div>\n\t\t\t\t<\/div>\n\t\t<div class=\"elementor-element elementor-element-7f11e487 e-con-full e-flex e-con e-child\" data-id=\"7f11e487\" data-element_type=\"container\" data-e-type=\"container\">\n\t\t\t\t<div class=\"elementor-element elementor-element-3385c4f2 elementor-widget elementor-widget-heading\" data-id=\"3385c4f2\" data-element_type=\"widget\" data-e-type=\"widget\" data-widget_type=\"heading.default\">\n\t\t\t\t<div class=\"elementor-widget-container\">\n\t\t\t\t\t<h2 class=\"elementor-heading-title elementor-size-default\">Curriculum Vitae<\/h2>\t\t\t\t<\/div>\n\t\t\t\t<\/div>\n\t\t\t\t<div class=\"elementor-element elementor-element-54e8fbf9 elementor-widget elementor-widget-text-editor\" data-id=\"54e8fbf9\" data-element_type=\"widget\" data-e-type=\"widget\" data-widget_type=\"text-editor.default\">\n\t\t\t\t<div class=\"elementor-widget-container\">\n\t\t\t\t\t\t\t\t\t<p><span style=\"color: #c01322;\"><strong>Uddannelse mv.<\/strong><\/span><\/p><p><strong>2016:<\/strong> Cand.merc.jur, Copenhagen Business School<br \/><strong>2021:<\/strong> Cand.jur, Syddansk Universitet<br \/><strong>2025:<\/strong> Advokat<\/p><p><span style=\"color: #c01322;\"><strong>Ans\u00e6ttelser<\/strong><\/span><\/p><p><strong>2015-2017:<\/strong> Konkurrence- og Forbrugerstyrelsen\/N\u00e6vnenes Hus<br \/><strong>2017-2023:<\/strong> Skatteankestyrelsen<br \/><strong>2023:<\/strong> Skatteadvokaterne<\/p><p><span style=\"color: #c01322;\"><strong>Undervisning<\/strong><\/span><\/p><p><strong>2023:<\/strong> Ekstern lektor i Udvidet skatteret p\u00e5 K\u00f8benhavns Universitet<\/p>\t\t\t\t\t\t\t\t<\/div>\n\t\t\t\t<\/div>\n\t\t\t\t<\/div>\n\t\t\t\t\t<\/div>\n\t\t\t\t<\/div>\n\t\t\t\t<\/div>","protected":false},"excerpt":{"rendered":"<p>Shalva David Bandholtz B. Tutisani Advokat Telefon (+45) 33 75 00 14 Mobil (+45) 23 73 00 14 E-mail sha@skatteadvokaterne.dk Specialkompetencer og erfaringer Shalva David Bandholtz B. Tutisani f\u00f8rer skatte- og momssager ved Landsskatteretten, skatteanken\u00e6vnene og domstolene. Han har tidligere i en \u00e5rr\u00e6kke v\u00e6ret ansat i Skatteankestyrelsen og har derfor et indg\u00e5ende indblik i skattemyndighedernes [&hellip;]<\/p>\n","protected":false},"author":1,"featured_media":0,"parent":23,"menu_order":0,"comment_status":"closed","ping_status":"closed","template":"elementor_header_footer","meta":{"_exactmetrics_skip_tracking":false,"_exactmetrics_sitenote_active":false,"_exactmetrics_sitenote_note":"","_exactmetrics_sitenote_category":0,"footnotes":""},"class_list":["post-66","page","type-page","status-publish","hentry"],"yoast_head":"<!-- This site is optimized with the Yoast SEO plugin v27.3 - https:\/\/yoast.com\/product\/yoast-seo-wordpress\/ -->\n<title>Shalva David Bandholtz B. Tutisani - skatteadvokaterne.dk<\/title>\n<meta name=\"robots\" content=\"index, follow, max-snippet:-1, max-image-preview:large, max-video-preview:-1\" \/>\n<link rel=\"canonical\" href=\"https:\/\/skatteadvokaterne.dk\/en\/advokater\/shalva-david-bandholtz-b-tutisani\/\" \/>\n<meta property=\"og:locale\" content=\"en_GB\" \/>\n<meta property=\"og:type\" content=\"article\" \/>\n<meta property=\"og:title\" content=\"Shalva David Bandholtz B. Tutisani - skatteadvokaterne.dk\" \/>\n<meta property=\"og:description\" content=\"Shalva David Bandholtz B. Tutisani Advokat Telefon (+45) 33 75 00 14 Mobil (+45) 23 73 00 14 E-mail sha@skatteadvokaterne.dk Specialkompetencer og erfaringer Shalva David Bandholtz B. Tutisani f\u00f8rer skatte- og momssager ved Landsskatteretten, skatteanken\u00e6vnene og domstolene. Han har tidligere i en \u00e5rr\u00e6kke v\u00e6ret ansat i Skatteankestyrelsen og har derfor et indg\u00e5ende indblik i skattemyndighedernes [&hellip;]\" \/>\n<meta property=\"og:url\" content=\"https:\/\/skatteadvokaterne.dk\/en\/advokater\/shalva-david-bandholtz-b-tutisani\/\" \/>\n<meta property=\"og:site_name\" content=\"skatteadvokaterne.dk\" \/>\n<meta property=\"article:modified_time\" content=\"2025-12-24T09:01:38+00:00\" \/>\n<meta property=\"og:image\" content=\"https:\/\/skatteadvokaterne.dk\/wp-content\/uploads\/2025\/01\/image-76-2.png\" \/>\n\t<meta property=\"og:image:width\" content=\"168\" \/>\n\t<meta property=\"og:image:height\" content=\"224\" \/>\n\t<meta property=\"og:image:type\" content=\"image\/png\" \/>\n<meta name=\"twitter:card\" content=\"summary_large_image\" \/>\n<meta name=\"twitter:label1\" content=\"Estimated reading time\" \/>\n\t<meta name=\"twitter:data1\" content=\"1 minute\" \/>\n<script type=\"application\/ld+json\" class=\"yoast-schema-graph\">{\"@context\":\"https:\\\/\\\/schema.org\",\"@graph\":[{\"@type\":\"WebPage\",\"@id\":\"https:\\\/\\\/skatteadvokaterne.dk\\\/advokater\\\/shalva-david-bandholtz-b-tutisani\\\/\",\"url\":\"https:\\\/\\\/skatteadvokaterne.dk\\\/advokater\\\/shalva-david-bandholtz-b-tutisani\\\/\",\"name\":\"Shalva David Bandholtz B. Tutisani - skatteadvokaterne.dk\",\"isPartOf\":{\"@id\":\"https:\\\/\\\/skatteadvokaterne.dk\\\/#website\"},\"primaryImageOfPage\":{\"@id\":\"https:\\\/\\\/skatteadvokaterne.dk\\\/advokater\\\/shalva-david-bandholtz-b-tutisani\\\/#primaryimage\"},\"image\":{\"@id\":\"https:\\\/\\\/skatteadvokaterne.dk\\\/advokater\\\/shalva-david-bandholtz-b-tutisani\\\/#primaryimage\"},\"thumbnailUrl\":\"https:\\\/\\\/skatteadvokaterne.dk\\\/wp-content\\\/uploads\\\/2025\\\/01\\\/image-76-2.png\",\"datePublished\":\"2024-07-23T07:25:44+00:00\",\"dateModified\":\"2025-12-24T09:01:38+00:00\",\"breadcrumb\":{\"@id\":\"https:\\\/\\\/skatteadvokaterne.dk\\\/advokater\\\/shalva-david-bandholtz-b-tutisani\\\/#breadcrumb\"},\"inLanguage\":\"en-GB\",\"potentialAction\":[{\"@type\":\"ReadAction\",\"target\":[\"https:\\\/\\\/skatteadvokaterne.dk\\\/advokater\\\/shalva-david-bandholtz-b-tutisani\\\/\"]}]},{\"@type\":\"ImageObject\",\"inLanguage\":\"en-GB\",\"@id\":\"https:\\\/\\\/skatteadvokaterne.dk\\\/advokater\\\/shalva-david-bandholtz-b-tutisani\\\/#primaryimage\",\"url\":\"https:\\\/\\\/skatteadvokaterne.dk\\\/wp-content\\\/uploads\\\/2025\\\/01\\\/image-76-2.png\",\"contentUrl\":\"https:\\\/\\\/skatteadvokaterne.dk\\\/wp-content\\\/uploads\\\/2025\\\/01\\\/image-76-2.png\"},{\"@type\":\"BreadcrumbList\",\"@id\":\"https:\\\/\\\/skatteadvokaterne.dk\\\/advokater\\\/shalva-david-bandholtz-b-tutisani\\\/#breadcrumb\",\"itemListElement\":[{\"@type\":\"ListItem\",\"position\":1,\"name\":\"Home\",\"item\":\"https:\\\/\\\/skatteadvokaterne.dk\\\/\"},{\"@type\":\"ListItem\",\"position\":2,\"name\":\"Advokater\",\"item\":\"https:\\\/\\\/skatteadvokaterne.dk\\\/advokater\\\/\"},{\"@type\":\"ListItem\",\"position\":3,\"name\":\"Shalva David Bandholtz B. Tutisani\"}]},{\"@type\":\"WebSite\",\"@id\":\"https:\\\/\\\/skatteadvokaterne.dk\\\/#website\",\"url\":\"https:\\\/\\\/skatteadvokaterne.dk\\\/\",\"name\":\"skatteadvokaterne.dk\",\"description\":\"\",\"potentialAction\":[{\"@type\":\"SearchAction\",\"target\":{\"@type\":\"EntryPoint\",\"urlTemplate\":\"https:\\\/\\\/skatteadvokaterne.dk\\\/?s={search_term_string}\"},\"query-input\":{\"@type\":\"PropertyValueSpecification\",\"valueRequired\":true,\"valueName\":\"search_term_string\"}}],\"inLanguage\":\"en-GB\"}]}<\/script>\n<!-- \/ Yoast SEO plugin. -->","yoast_head_json":{"title":"Shalva David Bandholtz B. Tutisani - skatteadvokaterne.dk","robots":{"index":"index","follow":"follow","max-snippet":"max-snippet:-1","max-image-preview":"max-image-preview:large","max-video-preview":"max-video-preview:-1"},"canonical":"https:\/\/skatteadvokaterne.dk\/en\/advokater\/shalva-david-bandholtz-b-tutisani\/","og_locale":"en_GB","og_type":"article","og_title":"Shalva David Bandholtz B. Tutisani - skatteadvokaterne.dk","og_description":"Shalva David Bandholtz B. Tutisani Advokat Telefon (+45) 33 75 00 14 Mobil (+45) 23 73 00 14 E-mail sha@skatteadvokaterne.dk Specialkompetencer og erfaringer Shalva David Bandholtz B. Tutisani f\u00f8rer skatte- og momssager ved Landsskatteretten, skatteanken\u00e6vnene og domstolene. Han har tidligere i en \u00e5rr\u00e6kke v\u00e6ret ansat i Skatteankestyrelsen og har derfor et indg\u00e5ende indblik i skattemyndighedernes [&hellip;]","og_url":"https:\/\/skatteadvokaterne.dk\/en\/advokater\/shalva-david-bandholtz-b-tutisani\/","og_site_name":"skatteadvokaterne.dk","article_modified_time":"2025-12-24T09:01:38+00:00","og_image":[{"width":168,"height":224,"url":"https:\/\/skatteadvokaterne.dk\/wp-content\/uploads\/2025\/01\/image-76-2.png","type":"image\/png"}],"twitter_card":"summary_large_image","twitter_misc":{"Estimated reading time":"1 minute"},"schema":{"@context":"https:\/\/schema.org","@graph":[{"@type":"WebPage","@id":"https:\/\/skatteadvokaterne.dk\/advokater\/shalva-david-bandholtz-b-tutisani\/","url":"https:\/\/skatteadvokaterne.dk\/advokater\/shalva-david-bandholtz-b-tutisani\/","name":"Shalva David Bandholtz B. Tutisani - skatteadvokaterne.dk","isPartOf":{"@id":"https:\/\/skatteadvokaterne.dk\/#website"},"primaryImageOfPage":{"@id":"https:\/\/skatteadvokaterne.dk\/advokater\/shalva-david-bandholtz-b-tutisani\/#primaryimage"},"image":{"@id":"https:\/\/skatteadvokaterne.dk\/advokater\/shalva-david-bandholtz-b-tutisani\/#primaryimage"},"thumbnailUrl":"https:\/\/skatteadvokaterne.dk\/wp-content\/uploads\/2025\/01\/image-76-2.png","datePublished":"2024-07-23T07:25:44+00:00","dateModified":"2025-12-24T09:01:38+00:00","breadcrumb":{"@id":"https:\/\/skatteadvokaterne.dk\/advokater\/shalva-david-bandholtz-b-tutisani\/#breadcrumb"},"inLanguage":"en-GB","potentialAction":[{"@type":"ReadAction","target":["https:\/\/skatteadvokaterne.dk\/advokater\/shalva-david-bandholtz-b-tutisani\/"]}]},{"@type":"ImageObject","inLanguage":"en-GB","@id":"https:\/\/skatteadvokaterne.dk\/advokater\/shalva-david-bandholtz-b-tutisani\/#primaryimage","url":"https:\/\/skatteadvokaterne.dk\/wp-content\/uploads\/2025\/01\/image-76-2.png","contentUrl":"https:\/\/skatteadvokaterne.dk\/wp-content\/uploads\/2025\/01\/image-76-2.png"},{"@type":"BreadcrumbList","@id":"https:\/\/skatteadvokaterne.dk\/advokater\/shalva-david-bandholtz-b-tutisani\/#breadcrumb","itemListElement":[{"@type":"ListItem","position":1,"name":"Home","item":"https:\/\/skatteadvokaterne.dk\/"},{"@type":"ListItem","position":2,"name":"Advokater","item":"https:\/\/skatteadvokaterne.dk\/advokater\/"},{"@type":"ListItem","position":3,"name":"Shalva David Bandholtz B. Tutisani"}]},{"@type":"WebSite","@id":"https:\/\/skatteadvokaterne.dk\/#website","url":"https:\/\/skatteadvokaterne.dk\/","name":"skatteadvokaterne.dk","description":"","potentialAction":[{"@type":"SearchAction","target":{"@type":"EntryPoint","urlTemplate":"https:\/\/skatteadvokaterne.dk\/?s={search_term_string}"},"query-input":{"@type":"PropertyValueSpecification","valueRequired":true,"valueName":"search_term_string"}}],"inLanguage":"en-GB"}]}},"_links":{"self":[{"href":"https:\/\/skatteadvokaterne.dk\/en\/wp-json\/wp\/v2\/pages\/66","targetHints":{"allow":["GET"]}}],"collection":[{"href":"https:\/\/skatteadvokaterne.dk\/en\/wp-json\/wp\/v2\/pages"}],"about":[{"href":"https:\/\/skatteadvokaterne.dk\/en\/wp-json\/wp\/v2\/types\/page"}],"author":[{"embeddable":true,"href":"https:\/\/skatteadvokaterne.dk\/en\/wp-json\/wp\/v2\/users\/1"}],"replies":[{"embeddable":true,"href":"https:\/\/skatteadvokaterne.dk\/en\/wp-json\/wp\/v2\/comments?post=66"}],"version-history":[{"count":43,"href":"https:\/\/skatteadvokaterne.dk\/en\/wp-json\/wp\/v2\/pages\/66\/revisions"}],"predecessor-version":[{"id":1436,"href":"https:\/\/skatteadvokaterne.dk\/en\/wp-json\/wp\/v2\/pages\/66\/revisions\/1436"}],"up":[{"embeddable":true,"href":"https:\/\/skatteadvokaterne.dk\/en\/wp-json\/wp\/v2\/pages\/23"}],"wp:attachment":[{"href":"https:\/\/skatteadvokaterne.dk\/en\/wp-json\/wp\/v2\/media?parent=66"}],"curies":[{"name":"wp","href":"https:\/\/api.w.org\/{rel}","templated":true}]}}