{"id":63,"date":"2024-07-23T07:03:08","date_gmt":"2024-07-23T07:03:08","guid":{"rendered":"https:\/\/skatteadvokaterne.dk\/?page_id=63"},"modified":"2025-10-16T07:09:08","modified_gmt":"2025-10-16T07:09:08","slug":"martin-simonsen","status":"publish","type":"page","link":"https:\/\/skatteadvokaterne.dk\/en\/advokater\/martin-simonsen\/","title":{"rendered":"Martin Simonsen"},"content":{"rendered":"<div data-elementor-type=\"wp-page\" data-elementor-id=\"63\" class=\"elementor elementor-63\" data-elementor-post-type=\"page\">\n\t\t\t\t<div class=\"elementor-element elementor-element-11804584 e-flex e-con-boxed e-con e-parent\" data-id=\"11804584\" data-element_type=\"container\" data-e-type=\"container\" data-settings=\"{&quot;background_background&quot;:&quot;classic&quot;}\">\n\t\t\t\t\t<div class=\"e-con-inner\">\n\t\t\t\t<div class=\"elementor-element elementor-element-b1512bf elementor-widget elementor-widget-heading\" data-id=\"b1512bf\" data-element_type=\"widget\" data-e-type=\"widget\" data-widget_type=\"heading.default\">\n\t\t\t\t<div class=\"elementor-widget-container\">\n\t\t\t\t\t<h1 class=\"elementor-heading-title elementor-size-default\">Martin Simonsen<\/h1>\t\t\t\t<\/div>\n\t\t\t\t<\/div>\n\t\t\t\t\t<\/div>\n\t\t\t\t<\/div>\n\t\t<div class=\"elementor-element elementor-element-4446c36 e-flex e-con-boxed e-con e-parent\" data-id=\"4446c36\" data-element_type=\"container\" data-e-type=\"container\">\n\t\t\t\t\t<div class=\"e-con-inner\">\n\t\t\t\t<div class=\"elementor-element elementor-element-81995e6 elementor-widget elementor-widget-spacer\" data-id=\"81995e6\" data-element_type=\"widget\" data-e-type=\"widget\" data-widget_type=\"spacer.default\">\n\t\t\t\t<div class=\"elementor-widget-container\">\n\t\t\t\t\t\t\t<div class=\"elementor-spacer\">\n\t\t\t<div class=\"elementor-spacer-inner\"><\/div>\n\t\t<\/div>\n\t\t\t\t\t\t<\/div>\n\t\t\t\t<\/div>\n\t\t\t\t\t<\/div>\n\t\t\t\t<\/div>\n\t\t<div class=\"elementor-element elementor-element-c5cf990 e-flex e-con-boxed e-con e-parent\" data-id=\"c5cf990\" data-element_type=\"container\" data-e-type=\"container\" data-settings=\"{&quot;background_background&quot;:&quot;classic&quot;}\">\n\t\t\t\t\t<div class=\"e-con-inner\">\n\t\t<div class=\"elementor-element elementor-element-f53b1db e-con-full e-flex e-con e-child\" data-id=\"f53b1db\" data-element_type=\"container\" data-e-type=\"container\">\n\t\t<div class=\"elementor-element elementor-element-9be05b7 e-con-full e-flex e-con e-child\" data-id=\"9be05b7\" data-element_type=\"container\" data-e-type=\"container\">\n\t\t\t\t<div class=\"elementor-element elementor-element-5da1d66 elementor-widget elementor-widget-image\" data-id=\"5da1d66\" data-element_type=\"widget\" data-e-type=\"widget\" data-widget_type=\"image.default\">\n\t\t\t\t<div class=\"elementor-widget-container\">\n\t\t\t\t\t\t\t\t\t\t\t\t\t\t\t<img decoding=\"async\" width=\"168\" height=\"224\" src=\"https:\/\/skatteadvokaterne.dk\/wp-content\/uploads\/2025\/01\/image-76.png\" class=\"attachment-full size-full wp-image-745\" alt=\"\" srcset=\"https:\/\/skatteadvokaterne.dk\/wp-content\/uploads\/2025\/01\/image-76.png 168w, https:\/\/skatteadvokaterne.dk\/wp-content\/uploads\/2025\/01\/image-76-9x12.png 9w\" sizes=\"(max-width: 168px) 100vw, 168px\" \/>\t\t\t\t\t\t\t\t\t\t\t\t\t\t\t<\/div>\n\t\t\t\t<\/div>\n\t\t\t\t<\/div>\n\t\t<div class=\"elementor-element elementor-element-19b1e76 e-con-full e-flex e-con e-child\" data-id=\"19b1e76\" data-element_type=\"container\" data-e-type=\"container\">\n\t\t\t\t<div class=\"elementor-element elementor-element-e6e99ae elementor-widget elementor-widget-heading\" data-id=\"e6e99ae\" data-element_type=\"widget\" data-e-type=\"widget\" data-widget_type=\"heading.default\">\n\t\t\t\t<div class=\"elementor-widget-container\">\n\t\t\t\t\t<h2 class=\"elementor-heading-title elementor-size-default\">Martin Simonsen<\/h2>\t\t\t\t<\/div>\n\t\t\t\t<\/div>\n\t\t\t\t<div class=\"elementor-element elementor-element-db47e4a elementor-widget elementor-widget-heading\" data-id=\"db47e4a\" data-element_type=\"widget\" data-e-type=\"widget\" data-widget_type=\"heading.default\">\n\t\t\t\t<div class=\"elementor-widget-container\">\n\t\t\t\t\t<span class=\"elementor-heading-title elementor-size-default\">Advokat (H), LL.M.<\/span>\t\t\t\t<\/div>\n\t\t\t\t<\/div>\n\t\t\t\t<div class=\"elementor-element elementor-element-0422d48 elementor-widget-divider--view-line elementor-widget elementor-widget-divider\" data-id=\"0422d48\" data-element_type=\"widget\" data-e-type=\"widget\" data-widget_type=\"divider.default\">\n\t\t\t\t<div class=\"elementor-widget-container\">\n\t\t\t\t\t\t\t<div class=\"elementor-divider\">\n\t\t\t<span class=\"elementor-divider-separator\">\n\t\t\t\t\t\t<\/span>\n\t\t<\/div>\n\t\t\t\t\t\t<\/div>\n\t\t\t\t<\/div>\n\t\t<div class=\"elementor-element elementor-element-9aa7936 e-grid e-con-full e-con e-child\" data-id=\"9aa7936\" data-element_type=\"container\" data-e-type=\"container\">\n\t\t<div class=\"elementor-element elementor-element-dfe3a57 e-con-full e-flex e-con e-child\" data-id=\"dfe3a57\" data-element_type=\"container\" data-e-type=\"container\">\n\t\t\t\t<div class=\"elementor-element elementor-element-6ff9787d elementor-widget elementor-widget-heading\" data-id=\"6ff9787d\" data-element_type=\"widget\" data-e-type=\"widget\" data-widget_type=\"heading.default\">\n\t\t\t\t<div class=\"elementor-widget-container\">\n\t\t\t\t\t<h4 class=\"elementor-heading-title elementor-size-default\">Telefon<\/h4>\t\t\t\t<\/div>\n\t\t\t\t<\/div>\n\t\t\t\t<div class=\"elementor-element elementor-element-48415d3a elementor-icon-list--layout-traditional elementor-list-item-link-full_width elementor-widget elementor-widget-icon-list\" data-id=\"48415d3a\" data-element_type=\"widget\" data-e-type=\"widget\" data-widget_type=\"icon-list.default\">\n\t\t\t\t<div class=\"elementor-widget-container\">\n\t\t\t\t\t\t\t<ul class=\"elementor-icon-list-items\">\n\t\t\t\t\t\t\t<li class=\"elementor-icon-list-item\">\n\t\t\t\t\t\t\t\t\t\t\t<span class=\"elementor-icon-list-icon\">\n\t\t\t\t\t\t\t<svg aria-hidden=\"true\" class=\"e-font-icon-svg e-fas-phone-alt\" viewbox=\"0 0 512 512\" xmlns=\"http:\/\/www.w3.org\/2000\/svg\"><path d=\"M497.39 361.8l-112-48a24 24 0 0 0-28 6.9l-49.6 60.6A370.66 370.66 0 0 1 130.6 204.11l60.6-49.6a23.94 23.94 0 0 0 6.9-28l-48-112A24.16 24.16 0 0 0 122.6.61l-104 24A24 24 0 0 0 0 48c0 256.5 207.9 464 464 464a24 24 0 0 0 23.4-18.6l24-104a24.29 24.29 0 0 0-14.01-27.6z\"><\/path><\/svg>\t\t\t\t\t\t<\/span>\n\t\t\t\t\t\t\t\t\t\t<span class=\"elementor-icon-list-text\">(+45) 33 75 00 11<\/span>\n\t\t\t\t\t\t\t\t\t<\/li>\n\t\t\t\t\t\t<\/ul>\n\t\t\t\t\t\t<\/div>\n\t\t\t\t<\/div>\n\t\t\t\t<\/div>\n\t\t<div class=\"elementor-element elementor-element-5f39cc9 e-con-full e-flex e-con e-child\" data-id=\"5f39cc9\" data-element_type=\"container\" data-e-type=\"container\">\n\t\t\t\t<div class=\"elementor-element elementor-element-6c624cd elementor-widget elementor-widget-heading\" data-id=\"6c624cd\" data-element_type=\"widget\" data-e-type=\"widget\" data-widget_type=\"heading.default\">\n\t\t\t\t<div class=\"elementor-widget-container\">\n\t\t\t\t\t<h4 class=\"elementor-heading-title elementor-size-default\">Mobil<\/h4>\t\t\t\t<\/div>\n\t\t\t\t<\/div>\n\t\t\t\t<div class=\"elementor-element elementor-element-25a6a29 elementor-icon-list--layout-traditional elementor-list-item-link-full_width elementor-widget elementor-widget-icon-list\" data-id=\"25a6a29\" data-element_type=\"widget\" data-e-type=\"widget\" data-widget_type=\"icon-list.default\">\n\t\t\t\t<div class=\"elementor-widget-container\">\n\t\t\t\t\t\t\t<ul class=\"elementor-icon-list-items\">\n\t\t\t\t\t\t\t<li class=\"elementor-icon-list-item\">\n\t\t\t\t\t\t\t\t\t\t\t<span class=\"elementor-icon-list-icon\">\n\t\t\t\t\t\t\t<svg xmlns=\"http:\/\/www.w3.org\/2000\/svg\" width=\"20\" height=\"21\" viewbox=\"0 0 20 21\" fill=\"none\"><g clip-path=\"url(#clip0_951_99)\"><path d=\"M3.82812 17.1016V18.2539C3.82812 19.4924 4.8357 20.5 6.07422 20.5H13.9258C15.1643 20.5 16.1719 19.4924 16.1719 18.2539V17.1016H3.82812ZM9.41406 18.6251C9.41406 18.3015 9.67641 18.0391 10 18.0391C10.3236 18.0391 10.5859 18.3015 10.5859 18.6251V18.7032C10.5859 19.0268 10.3236 19.2891 10 19.2891C9.67641 19.2891 9.41406 19.0268 9.41406 18.7032V18.6251Z\" fill=\"#C01322\"><\/path><path d=\"M16.1721 15.9297V2.74609C16.1721 1.50758 15.1645 0.5 13.926 0.5H6.07446C4.83599 0.5 3.82837 1.50758 3.82837 2.74609V15.9297H16.1721Z\" fill=\"#C01322\"><\/path><\/g><defs><clippath id=\"clip0_951_99\"><rect width=\"20\" height=\"20\" fill=\"white\" transform=\"translate(0 0.5)\"><\/rect><\/clippath><\/defs><\/svg>\t\t\t\t\t\t<\/span>\n\t\t\t\t\t\t\t\t\t\t<span class=\"elementor-icon-list-text\">(+45) 23 73 00 11<\/span>\n\t\t\t\t\t\t\t\t\t<\/li>\n\t\t\t\t\t\t<\/ul>\n\t\t\t\t\t\t<\/div>\n\t\t\t\t<\/div>\n\t\t\t\t<\/div>\n\t\t<div class=\"elementor-element elementor-element-8032d9a e-con-full e-flex e-con e-child\" data-id=\"8032d9a\" data-element_type=\"container\" data-e-type=\"container\">\n\t\t\t\t<div class=\"elementor-element elementor-element-215b4d98 elementor-widget elementor-widget-heading\" data-id=\"215b4d98\" data-element_type=\"widget\" data-e-type=\"widget\" data-widget_type=\"heading.default\">\n\t\t\t\t<div class=\"elementor-widget-container\">\n\t\t\t\t\t<h4 class=\"elementor-heading-title elementor-size-default\">E-mail<\/h4>\t\t\t\t<\/div>\n\t\t\t\t<\/div>\n\t\t\t\t<div class=\"elementor-element elementor-element-17c14990 elementor-icon-list--layout-traditional elementor-list-item-link-full_width elementor-widget elementor-widget-icon-list\" data-id=\"17c14990\" data-element_type=\"widget\" data-e-type=\"widget\" data-widget_type=\"icon-list.default\">\n\t\t\t\t<div class=\"elementor-widget-container\">\n\t\t\t\t\t\t\t<ul class=\"elementor-icon-list-items\">\n\t\t\t\t\t\t\t<li class=\"elementor-icon-list-item\">\n\t\t\t\t\t\t\t\t\t\t\t<span class=\"elementor-icon-list-icon\">\n\t\t\t\t\t\t\t<svg aria-hidden=\"true\" class=\"e-font-icon-svg e-fas-envelope\" viewbox=\"0 0 512 512\" xmlns=\"http:\/\/www.w3.org\/2000\/svg\"><path d=\"M502.3 190.8c3.9-3.1 9.7-.2 9.7 4.7V400c0 26.5-21.5 48-48 48H48c-26.5 0-48-21.5-48-48V195.6c0-5 5.7-7.8 9.7-4.7 22.4 17.4 52.1 39.5 154.1 113.6 21.1 15.4 56.7 47.8 92.2 47.6 35.7.3 72-32.8 92.3-47.6 102-74.1 131.6-96.3 154-113.7zM256 320c23.2.4 56.6-29.2 73.4-41.4 132.7-96.3 142.8-104.7 173.4-128.7 5.8-4.5 9.2-11.5 9.2-18.9v-19c0-26.5-21.5-48-48-48H48C21.5 64 0 85.5 0 112v19c0 7.4 3.4 14.3 9.2 18.9 30.6 23.9 40.7 32.4 173.4 128.7 16.8 12.2 50.2 41.8 73.4 41.4z\"><\/path><\/svg>\t\t\t\t\t\t<\/span>\n\t\t\t\t\t\t\t\t\t\t<span class=\"elementor-icon-list-text\">sim@skatteadvokaterne.dk<\/span>\n\t\t\t\t\t\t\t\t\t<\/li>\n\t\t\t\t\t\t<\/ul>\n\t\t\t\t\t\t<\/div>\n\t\t\t\t<\/div>\n\t\t\t\t<\/div>\n\t\t\t\t<\/div>\n\t\t\t\t<\/div>\n\t\t\t\t<\/div>\n\t\t\t\t\t<\/div>\n\t\t\t\t<\/div>\n\t\t<div class=\"elementor-element elementor-element-3aeb0fd e-flex e-con-boxed e-con e-parent\" data-id=\"3aeb0fd\" data-element_type=\"container\" data-e-type=\"container\">\n\t\t\t\t\t<div class=\"e-con-inner\">\n\t\t<div class=\"elementor-element elementor-element-19e09db e-con-full e-flex e-con e-child\" data-id=\"19e09db\" data-element_type=\"container\" data-e-type=\"container\">\n\t\t\t\t<div class=\"elementor-element elementor-element-6e3ae4b elementor-widget elementor-widget-heading\" data-id=\"6e3ae4b\" data-element_type=\"widget\" data-e-type=\"widget\" data-widget_type=\"heading.default\">\n\t\t\t\t<div class=\"elementor-widget-container\">\n\t\t\t\t\t<h2 class=\"elementor-heading-title elementor-size-default\">Specialkompetencer og erfaringer<\/h2>\t\t\t\t<\/div>\n\t\t\t\t<\/div>\n\t\t\t\t<div class=\"elementor-element elementor-element-65b8cc83 elementor-widget elementor-widget-text-editor\" data-id=\"65b8cc83\" data-element_type=\"widget\" data-e-type=\"widget\" data-widget_type=\"text-editor.default\">\n\t\t\t\t<div class=\"elementor-widget-container\">\n\t\t\t\t\t\t\t\t\t<p>Martin Simonsen har i mange \u00e5r arbejdet indg\u00e5ende med skat, b\u00e5de med skatter\u00e5dgivning og udf\u00f8relse af skattesager for domstole og klageinstanser. <br \/><br \/>I skattesagerne er Martin Simonsen idag udelukkende repr\u00e6sentant for skatteborgere og virksomheder. Fra tidligere besk\u00e6ftigelse har han indg\u00e5ende kendskab til skattesagerne fra myndighedsside og fra domstolsside. Som tidligere mange\u00e5rig advokat hos Kammeradvokaten (statens faste advokat) i det team, der varetager skattemyndighedernes interesser i sager om borgeres og virksomheders skatteforhold, kender han sagerne fra myndighedernes og Skatteministeriets side. B\u00e5de forud herfor og efterf\u00f8lgende har han som advokat p\u00e5 skatteydersiden repr\u00e6senteret talrige skatteborgere og virksomheder i tvister med skattemyndighederne. Han har f\u00f8rt flere hundrede retssager for domstolene. <br \/><br \/>Martin Simonsen er specialiseret i sager om ansvar for overtr\u00e6delse af skattelovgivningen, og har stor erfaring som forsvarer i skattestraffesager. <br \/><br \/>Han er beneficeret forsvarer ved en r\u00e6kke byretter og \u00d8stre Landsret, og udf\u00f8rer udover skattestraffesagerne sager om \u00f8konomisk strafferet og sager om almindelig strafferet. <br \/><br \/>Han er endvidere fast advokat for Advokatn\u00e6vnet i domstolssager om advokaters overtr\u00e6delse af advokatpligterne. <br \/><br \/>Martin Simonsen har tidligere fungeret som landsdommer (kst.) i \u00d8stre Landsret, og har deltaget i afg\u00f8relsen af et meget stort antal retssager, herunder skattesager og straffesager. <br \/><br \/>Sidel\u00f8bende med skatte- og straffesagerne har han arveforhold og boskiftebehandling som arbejdsfelt.<\/p>\t\t\t\t\t\t\t\t<\/div>\n\t\t\t\t<\/div>\n\t\t\t\t<\/div>\n\t\t<div class=\"elementor-element elementor-element-07777b9 e-con-full e-flex e-con e-child\" data-id=\"07777b9\" data-element_type=\"container\" data-e-type=\"container\">\n\t\t\t\t<div class=\"elementor-element elementor-element-7c8215b elementor-widget elementor-widget-heading\" data-id=\"7c8215b\" data-element_type=\"widget\" data-e-type=\"widget\" data-widget_type=\"heading.default\">\n\t\t\t\t<div class=\"elementor-widget-container\">\n\t\t\t\t\t<h2 class=\"elementor-heading-title elementor-size-default\">Curriculum Vitae<\/h2>\t\t\t\t<\/div>\n\t\t\t\t<\/div>\n\t\t\t\t<div class=\"elementor-element elementor-element-a6d615b elementor-widget elementor-widget-text-editor\" data-id=\"a6d615b\" data-element_type=\"widget\" data-e-type=\"widget\" data-widget_type=\"text-editor.default\">\n\t\t\t\t<div class=\"elementor-widget-container\">\n\t\t\t\t\t\t\t\t\t<p><span style=\"color: #c01322;\"><strong>Uddannelse<\/strong><\/span><\/p><p><strong>1991:<\/strong> Cand. Jur., K\u00f8benhavns Universitet <br \/><strong>1994:<\/strong> Advokatbestalling <br \/><strong>1995:<\/strong> Master of Laws (LL.M.), The University of Chicago, USA <br \/><strong>1997:<\/strong> M\u00f8deret for Landsret <br \/><strong>2002:<\/strong> M\u00f8deret for H\u00f8jesteret<\/p><p><span style=\"color: #c01322;\"><strong>Ans\u00e6ttelser og hverv<\/strong><\/span><\/p><p><strong>1991-1992:<\/strong> Justitsministeriet <br \/><strong>1992-1996:<\/strong> Advokatfirmaet Koch-Nielsen &amp; Gr\u00f8nborg <br \/><strong>1996-2002:<\/strong> Kammeradvokaten\/Advokatfirmaet Poul Schmith <br \/><strong>2002-2003:<\/strong> \u00d8stre Landsret (kst. landsdommer) <br \/><strong>2004-2006:<\/strong> Advokatfirmaet Philip &amp; Partnere (skattepartner) <br \/><strong>2004-2008:<\/strong> Advokatmedhj\u00e6lper for anklagemyndigheden (Statsadvokaten for Sj\u00e6lland \/ Statsadvokaten for Nordsj\u00e6lland og K\u00f8benhavns Vestegn samt ad hoc for Statsadvokaten for S\u00e6rlig \u00d8konomisk Kriminalitet) <br \/><strong>2007:<\/strong> Skatteadvokaterne (partner) <br \/><strong>2007:<\/strong> Beneficeret advokat ved Retten p\u00e5 Frederiksberg, Retten i Lyngby, Retten i Glostrup samt \u00d8stre Landsret <br \/><strong>2008:<\/strong> Fast advokat for Advokatn\u00e6vnet <br \/><strong>2012:<\/strong> Autoriseret bobehandler ved Retten i Lyngby <br \/><strong>2012-2014:<\/strong> Udpeget af Justitsministeriet som medlem af Skattesagskommissionen<\/p><p><span style=\"color: #c01322;\"><strong>Andet fagligt<\/strong><\/span><\/p><p><strong>2000:<\/strong> Kapitelforfatter p\u00e5 Skattekartoteket <br \/><strong>2002-2008:<\/strong> Advokatsamfundets informator p\u00e5 Fagligt Nyt indenfor civilproces, voldgift og offentlig ret <br \/><strong>2005-2008:<\/strong> Underviser p\u00e5 RevisorAkademi i skattekurser <br \/><strong>2008:<\/strong> Censor for Advokatsamfundet ved advokatuddannelsens retssagspr\u00f8ve <br \/><strong>2015:<\/strong> Tildelt Sagf\u00f8rernes Auktioners Legat (h\u00e6dersgave, der efter fundatsen uddeles til k\u00f8benhavnske advokater som anerkendelse af modtagerens fortjenester p\u00e5 specielle omr\u00e5der eller i almindelighed)<\/p>\t\t\t\t\t\t\t\t<\/div>\n\t\t\t\t<\/div>\n\t\t\t\t<\/div>\n\t\t\t\t\t<\/div>\n\t\t\t\t<\/div>\n\t\t\t\t<\/div>","protected":false},"excerpt":{"rendered":"<p>Martin Simonsen Advokat (H), LL.M. Telefon (+45) 33 75 00 11 Mobil (+45) 23 73 00 11 E-mail sim@skatteadvokaterne.dk Specialkompetencer og erfaringer Martin Simonsen har i mange \u00e5r arbejdet indg\u00e5ende med skat, b\u00e5de med skatter\u00e5dgivning og udf\u00f8relse af skattesager for domstole og klageinstanser. I skattesagerne er Martin Simonsen idag udelukkende repr\u00e6sentant for skatteborgere og virksomheder. [&hellip;]<\/p>\n","protected":false},"author":1,"featured_media":0,"parent":23,"menu_order":0,"comment_status":"closed","ping_status":"closed","template":"elementor_header_footer","meta":{"_exactmetrics_skip_tracking":false,"_exactmetrics_sitenote_active":false,"_exactmetrics_sitenote_note":"","_exactmetrics_sitenote_category":0,"footnotes":""},"class_list":["post-63","page","type-page","status-publish","hentry"],"yoast_head":"<!-- This site is optimized with the Yoast SEO plugin v27.3 - https:\/\/yoast.com\/product\/yoast-seo-wordpress\/ -->\n<title>Martin Simonsen - skatteadvokaterne.dk<\/title>\n<meta name=\"robots\" content=\"index, follow, max-snippet:-1, max-image-preview:large, max-video-preview:-1\" \/>\n<link rel=\"canonical\" href=\"https:\/\/skatteadvokaterne.dk\/en\/advokater\/martin-simonsen\/\" \/>\n<meta property=\"og:locale\" content=\"en_GB\" \/>\n<meta property=\"og:type\" content=\"article\" \/>\n<meta property=\"og:title\" content=\"Martin Simonsen - skatteadvokaterne.dk\" \/>\n<meta property=\"og:description\" content=\"Martin Simonsen Advokat (H), LL.M. Telefon (+45) 33 75 00 11 Mobil (+45) 23 73 00 11 E-mail sim@skatteadvokaterne.dk Specialkompetencer og erfaringer Martin Simonsen har i mange \u00e5r arbejdet indg\u00e5ende med skat, b\u00e5de med skatter\u00e5dgivning og udf\u00f8relse af skattesager for domstole og klageinstanser. I skattesagerne er Martin Simonsen idag udelukkende repr\u00e6sentant for skatteborgere og virksomheder. [&hellip;]\" \/>\n<meta property=\"og:url\" content=\"https:\/\/skatteadvokaterne.dk\/en\/advokater\/martin-simonsen\/\" \/>\n<meta property=\"og:site_name\" content=\"skatteadvokaterne.dk\" \/>\n<meta property=\"article:modified_time\" content=\"2025-10-16T07:09:08+00:00\" \/>\n<meta property=\"og:image\" content=\"https:\/\/skatteadvokaterne.dk\/wp-content\/uploads\/2025\/01\/image-76.png\" \/>\n\t<meta property=\"og:image:width\" content=\"168\" \/>\n\t<meta property=\"og:image:height\" content=\"224\" \/>\n\t<meta property=\"og:image:type\" content=\"image\/png\" \/>\n<meta name=\"twitter:card\" content=\"summary_large_image\" \/>\n<meta name=\"twitter:label1\" content=\"Estimated reading time\" \/>\n\t<meta name=\"twitter:data1\" content=\"2 minutes\" \/>\n<script type=\"application\/ld+json\" class=\"yoast-schema-graph\">{\"@context\":\"https:\\\/\\\/schema.org\",\"@graph\":[{\"@type\":\"WebPage\",\"@id\":\"https:\\\/\\\/skatteadvokaterne.dk\\\/advokater\\\/martin-simonsen\\\/\",\"url\":\"https:\\\/\\\/skatteadvokaterne.dk\\\/advokater\\\/martin-simonsen\\\/\",\"name\":\"Martin Simonsen - skatteadvokaterne.dk\",\"isPartOf\":{\"@id\":\"https:\\\/\\\/skatteadvokaterne.dk\\\/#website\"},\"primaryImageOfPage\":{\"@id\":\"https:\\\/\\\/skatteadvokaterne.dk\\\/advokater\\\/martin-simonsen\\\/#primaryimage\"},\"image\":{\"@id\":\"https:\\\/\\\/skatteadvokaterne.dk\\\/advokater\\\/martin-simonsen\\\/#primaryimage\"},\"thumbnailUrl\":\"https:\\\/\\\/skatteadvokaterne.dk\\\/wp-content\\\/uploads\\\/2025\\\/01\\\/image-76.png\",\"datePublished\":\"2024-07-23T07:03:08+00:00\",\"dateModified\":\"2025-10-16T07:09:08+00:00\",\"breadcrumb\":{\"@id\":\"https:\\\/\\\/skatteadvokaterne.dk\\\/advokater\\\/martin-simonsen\\\/#breadcrumb\"},\"inLanguage\":\"en-GB\",\"potentialAction\":[{\"@type\":\"ReadAction\",\"target\":[\"https:\\\/\\\/skatteadvokaterne.dk\\\/advokater\\\/martin-simonsen\\\/\"]}]},{\"@type\":\"ImageObject\",\"inLanguage\":\"en-GB\",\"@id\":\"https:\\\/\\\/skatteadvokaterne.dk\\\/advokater\\\/martin-simonsen\\\/#primaryimage\",\"url\":\"https:\\\/\\\/skatteadvokaterne.dk\\\/wp-content\\\/uploads\\\/2025\\\/01\\\/image-76.png\",\"contentUrl\":\"https:\\\/\\\/skatteadvokaterne.dk\\\/wp-content\\\/uploads\\\/2025\\\/01\\\/image-76.png\"},{\"@type\":\"BreadcrumbList\",\"@id\":\"https:\\\/\\\/skatteadvokaterne.dk\\\/advokater\\\/martin-simonsen\\\/#breadcrumb\",\"itemListElement\":[{\"@type\":\"ListItem\",\"position\":1,\"name\":\"Home\",\"item\":\"https:\\\/\\\/skatteadvokaterne.dk\\\/\"},{\"@type\":\"ListItem\",\"position\":2,\"name\":\"Advokater\",\"item\":\"https:\\\/\\\/skatteadvokaterne.dk\\\/advokater\\\/\"},{\"@type\":\"ListItem\",\"position\":3,\"name\":\"Martin Simonsen\"}]},{\"@type\":\"WebSite\",\"@id\":\"https:\\\/\\\/skatteadvokaterne.dk\\\/#website\",\"url\":\"https:\\\/\\\/skatteadvokaterne.dk\\\/\",\"name\":\"skatteadvokaterne.dk\",\"description\":\"\",\"potentialAction\":[{\"@type\":\"SearchAction\",\"target\":{\"@type\":\"EntryPoint\",\"urlTemplate\":\"https:\\\/\\\/skatteadvokaterne.dk\\\/?s={search_term_string}\"},\"query-input\":{\"@type\":\"PropertyValueSpecification\",\"valueRequired\":true,\"valueName\":\"search_term_string\"}}],\"inLanguage\":\"en-GB\"}]}<\/script>\n<!-- \/ Yoast SEO plugin. -->","yoast_head_json":{"title":"Martin Simonsen - skatteadvokaterne.dk","robots":{"index":"index","follow":"follow","max-snippet":"max-snippet:-1","max-image-preview":"max-image-preview:large","max-video-preview":"max-video-preview:-1"},"canonical":"https:\/\/skatteadvokaterne.dk\/en\/advokater\/martin-simonsen\/","og_locale":"en_GB","og_type":"article","og_title":"Martin Simonsen - skatteadvokaterne.dk","og_description":"Martin Simonsen Advokat (H), LL.M. Telefon (+45) 33 75 00 11 Mobil (+45) 23 73 00 11 E-mail sim@skatteadvokaterne.dk Specialkompetencer og erfaringer Martin Simonsen har i mange \u00e5r arbejdet indg\u00e5ende med skat, b\u00e5de med skatter\u00e5dgivning og udf\u00f8relse af skattesager for domstole og klageinstanser. I skattesagerne er Martin Simonsen idag udelukkende repr\u00e6sentant for skatteborgere og virksomheder. [&hellip;]","og_url":"https:\/\/skatteadvokaterne.dk\/en\/advokater\/martin-simonsen\/","og_site_name":"skatteadvokaterne.dk","article_modified_time":"2025-10-16T07:09:08+00:00","og_image":[{"width":168,"height":224,"url":"https:\/\/skatteadvokaterne.dk\/wp-content\/uploads\/2025\/01\/image-76.png","type":"image\/png"}],"twitter_card":"summary_large_image","twitter_misc":{"Estimated reading time":"2 minutes"},"schema":{"@context":"https:\/\/schema.org","@graph":[{"@type":"WebPage","@id":"https:\/\/skatteadvokaterne.dk\/advokater\/martin-simonsen\/","url":"https:\/\/skatteadvokaterne.dk\/advokater\/martin-simonsen\/","name":"Martin Simonsen - skatteadvokaterne.dk","isPartOf":{"@id":"https:\/\/skatteadvokaterne.dk\/#website"},"primaryImageOfPage":{"@id":"https:\/\/skatteadvokaterne.dk\/advokater\/martin-simonsen\/#primaryimage"},"image":{"@id":"https:\/\/skatteadvokaterne.dk\/advokater\/martin-simonsen\/#primaryimage"},"thumbnailUrl":"https:\/\/skatteadvokaterne.dk\/wp-content\/uploads\/2025\/01\/image-76.png","datePublished":"2024-07-23T07:03:08+00:00","dateModified":"2025-10-16T07:09:08+00:00","breadcrumb":{"@id":"https:\/\/skatteadvokaterne.dk\/advokater\/martin-simonsen\/#breadcrumb"},"inLanguage":"en-GB","potentialAction":[{"@type":"ReadAction","target":["https:\/\/skatteadvokaterne.dk\/advokater\/martin-simonsen\/"]}]},{"@type":"ImageObject","inLanguage":"en-GB","@id":"https:\/\/skatteadvokaterne.dk\/advokater\/martin-simonsen\/#primaryimage","url":"https:\/\/skatteadvokaterne.dk\/wp-content\/uploads\/2025\/01\/image-76.png","contentUrl":"https:\/\/skatteadvokaterne.dk\/wp-content\/uploads\/2025\/01\/image-76.png"},{"@type":"BreadcrumbList","@id":"https:\/\/skatteadvokaterne.dk\/advokater\/martin-simonsen\/#breadcrumb","itemListElement":[{"@type":"ListItem","position":1,"name":"Home","item":"https:\/\/skatteadvokaterne.dk\/"},{"@type":"ListItem","position":2,"name":"Advokater","item":"https:\/\/skatteadvokaterne.dk\/advokater\/"},{"@type":"ListItem","position":3,"name":"Martin Simonsen"}]},{"@type":"WebSite","@id":"https:\/\/skatteadvokaterne.dk\/#website","url":"https:\/\/skatteadvokaterne.dk\/","name":"skatteadvokaterne.dk","description":"","potentialAction":[{"@type":"SearchAction","target":{"@type":"EntryPoint","urlTemplate":"https:\/\/skatteadvokaterne.dk\/?s={search_term_string}"},"query-input":{"@type":"PropertyValueSpecification","valueRequired":true,"valueName":"search_term_string"}}],"inLanguage":"en-GB"}]}},"_links":{"self":[{"href":"https:\/\/skatteadvokaterne.dk\/en\/wp-json\/wp\/v2\/pages\/63","targetHints":{"allow":["GET"]}}],"collection":[{"href":"https:\/\/skatteadvokaterne.dk\/en\/wp-json\/wp\/v2\/pages"}],"about":[{"href":"https:\/\/skatteadvokaterne.dk\/en\/wp-json\/wp\/v2\/types\/page"}],"author":[{"embeddable":true,"href":"https:\/\/skatteadvokaterne.dk\/en\/wp-json\/wp\/v2\/users\/1"}],"replies":[{"embeddable":true,"href":"https:\/\/skatteadvokaterne.dk\/en\/wp-json\/wp\/v2\/comments?post=63"}],"version-history":[{"count":37,"href":"https:\/\/skatteadvokaterne.dk\/en\/wp-json\/wp\/v2\/pages\/63\/revisions"}],"predecessor-version":[{"id":1391,"href":"https:\/\/skatteadvokaterne.dk\/en\/wp-json\/wp\/v2\/pages\/63\/revisions\/1391"}],"up":[{"embeddable":true,"href":"https:\/\/skatteadvokaterne.dk\/en\/wp-json\/wp\/v2\/pages\/23"}],"wp:attachment":[{"href":"https:\/\/skatteadvokaterne.dk\/en\/wp-json\/wp\/v2\/media?parent=63"}],"curies":[{"name":"wp","href":"https:\/\/api.w.org\/{rel}","templated":true}]}}