{"id":61,"date":"2024-07-23T07:01:58","date_gmt":"2024-07-23T07:01:58","guid":{"rendered":"https:\/\/skatteadvokaterne.dk\/?page_id=61"},"modified":"2025-01-09T08:22:08","modified_gmt":"2025-01-09T08:22:08","slug":"straffesager-og-skat","status":"publish","type":"page","link":"https:\/\/skatteadvokaterne.dk\/en\/arbejdsomrader\/straffesager-og-skat\/","title":{"rendered":"Straffesager og skat"},"content":{"rendered":"<div data-elementor-type=\"wp-page\" data-elementor-id=\"61\" class=\"elementor elementor-61\" data-elementor-post-type=\"page\">\n\t\t\t\t<div class=\"elementor-element elementor-element-5805322f e-flex e-con-boxed e-con e-parent\" data-id=\"5805322f\" data-element_type=\"container\" data-e-type=\"container\" data-settings=\"{&quot;background_background&quot;:&quot;classic&quot;}\">\n\t\t\t\t\t<div class=\"e-con-inner\">\n\t\t\t\t<div class=\"elementor-element elementor-element-2061e3bd elementor-widget elementor-widget-heading\" data-id=\"2061e3bd\" data-element_type=\"widget\" data-e-type=\"widget\" data-widget_type=\"heading.default\">\n\t\t\t\t<div class=\"elementor-widget-container\">\n\t\t\t\t\t<h1 class=\"elementor-heading-title elementor-size-default\">Straffesager og skat<\/h1>\t\t\t\t<\/div>\n\t\t\t\t<\/div>\n\t\t\t\t\t<\/div>\n\t\t\t\t<\/div>\n\t\t<div class=\"elementor-element elementor-element-387c1d5c e-flex e-con-boxed e-con e-parent\" data-id=\"387c1d5c\" data-element_type=\"container\" data-e-type=\"container\">\n\t\t\t\t\t<div class=\"e-con-inner\">\n\t\t<div class=\"elementor-element elementor-element-5fbd542a e-con-full e-flex e-con e-child\" data-id=\"5fbd542a\" data-element_type=\"container\" data-e-type=\"container\">\n\t\t\t\t<div class=\"elementor-element elementor-element-3f3020d8 elementor-widget elementor-widget-image\" data-id=\"3f3020d8\" data-element_type=\"widget\" data-e-type=\"widget\" data-widget_type=\"image.default\">\n\t\t\t\t<div class=\"elementor-widget-container\">\n\t\t\t\t\t\t\t\t\t\t\t\t\t\t\t<img decoding=\"async\" width=\"68\" height=\"68\" src=\"https:\/\/skatteadvokaterne.dk\/wp-content\/uploads\/2024\/07\/Group-5.png\" class=\"attachment-full size-full wp-image-174\" alt=\"\" srcset=\"https:\/\/skatteadvokaterne.dk\/wp-content\/uploads\/2024\/07\/Group-5.png 68w, https:\/\/skatteadvokaterne.dk\/wp-content\/uploads\/2024\/07\/Group-5-12x12.png 12w\" sizes=\"(max-width: 68px) 100vw, 68px\" \/>\t\t\t\t\t\t\t\t\t\t\t\t\t\t\t<\/div>\n\t\t\t\t<\/div>\n\t\t\t\t<div class=\"elementor-element elementor-element-49aa8c5a elementor-widget elementor-widget-heading\" data-id=\"49aa8c5a\" data-element_type=\"widget\" data-e-type=\"widget\" data-widget_type=\"heading.default\">\n\t\t\t\t<div class=\"elementor-widget-container\">\n\t\t\t\t\t<h2 class=\"elementor-heading-title elementor-size-default\">Straffesager og skat<\/h2>\t\t\t\t<\/div>\n\t\t\t\t<\/div>\n\t\t\t\t<\/div>\n\t\t\t\t<div class=\"elementor-element elementor-element-4c7e5c1 elementor-widget elementor-widget-text-editor\" data-id=\"4c7e5c1\" data-element_type=\"widget\" data-e-type=\"widget\" data-widget_type=\"text-editor.default\">\n\t\t\t\t<div class=\"elementor-widget-container\">\n\t\t\t\t\t\t\t\t\t<p>Vi bist\u00e5r skatteydere, der er sigtet for overtr\u00e6delse af skattelovgivningen. Vi bist\u00e5r s\u00e5ledes b\u00e5de skatteydere, n\u00e5r Skattestyrelsen rejser ansvarssag i Skattestyrelsens regi og n\u00e5r anklagemyndigheden rejser tiltale for skattesvig ved domstolene. <br \/><br \/>N\u00e5r Skattestyrelsen mener, at der er konkret mistanke om et strafbart forhold og har indledt en unders\u00f8gelse, der kan ende med straf, har skatteyderen krav p\u00e5 retsbeskyttelse. Det omfatter bl.a. retten til forsvarerbistand. Vi udf\u00f8rer forsvareropgaven og sikrer overholdelse af den sigtedes rettigheder samt sikrer unders\u00f8gelse af alle aspekter i sagen. <br \/><br \/>Vi deltager i ansvarsforhandling med Skattestyrelsen og repr\u00e6senterer skatteyderen hvis straffesagen indbringes for domstolene. Vi arbejder aktivt for at f\u00e5 sagen afgjort s\u00e5 fordelagtigt for skatteyderen som muligt. <br \/><br \/>Skatteadvokaterne bist\u00e5r skatteydere under skattestraffesagers behandling i skattecentrene overalt i landet, og f\u00f8rer skattestraffesager for byretterne over hele landet samt for landets h\u00f8jere domstole.<\/p>\t\t\t\t\t\t\t\t<\/div>\n\t\t\t\t<\/div>\n\t\t\t\t\t<\/div>\n\t\t\t\t<\/div>\n\t\t<div class=\"elementor-element elementor-element-363a1ca8 e-flex e-con-boxed e-con e-parent\" data-id=\"363a1ca8\" data-element_type=\"container\" data-e-type=\"container\">\n\t\t\t\t\t<div class=\"e-con-inner\">\n\t\t<div class=\"elementor-element elementor-element-e0e5c7a e-con-full e-flex e-con e-child\" data-id=\"e0e5c7a\" data-element_type=\"container\" data-e-type=\"container\" data-settings=\"{&quot;background_background&quot;:&quot;classic&quot;}\">\n\t\t<div class=\"elementor-element elementor-element-7c10855 e-con-full e-flex e-con e-child\" data-id=\"7c10855\" data-element_type=\"container\" data-e-type=\"container\">\n\t\t\t\t<div class=\"elementor-element elementor-element-830a7c8 elementor-widget elementor-widget-image\" data-id=\"830a7c8\" data-element_type=\"widget\" data-e-type=\"widget\" data-widget_type=\"image.default\">\n\t\t\t\t<div class=\"elementor-widget-container\">\n\t\t\t\t\t\t\t\t\t\t\t\t\t\t\t<img fetchpriority=\"high\" decoding=\"async\" width=\"253\" height=\"278\" src=\"https:\/\/skatteadvokaterne.dk\/wp-content\/uploads\/2025\/01\/image-78.png\" class=\"attachment-full size-full wp-image-729\" alt=\"\" srcset=\"https:\/\/skatteadvokaterne.dk\/wp-content\/uploads\/2025\/01\/image-78.png 253w, https:\/\/skatteadvokaterne.dk\/wp-content\/uploads\/2025\/01\/image-78-11x12.png 11w\" sizes=\"(max-width: 253px) 100vw, 253px\" \/>\t\t\t\t\t\t\t\t\t\t\t\t\t\t\t<\/div>\n\t\t\t\t<\/div>\n\t\t\t\t<\/div>\n\t\t<div class=\"elementor-element elementor-element-6ca4faa e-con-full e-flex e-con e-child\" data-id=\"6ca4faa\" data-element_type=\"container\" data-e-type=\"container\">\n\t\t\t\t<div class=\"elementor-element elementor-element-35bba840 elementor-widget elementor-widget-heading\" data-id=\"35bba840\" data-element_type=\"widget\" data-e-type=\"widget\" data-widget_type=\"heading.default\">\n\t\t\t\t<div class=\"elementor-widget-container\">\n\t\t\t\t\t<span class=\"elementor-heading-title elementor-size-default\">Selvanmeldelse<\/span>\t\t\t\t<\/div>\n\t\t\t\t<\/div>\n\t\t\t\t<div class=\"elementor-element elementor-element-1e2ba058 elementor-widget elementor-widget-text-editor\" data-id=\"1e2ba058\" data-element_type=\"widget\" data-e-type=\"widget\" data-widget_type=\"text-editor.default\">\n\t\t\t\t<div class=\"elementor-widget-container\">\n\t\t\t\t\t\t\t\t\t<p>Har man undladt at selvangive indt\u00e6gter, f.eks. renteindt\u00e6gter fra bankkonti i udlandet eller andre indkomster, der skulle have v\u00e6ret selvangivet i Danmark, kan man straffes. Straffen kan imidlertid reduceres eller helt bortfalde, hvis man af egen fri vilje melder den manglende selvangivelse til Skattestyrelsen.\u00a0<\/p><p>Vi bist\u00e5r skatteydere med at foretage selvanmeldelse af indt\u00e6gter, der skulle have v\u00e6ret selvangivet i Danmark. Skatteadvokaterne bist\u00e5r i den sammenh\u00e6ng med at den udenlandske indt\u00e6gt opg\u00f8res korrekt og at beskatningen sker i overensstemmelse med de indg\u00e5ede dobbeltbeskatningsoverenskomster. Videre bist\u00e5r Skatteadvokaterne til, at der \u2013 s\u00e5fremt der skal id\u00f8mmes en straf \u2013 id\u00f8mmes den lavest mulige straf.<\/p>\t\t\t\t\t\t\t\t<\/div>\n\t\t\t\t<\/div>\n\t\t\t\t<\/div>\n\t\t\t\t<\/div>\n\t\t\t\t<div class=\"elementor-element elementor-element-e18827f elementor-widget elementor-widget-spacer\" data-id=\"e18827f\" data-element_type=\"widget\" data-e-type=\"widget\" data-widget_type=\"spacer.default\">\n\t\t\t\t<div class=\"elementor-widget-container\">\n\t\t\t\t\t\t\t<div class=\"elementor-spacer\">\n\t\t\t<div class=\"elementor-spacer-inner\"><\/div>\n\t\t<\/div>\n\t\t\t\t\t\t<\/div>\n\t\t\t\t<\/div>\n\t\t\t\t\t<\/div>\n\t\t\t\t<\/div>\n\t\t\t\t<\/div>","protected":false},"excerpt":{"rendered":"<p>Straffesager og skat Vi bist\u00e5r skatteydere, der er sigtet for overtr\u00e6delse af skattelovgivningen. Vi bist\u00e5r s\u00e5ledes b\u00e5de skatteydere, n\u00e5r Skattestyrelsen rejser ansvarssag i Skattestyrelsens regi og n\u00e5r anklagemyndigheden rejser tiltale for skattesvig ved domstolene. N\u00e5r Skattestyrelsen mener, at der er konkret mistanke om et strafbart forhold og har indledt en unders\u00f8gelse, der kan ende med [&hellip;]<\/p>\n","protected":false},"author":1,"featured_media":0,"parent":21,"menu_order":0,"comment_status":"closed","ping_status":"closed","template":"elementor_header_footer","meta":{"_exactmetrics_skip_tracking":false,"_exactmetrics_sitenote_active":false,"_exactmetrics_sitenote_note":"","_exactmetrics_sitenote_category":0,"footnotes":""},"class_list":["post-61","page","type-page","status-publish","hentry"],"yoast_head":"<!-- This site is optimized with the Yoast SEO plugin v27.3 - https:\/\/yoast.com\/product\/yoast-seo-wordpress\/ -->\n<title>Straffesager og skat - skatteadvokaterne.dk<\/title>\n<meta name=\"robots\" content=\"index, follow, max-snippet:-1, max-image-preview:large, max-video-preview:-1\" \/>\n<link rel=\"canonical\" href=\"https:\/\/skatteadvokaterne.dk\/en\/arbejdsomrader\/straffesager-og-skat\/\" \/>\n<meta property=\"og:locale\" content=\"en_GB\" \/>\n<meta property=\"og:type\" content=\"article\" \/>\n<meta property=\"og:title\" content=\"Straffesager og skat - skatteadvokaterne.dk\" \/>\n<meta property=\"og:description\" content=\"Straffesager og skat Vi bist\u00e5r skatteydere, der er sigtet for overtr\u00e6delse af skattelovgivningen. Vi bist\u00e5r s\u00e5ledes b\u00e5de skatteydere, n\u00e5r Skattestyrelsen rejser ansvarssag i Skattestyrelsens regi og n\u00e5r anklagemyndigheden rejser tiltale for skattesvig ved domstolene. N\u00e5r Skattestyrelsen mener, at der er konkret mistanke om et strafbart forhold og har indledt en unders\u00f8gelse, der kan ende med [&hellip;]\" \/>\n<meta property=\"og:url\" content=\"https:\/\/skatteadvokaterne.dk\/en\/arbejdsomrader\/straffesager-og-skat\/\" \/>\n<meta property=\"og:site_name\" content=\"skatteadvokaterne.dk\" \/>\n<meta property=\"article:modified_time\" content=\"2025-01-09T08:22:08+00:00\" \/>\n<meta property=\"og:image\" content=\"https:\/\/skatteadvokaterne.dk\/wp-content\/uploads\/2024\/07\/Group-5.png\" \/>\n\t<meta property=\"og:image:width\" content=\"68\" \/>\n\t<meta property=\"og:image:height\" content=\"68\" \/>\n\t<meta property=\"og:image:type\" content=\"image\/png\" \/>\n<meta name=\"twitter:card\" content=\"summary_large_image\" \/>\n<meta name=\"twitter:label1\" content=\"Estimated reading time\" \/>\n\t<meta name=\"twitter:data1\" content=\"2 minutes\" \/>\n<script type=\"application\/ld+json\" class=\"yoast-schema-graph\">{\"@context\":\"https:\\\/\\\/schema.org\",\"@graph\":[{\"@type\":\"WebPage\",\"@id\":\"https:\\\/\\\/skatteadvokaterne.dk\\\/arbejdsomrader\\\/straffesager-og-skat\\\/\",\"url\":\"https:\\\/\\\/skatteadvokaterne.dk\\\/arbejdsomrader\\\/straffesager-og-skat\\\/\",\"name\":\"Straffesager og skat - skatteadvokaterne.dk\",\"isPartOf\":{\"@id\":\"https:\\\/\\\/skatteadvokaterne.dk\\\/#website\"},\"primaryImageOfPage\":{\"@id\":\"https:\\\/\\\/skatteadvokaterne.dk\\\/arbejdsomrader\\\/straffesager-og-skat\\\/#primaryimage\"},\"image\":{\"@id\":\"https:\\\/\\\/skatteadvokaterne.dk\\\/arbejdsomrader\\\/straffesager-og-skat\\\/#primaryimage\"},\"thumbnailUrl\":\"https:\\\/\\\/skatteadvokaterne.dk\\\/wp-content\\\/uploads\\\/2024\\\/07\\\/Group-5.png\",\"datePublished\":\"2024-07-23T07:01:58+00:00\",\"dateModified\":\"2025-01-09T08:22:08+00:00\",\"breadcrumb\":{\"@id\":\"https:\\\/\\\/skatteadvokaterne.dk\\\/arbejdsomrader\\\/straffesager-og-skat\\\/#breadcrumb\"},\"inLanguage\":\"en-GB\",\"potentialAction\":[{\"@type\":\"ReadAction\",\"target\":[\"https:\\\/\\\/skatteadvokaterne.dk\\\/arbejdsomrader\\\/straffesager-og-skat\\\/\"]}]},{\"@type\":\"ImageObject\",\"inLanguage\":\"en-GB\",\"@id\":\"https:\\\/\\\/skatteadvokaterne.dk\\\/arbejdsomrader\\\/straffesager-og-skat\\\/#primaryimage\",\"url\":\"https:\\\/\\\/skatteadvokaterne.dk\\\/wp-content\\\/uploads\\\/2024\\\/07\\\/Group-5.png\",\"contentUrl\":\"https:\\\/\\\/skatteadvokaterne.dk\\\/wp-content\\\/uploads\\\/2024\\\/07\\\/Group-5.png\"},{\"@type\":\"BreadcrumbList\",\"@id\":\"https:\\\/\\\/skatteadvokaterne.dk\\\/arbejdsomrader\\\/straffesager-og-skat\\\/#breadcrumb\",\"itemListElement\":[{\"@type\":\"ListItem\",\"position\":1,\"name\":\"Home\",\"item\":\"https:\\\/\\\/skatteadvokaterne.dk\\\/\"},{\"@type\":\"ListItem\",\"position\":2,\"name\":\"Arbejdsomr\u00e5der\",\"item\":\"https:\\\/\\\/skatteadvokaterne.dk\\\/arbejdsomrader\\\/\"},{\"@type\":\"ListItem\",\"position\":3,\"name\":\"Straffesager og skat\"}]},{\"@type\":\"WebSite\",\"@id\":\"https:\\\/\\\/skatteadvokaterne.dk\\\/#website\",\"url\":\"https:\\\/\\\/skatteadvokaterne.dk\\\/\",\"name\":\"skatteadvokaterne.dk\",\"description\":\"\",\"potentialAction\":[{\"@type\":\"SearchAction\",\"target\":{\"@type\":\"EntryPoint\",\"urlTemplate\":\"https:\\\/\\\/skatteadvokaterne.dk\\\/?s={search_term_string}\"},\"query-input\":{\"@type\":\"PropertyValueSpecification\",\"valueRequired\":true,\"valueName\":\"search_term_string\"}}],\"inLanguage\":\"en-GB\"}]}<\/script>\n<!-- \/ Yoast SEO plugin. -->","yoast_head_json":{"title":"Straffesager og skat - skatteadvokaterne.dk","robots":{"index":"index","follow":"follow","max-snippet":"max-snippet:-1","max-image-preview":"max-image-preview:large","max-video-preview":"max-video-preview:-1"},"canonical":"https:\/\/skatteadvokaterne.dk\/en\/arbejdsomrader\/straffesager-og-skat\/","og_locale":"en_GB","og_type":"article","og_title":"Straffesager og skat - skatteadvokaterne.dk","og_description":"Straffesager og skat Vi bist\u00e5r skatteydere, der er sigtet for overtr\u00e6delse af skattelovgivningen. Vi bist\u00e5r s\u00e5ledes b\u00e5de skatteydere, n\u00e5r Skattestyrelsen rejser ansvarssag i Skattestyrelsens regi og n\u00e5r anklagemyndigheden rejser tiltale for skattesvig ved domstolene. N\u00e5r Skattestyrelsen mener, at der er konkret mistanke om et strafbart forhold og har indledt en unders\u00f8gelse, der kan ende med [&hellip;]","og_url":"https:\/\/skatteadvokaterne.dk\/en\/arbejdsomrader\/straffesager-og-skat\/","og_site_name":"skatteadvokaterne.dk","article_modified_time":"2025-01-09T08:22:08+00:00","og_image":[{"width":68,"height":68,"url":"https:\/\/skatteadvokaterne.dk\/wp-content\/uploads\/2024\/07\/Group-5.png","type":"image\/png"}],"twitter_card":"summary_large_image","twitter_misc":{"Estimated reading time":"2 minutes"},"schema":{"@context":"https:\/\/schema.org","@graph":[{"@type":"WebPage","@id":"https:\/\/skatteadvokaterne.dk\/arbejdsomrader\/straffesager-og-skat\/","url":"https:\/\/skatteadvokaterne.dk\/arbejdsomrader\/straffesager-og-skat\/","name":"Straffesager og skat - skatteadvokaterne.dk","isPartOf":{"@id":"https:\/\/skatteadvokaterne.dk\/#website"},"primaryImageOfPage":{"@id":"https:\/\/skatteadvokaterne.dk\/arbejdsomrader\/straffesager-og-skat\/#primaryimage"},"image":{"@id":"https:\/\/skatteadvokaterne.dk\/arbejdsomrader\/straffesager-og-skat\/#primaryimage"},"thumbnailUrl":"https:\/\/skatteadvokaterne.dk\/wp-content\/uploads\/2024\/07\/Group-5.png","datePublished":"2024-07-23T07:01:58+00:00","dateModified":"2025-01-09T08:22:08+00:00","breadcrumb":{"@id":"https:\/\/skatteadvokaterne.dk\/arbejdsomrader\/straffesager-og-skat\/#breadcrumb"},"inLanguage":"en-GB","potentialAction":[{"@type":"ReadAction","target":["https:\/\/skatteadvokaterne.dk\/arbejdsomrader\/straffesager-og-skat\/"]}]},{"@type":"ImageObject","inLanguage":"en-GB","@id":"https:\/\/skatteadvokaterne.dk\/arbejdsomrader\/straffesager-og-skat\/#primaryimage","url":"https:\/\/skatteadvokaterne.dk\/wp-content\/uploads\/2024\/07\/Group-5.png","contentUrl":"https:\/\/skatteadvokaterne.dk\/wp-content\/uploads\/2024\/07\/Group-5.png"},{"@type":"BreadcrumbList","@id":"https:\/\/skatteadvokaterne.dk\/arbejdsomrader\/straffesager-og-skat\/#breadcrumb","itemListElement":[{"@type":"ListItem","position":1,"name":"Home","item":"https:\/\/skatteadvokaterne.dk\/"},{"@type":"ListItem","position":2,"name":"Arbejdsomr\u00e5der","item":"https:\/\/skatteadvokaterne.dk\/arbejdsomrader\/"},{"@type":"ListItem","position":3,"name":"Straffesager og skat"}]},{"@type":"WebSite","@id":"https:\/\/skatteadvokaterne.dk\/#website","url":"https:\/\/skatteadvokaterne.dk\/","name":"skatteadvokaterne.dk","description":"","potentialAction":[{"@type":"SearchAction","target":{"@type":"EntryPoint","urlTemplate":"https:\/\/skatteadvokaterne.dk\/?s={search_term_string}"},"query-input":{"@type":"PropertyValueSpecification","valueRequired":true,"valueName":"search_term_string"}}],"inLanguage":"en-GB"}]}},"_links":{"self":[{"href":"https:\/\/skatteadvokaterne.dk\/en\/wp-json\/wp\/v2\/pages\/61","targetHints":{"allow":["GET"]}}],"collection":[{"href":"https:\/\/skatteadvokaterne.dk\/en\/wp-json\/wp\/v2\/pages"}],"about":[{"href":"https:\/\/skatteadvokaterne.dk\/en\/wp-json\/wp\/v2\/types\/page"}],"author":[{"embeddable":true,"href":"https:\/\/skatteadvokaterne.dk\/en\/wp-json\/wp\/v2\/users\/1"}],"replies":[{"embeddable":true,"href":"https:\/\/skatteadvokaterne.dk\/en\/wp-json\/wp\/v2\/comments?post=61"}],"version-history":[{"count":28,"href":"https:\/\/skatteadvokaterne.dk\/en\/wp-json\/wp\/v2\/pages\/61\/revisions"}],"predecessor-version":[{"id":855,"href":"https:\/\/skatteadvokaterne.dk\/en\/wp-json\/wp\/v2\/pages\/61\/revisions\/855"}],"up":[{"embeddable":true,"href":"https:\/\/skatteadvokaterne.dk\/en\/wp-json\/wp\/v2\/pages\/21"}],"wp:attachment":[{"href":"https:\/\/skatteadvokaterne.dk\/en\/wp-json\/wp\/v2\/media?parent=61"}],"curies":[{"name":"wp","href":"https:\/\/api.w.org\/{rel}","templated":true}]}}