{"id":59,"date":"2024-07-23T07:01:33","date_gmt":"2024-07-23T07:01:33","guid":{"rendered":"https:\/\/skatteadvokaterne.dk\/?page_id=59"},"modified":"2025-04-04T17:09:46","modified_gmt":"2025-04-04T17:09:46","slug":"klagesager-og-skat","status":"publish","type":"page","link":"https:\/\/skatteadvokaterne.dk\/en\/arbejdsomrader\/klagesager-og-skat\/","title":{"rendered":"Klagesager og skat"},"content":{"rendered":"<div data-elementor-type=\"wp-page\" data-elementor-id=\"59\" class=\"elementor elementor-59\" data-elementor-post-type=\"page\">\n\t\t\t\t<div class=\"elementor-element elementor-element-4b7c0c02 e-flex e-con-boxed e-con e-parent\" data-id=\"4b7c0c02\" data-element_type=\"container\" data-e-type=\"container\" data-settings=\"{&quot;background_background&quot;:&quot;classic&quot;}\">\n\t\t\t\t\t<div class=\"e-con-inner\">\n\t\t\t\t<div class=\"elementor-element elementor-element-735ad54c elementor-widget elementor-widget-heading\" data-id=\"735ad54c\" data-element_type=\"widget\" data-e-type=\"widget\" data-widget_type=\"heading.default\">\n\t\t\t\t<div class=\"elementor-widget-container\">\n\t\t\t\t\t<h1 class=\"elementor-heading-title elementor-size-default\">Klagesager og skat<\/h1>\t\t\t\t<\/div>\n\t\t\t\t<\/div>\n\t\t\t\t\t<\/div>\n\t\t\t\t<\/div>\n\t\t<div class=\"elementor-element elementor-element-721f900d e-flex e-con-boxed e-con e-parent\" data-id=\"721f900d\" data-element_type=\"container\" data-e-type=\"container\">\n\t\t\t\t\t<div class=\"e-con-inner\">\n\t\t<div class=\"elementor-element elementor-element-62ca02ba e-con-full e-flex e-con e-child\" data-id=\"62ca02ba\" data-element_type=\"container\" data-e-type=\"container\">\n\t\t\t\t<div class=\"elementor-element elementor-element-197d484d elementor-widget elementor-widget-image\" data-id=\"197d484d\" data-element_type=\"widget\" data-e-type=\"widget\" data-widget_type=\"image.default\">\n\t\t\t\t<div class=\"elementor-widget-container\">\n\t\t\t\t\t\t\t\t\t\t\t\t\t\t\t<img decoding=\"async\" width=\"69\" height=\"68\" src=\"https:\/\/skatteadvokaterne.dk\/wp-content\/uploads\/2024\/07\/Group-3-13.png\" class=\"attachment-full size-full wp-image-241\" alt=\"\" srcset=\"https:\/\/skatteadvokaterne.dk\/wp-content\/uploads\/2024\/07\/Group-3-13.png 69w, https:\/\/skatteadvokaterne.dk\/wp-content\/uploads\/2024\/07\/Group-3-13-12x12.png 12w\" sizes=\"(max-width: 69px) 100vw, 69px\" \/>\t\t\t\t\t\t\t\t\t\t\t\t\t\t\t<\/div>\n\t\t\t\t<\/div>\n\t\t\t\t<div class=\"elementor-element elementor-element-61c06a6e elementor-widget elementor-widget-heading\" data-id=\"61c06a6e\" data-element_type=\"widget\" data-e-type=\"widget\" data-widget_type=\"heading.default\">\n\t\t\t\t<div class=\"elementor-widget-container\">\n\t\t\t\t\t<h2 class=\"elementor-heading-title elementor-size-default\">Klagesager og skat<\/h2>\t\t\t\t<\/div>\n\t\t\t\t<\/div>\n\t\t\t\t<\/div>\n\t\t\t\t<div class=\"elementor-element elementor-element-39bbf6a elementor-widget elementor-widget-text-editor\" data-id=\"39bbf6a\" data-element_type=\"widget\" data-e-type=\"widget\" data-widget_type=\"text-editor.default\">\n\t\t\t\t<div class=\"elementor-widget-container\">\n\t\t\t\t\t\t\t\t\t<p>Vi f\u00f8rer klagesager om skat for Skatteankestyrelsen (Skatteanken\u00e6vn \/ Landsskatteretten). Retssager om skat f\u00f8rer vi for byretterne over hele landet, og for \u00d8stre Landsret, Vestre Landsret, H\u00f8jesteret samt EU-Domstolen.<\/p>\t\t\t\t\t\t\t\t<\/div>\n\t\t\t\t<\/div>\n\t\t\t\t\t<\/div>\n\t\t\t\t<\/div>\n\t\t<div class=\"elementor-element elementor-element-495a67e5 e-flex e-con-boxed e-con e-parent\" data-id=\"495a67e5\" data-element_type=\"container\" data-e-type=\"container\">\n\t\t\t\t\t<div class=\"e-con-inner\">\n\t\t<div class=\"elementor-element elementor-element-6ca5bc72 e-con-full e-flex e-con e-child\" data-id=\"6ca5bc72\" data-element_type=\"container\" data-e-type=\"container\">\n\t\t\t\t<div class=\"elementor-element elementor-element-761180f8 elementor-widget elementor-widget-heading\" data-id=\"761180f8\" data-element_type=\"widget\" data-e-type=\"widget\" data-widget_type=\"heading.default\">\n\t\t\t\t<div class=\"elementor-widget-container\">\n\t\t\t\t\t<span class=\"elementor-heading-title elementor-size-default\">Klagesager og retssager\u00a0om bl.a.:<\/span>\t\t\t\t<\/div>\n\t\t\t\t<\/div>\n\t\t\t\t<div class=\"elementor-element elementor-element-4caabd9e elementor-widget elementor-widget-text-editor\" data-id=\"4caabd9e\" data-element_type=\"widget\" data-e-type=\"widget\" data-widget_type=\"text-editor.default\">\n\t\t\t\t<div class=\"elementor-widget-container\">\n\t\t\t\t\t\t\t\t\t<ul><li>Aktion\u00e6rbeskatning, herunder sager om maskeret udlodning.<\/li><li>Aktion\u00e6rl\u00e5n<\/li><li>Fradrag for omkostninger til underleverand\u00f8rer<\/li><li>Ejendomsavancebeskatning, herunder sager om parcelhusreglen.<\/li><li>Beskatning af indkomst<\/li><li>Fradrag for driftsudgifter mv.<\/li><li>Skattepligt til Danmark.<\/li><li>Sk\u00f8nsm\u00e6ssig indkomstans\u00e6ttelse.<\/li><\/ul>\t\t\t\t\t\t\t\t<\/div>\n\t\t\t\t<\/div>\n\t\t\t\t<\/div>\n\t\t<div class=\"elementor-element elementor-element-2a62c7b5 e-con-full e-flex e-con e-child\" data-id=\"2a62c7b5\" data-element_type=\"container\" data-e-type=\"container\">\n\t\t\t\t<div class=\"elementor-element elementor-element-785a1695 elementor-widget elementor-widget-image\" data-id=\"785a1695\" data-element_type=\"widget\" data-e-type=\"widget\" data-widget_type=\"image.default\">\n\t\t\t\t<div class=\"elementor-widget-container\">\n\t\t\t\t\t\t\t\t\t\t\t\t\t\t\t<img fetchpriority=\"high\" decoding=\"async\" width=\"312\" height=\"338\" src=\"https:\/\/skatteadvokaterne.dk\/wp-content\/uploads\/2025\/01\/Group-67.png\" class=\"attachment-full size-full wp-image-737\" alt=\"\" srcset=\"https:\/\/skatteadvokaterne.dk\/wp-content\/uploads\/2025\/01\/Group-67.png 312w, https:\/\/skatteadvokaterne.dk\/wp-content\/uploads\/2025\/01\/Group-67-277x300.png 277w, https:\/\/skatteadvokaterne.dk\/wp-content\/uploads\/2025\/01\/Group-67-11x12.png 11w\" sizes=\"(max-width: 312px) 100vw, 312px\" \/>\t\t\t\t\t\t\t\t\t\t\t\t\t\t\t<\/div>\n\t\t\t\t<\/div>\n\t\t\t\t<\/div>\n\t\t\t\t\t<\/div>\n\t\t\t\t<\/div>\n\t\t<div class=\"elementor-element elementor-element-49141447 e-flex e-con-boxed e-con e-parent\" data-id=\"49141447\" data-element_type=\"container\" data-e-type=\"container\">\n\t\t\t\t\t<div class=\"e-con-inner\">\n\t\t\t\t<div class=\"elementor-element elementor-element-00b86b6 elementor-widget elementor-widget-heading\" data-id=\"00b86b6\" data-element_type=\"widget\" data-e-type=\"widget\" data-widget_type=\"heading.default\">\n\t\t\t\t<div class=\"elementor-widget-container\">\n\t\t\t\t\t<span class=\"elementor-heading-title elementor-size-default\">I klagesagen s\u00f8rger vi for:<\/span>\t\t\t\t<\/div>\n\t\t\t\t<\/div>\n\t\t\t\t<div class=\"elementor-element elementor-element-8c795d0 elementor-widget elementor-widget-text-editor\" data-id=\"8c795d0\" data-element_type=\"widget\" data-e-type=\"widget\" data-widget_type=\"text-editor.default\">\n\t\t\t\t<div class=\"elementor-widget-container\">\n\t\t\t\t\t\t\t\t\t<ul>\n \t<li>Den rigtige vurdering af udsigterne til at f\u00e5 medhold.<\/li>\n \t<li>De rigtige juridiske synspunkter.<\/li>\n \t<li>Det relevante dokumentationsmateriale.<\/li>\n \t<li>Syn og sk\u00f8n, n\u00e5r det er hensigtsm\u00e6ssigt.\u00a0<a href=\"https:\/\/skatteadvokaterne.dk\/en\/syn-og-skoen-i-skattesager\/\" style=\"font-size:22px;\">L\u00e6s mere her.<\/a><\/li>\n \t<li>Overbevisende argumentation og procedure.<\/li>\n<\/ul>\t\t\t\t\t\t\t\t<\/div>\n\t\t\t\t<\/div>\n\t\t\t\t\t<\/div>\n\t\t\t\t<\/div>\n\t\t\t\t<\/div>","protected":false},"excerpt":{"rendered":"<p>Klagesager og skat Vi f\u00f8rer klagesager om skat for Skatteankestyrelsen (Skatteanken\u00e6vn \/ Landsskatteretten). Retssager om skat f\u00f8rer vi for byretterne over hele landet, og for \u00d8stre Landsret, Vestre Landsret, H\u00f8jesteret samt EU-Domstolen. Klagesager og retssager\u00a0om bl.a.: Aktion\u00e6rbeskatning, herunder sager om maskeret udlodning. Aktion\u00e6rl\u00e5n Fradrag for omkostninger til underleverand\u00f8rer Ejendomsavancebeskatning, herunder sager om parcelhusreglen. Beskatning af [&hellip;]<\/p>\n","protected":false},"author":1,"featured_media":0,"parent":21,"menu_order":0,"comment_status":"closed","ping_status":"closed","template":"elementor_header_footer","meta":{"_exactmetrics_skip_tracking":false,"_exactmetrics_sitenote_active":false,"_exactmetrics_sitenote_note":"","_exactmetrics_sitenote_category":0,"footnotes":""},"class_list":["post-59","page","type-page","status-publish","hentry"],"yoast_head":"<!-- This site is optimized with the Yoast SEO plugin v27.3 - https:\/\/yoast.com\/product\/yoast-seo-wordpress\/ -->\n<title>Klagesager og skat - skatteadvokaterne.dk<\/title>\n<meta name=\"robots\" content=\"index, follow, max-snippet:-1, max-image-preview:large, max-video-preview:-1\" \/>\n<link rel=\"canonical\" href=\"https:\/\/skatteadvokaterne.dk\/en\/arbejdsomrader\/klagesager-og-skat\/\" \/>\n<meta property=\"og:locale\" content=\"en_GB\" \/>\n<meta property=\"og:type\" content=\"article\" \/>\n<meta property=\"og:title\" content=\"Klagesager og skat - skatteadvokaterne.dk\" \/>\n<meta property=\"og:description\" content=\"Klagesager og skat Vi f\u00f8rer klagesager om skat for Skatteankestyrelsen (Skatteanken\u00e6vn \/ Landsskatteretten). Retssager om skat f\u00f8rer vi for byretterne over hele landet, og for \u00d8stre Landsret, Vestre Landsret, H\u00f8jesteret samt EU-Domstolen. Klagesager og retssager\u00a0om bl.a.: Aktion\u00e6rbeskatning, herunder sager om maskeret udlodning. Aktion\u00e6rl\u00e5n Fradrag for omkostninger til underleverand\u00f8rer Ejendomsavancebeskatning, herunder sager om parcelhusreglen. Beskatning af [&hellip;]\" \/>\n<meta property=\"og:url\" content=\"https:\/\/skatteadvokaterne.dk\/en\/arbejdsomrader\/klagesager-og-skat\/\" \/>\n<meta property=\"og:site_name\" content=\"skatteadvokaterne.dk\" \/>\n<meta property=\"article:modified_time\" content=\"2025-04-04T17:09:46+00:00\" \/>\n<meta property=\"og:image\" content=\"https:\/\/skatteadvokaterne.dk\/wp-content\/uploads\/2024\/07\/Group-3-13.png\" \/>\n\t<meta property=\"og:image:width\" content=\"69\" \/>\n\t<meta property=\"og:image:height\" content=\"68\" \/>\n\t<meta property=\"og:image:type\" content=\"image\/png\" \/>\n<meta name=\"twitter:card\" content=\"summary_large_image\" \/>\n<meta name=\"twitter:label1\" content=\"Estimated reading time\" \/>\n\t<meta name=\"twitter:data1\" content=\"1 minute\" \/>\n<script type=\"application\/ld+json\" class=\"yoast-schema-graph\">{\"@context\":\"https:\\\/\\\/schema.org\",\"@graph\":[{\"@type\":\"WebPage\",\"@id\":\"https:\\\/\\\/skatteadvokaterne.dk\\\/arbejdsomrader\\\/klagesager-og-skat\\\/\",\"url\":\"https:\\\/\\\/skatteadvokaterne.dk\\\/arbejdsomrader\\\/klagesager-og-skat\\\/\",\"name\":\"Klagesager og skat - skatteadvokaterne.dk\",\"isPartOf\":{\"@id\":\"https:\\\/\\\/skatteadvokaterne.dk\\\/#website\"},\"primaryImageOfPage\":{\"@id\":\"https:\\\/\\\/skatteadvokaterne.dk\\\/arbejdsomrader\\\/klagesager-og-skat\\\/#primaryimage\"},\"image\":{\"@id\":\"https:\\\/\\\/skatteadvokaterne.dk\\\/arbejdsomrader\\\/klagesager-og-skat\\\/#primaryimage\"},\"thumbnailUrl\":\"https:\\\/\\\/skatteadvokaterne.dk\\\/wp-content\\\/uploads\\\/2024\\\/07\\\/Group-3-13.png\",\"datePublished\":\"2024-07-23T07:01:33+00:00\",\"dateModified\":\"2025-04-04T17:09:46+00:00\",\"breadcrumb\":{\"@id\":\"https:\\\/\\\/skatteadvokaterne.dk\\\/arbejdsomrader\\\/klagesager-og-skat\\\/#breadcrumb\"},\"inLanguage\":\"en-GB\",\"potentialAction\":[{\"@type\":\"ReadAction\",\"target\":[\"https:\\\/\\\/skatteadvokaterne.dk\\\/arbejdsomrader\\\/klagesager-og-skat\\\/\"]}]},{\"@type\":\"ImageObject\",\"inLanguage\":\"en-GB\",\"@id\":\"https:\\\/\\\/skatteadvokaterne.dk\\\/arbejdsomrader\\\/klagesager-og-skat\\\/#primaryimage\",\"url\":\"https:\\\/\\\/skatteadvokaterne.dk\\\/wp-content\\\/uploads\\\/2024\\\/07\\\/Group-3-13.png\",\"contentUrl\":\"https:\\\/\\\/skatteadvokaterne.dk\\\/wp-content\\\/uploads\\\/2024\\\/07\\\/Group-3-13.png\"},{\"@type\":\"BreadcrumbList\",\"@id\":\"https:\\\/\\\/skatteadvokaterne.dk\\\/arbejdsomrader\\\/klagesager-og-skat\\\/#breadcrumb\",\"itemListElement\":[{\"@type\":\"ListItem\",\"position\":1,\"name\":\"Home\",\"item\":\"https:\\\/\\\/skatteadvokaterne.dk\\\/\"},{\"@type\":\"ListItem\",\"position\":2,\"name\":\"Arbejdsomr\u00e5der\",\"item\":\"https:\\\/\\\/skatteadvokaterne.dk\\\/arbejdsomrader\\\/\"},{\"@type\":\"ListItem\",\"position\":3,\"name\":\"Klagesager og skat\"}]},{\"@type\":\"WebSite\",\"@id\":\"https:\\\/\\\/skatteadvokaterne.dk\\\/#website\",\"url\":\"https:\\\/\\\/skatteadvokaterne.dk\\\/\",\"name\":\"skatteadvokaterne.dk\",\"description\":\"\",\"potentialAction\":[{\"@type\":\"SearchAction\",\"target\":{\"@type\":\"EntryPoint\",\"urlTemplate\":\"https:\\\/\\\/skatteadvokaterne.dk\\\/?s={search_term_string}\"},\"query-input\":{\"@type\":\"PropertyValueSpecification\",\"valueRequired\":true,\"valueName\":\"search_term_string\"}}],\"inLanguage\":\"en-GB\"}]}<\/script>\n<!-- \/ Yoast SEO plugin. -->","yoast_head_json":{"title":"Klagesager og skat - skatteadvokaterne.dk","robots":{"index":"index","follow":"follow","max-snippet":"max-snippet:-1","max-image-preview":"max-image-preview:large","max-video-preview":"max-video-preview:-1"},"canonical":"https:\/\/skatteadvokaterne.dk\/en\/arbejdsomrader\/klagesager-og-skat\/","og_locale":"en_GB","og_type":"article","og_title":"Klagesager og skat - skatteadvokaterne.dk","og_description":"Klagesager og skat Vi f\u00f8rer klagesager om skat for Skatteankestyrelsen (Skatteanken\u00e6vn \/ Landsskatteretten). Retssager om skat f\u00f8rer vi for byretterne over hele landet, og for \u00d8stre Landsret, Vestre Landsret, H\u00f8jesteret samt EU-Domstolen. Klagesager og retssager\u00a0om bl.a.: Aktion\u00e6rbeskatning, herunder sager om maskeret udlodning. Aktion\u00e6rl\u00e5n Fradrag for omkostninger til underleverand\u00f8rer Ejendomsavancebeskatning, herunder sager om parcelhusreglen. Beskatning af [&hellip;]","og_url":"https:\/\/skatteadvokaterne.dk\/en\/arbejdsomrader\/klagesager-og-skat\/","og_site_name":"skatteadvokaterne.dk","article_modified_time":"2025-04-04T17:09:46+00:00","og_image":[{"width":69,"height":68,"url":"https:\/\/skatteadvokaterne.dk\/wp-content\/uploads\/2024\/07\/Group-3-13.png","type":"image\/png"}],"twitter_card":"summary_large_image","twitter_misc":{"Estimated reading time":"1 minute"},"schema":{"@context":"https:\/\/schema.org","@graph":[{"@type":"WebPage","@id":"https:\/\/skatteadvokaterne.dk\/arbejdsomrader\/klagesager-og-skat\/","url":"https:\/\/skatteadvokaterne.dk\/arbejdsomrader\/klagesager-og-skat\/","name":"Klagesager og skat - skatteadvokaterne.dk","isPartOf":{"@id":"https:\/\/skatteadvokaterne.dk\/#website"},"primaryImageOfPage":{"@id":"https:\/\/skatteadvokaterne.dk\/arbejdsomrader\/klagesager-og-skat\/#primaryimage"},"image":{"@id":"https:\/\/skatteadvokaterne.dk\/arbejdsomrader\/klagesager-og-skat\/#primaryimage"},"thumbnailUrl":"https:\/\/skatteadvokaterne.dk\/wp-content\/uploads\/2024\/07\/Group-3-13.png","datePublished":"2024-07-23T07:01:33+00:00","dateModified":"2025-04-04T17:09:46+00:00","breadcrumb":{"@id":"https:\/\/skatteadvokaterne.dk\/arbejdsomrader\/klagesager-og-skat\/#breadcrumb"},"inLanguage":"en-GB","potentialAction":[{"@type":"ReadAction","target":["https:\/\/skatteadvokaterne.dk\/arbejdsomrader\/klagesager-og-skat\/"]}]},{"@type":"ImageObject","inLanguage":"en-GB","@id":"https:\/\/skatteadvokaterne.dk\/arbejdsomrader\/klagesager-og-skat\/#primaryimage","url":"https:\/\/skatteadvokaterne.dk\/wp-content\/uploads\/2024\/07\/Group-3-13.png","contentUrl":"https:\/\/skatteadvokaterne.dk\/wp-content\/uploads\/2024\/07\/Group-3-13.png"},{"@type":"BreadcrumbList","@id":"https:\/\/skatteadvokaterne.dk\/arbejdsomrader\/klagesager-og-skat\/#breadcrumb","itemListElement":[{"@type":"ListItem","position":1,"name":"Home","item":"https:\/\/skatteadvokaterne.dk\/"},{"@type":"ListItem","position":2,"name":"Arbejdsomr\u00e5der","item":"https:\/\/skatteadvokaterne.dk\/arbejdsomrader\/"},{"@type":"ListItem","position":3,"name":"Klagesager og skat"}]},{"@type":"WebSite","@id":"https:\/\/skatteadvokaterne.dk\/#website","url":"https:\/\/skatteadvokaterne.dk\/","name":"skatteadvokaterne.dk","description":"","potentialAction":[{"@type":"SearchAction","target":{"@type":"EntryPoint","urlTemplate":"https:\/\/skatteadvokaterne.dk\/?s={search_term_string}"},"query-input":{"@type":"PropertyValueSpecification","valueRequired":true,"valueName":"search_term_string"}}],"inLanguage":"en-GB"}]}},"_links":{"self":[{"href":"https:\/\/skatteadvokaterne.dk\/en\/wp-json\/wp\/v2\/pages\/59","targetHints":{"allow":["GET"]}}],"collection":[{"href":"https:\/\/skatteadvokaterne.dk\/en\/wp-json\/wp\/v2\/pages"}],"about":[{"href":"https:\/\/skatteadvokaterne.dk\/en\/wp-json\/wp\/v2\/types\/page"}],"author":[{"embeddable":true,"href":"https:\/\/skatteadvokaterne.dk\/en\/wp-json\/wp\/v2\/users\/1"}],"replies":[{"embeddable":true,"href":"https:\/\/skatteadvokaterne.dk\/en\/wp-json\/wp\/v2\/comments?post=59"}],"version-history":[{"count":26,"href":"https:\/\/skatteadvokaterne.dk\/en\/wp-json\/wp\/v2\/pages\/59\/revisions"}],"predecessor-version":[{"id":1142,"href":"https:\/\/skatteadvokaterne.dk\/en\/wp-json\/wp\/v2\/pages\/59\/revisions\/1142"}],"up":[{"embeddable":true,"href":"https:\/\/skatteadvokaterne.dk\/en\/wp-json\/wp\/v2\/pages\/21"}],"wp:attachment":[{"href":"https:\/\/skatteadvokaterne.dk\/en\/wp-json\/wp\/v2\/media?parent=59"}],"curies":[{"name":"wp","href":"https:\/\/api.w.org\/{rel}","templated":true}]}}