{"id":57,"date":"2024-07-23T07:01:14","date_gmt":"2024-07-23T07:01:14","guid":{"rendered":"https:\/\/skatteadvokaterne.dk\/?page_id=57"},"modified":"2025-01-09T08:03:54","modified_gmt":"2025-01-09T08:03:54","slug":"money-transfer","status":"publish","type":"page","link":"https:\/\/skatteadvokaterne.dk\/en\/arbejdsomrader\/kontrol-og-skat\/money-transfer\/","title":{"rendered":"Money Transfer"},"content":{"rendered":"<div data-elementor-type=\"wp-page\" data-elementor-id=\"57\" class=\"elementor elementor-57\" data-elementor-post-type=\"page\">\n\t\t\t\t<div class=\"elementor-element elementor-element-f35489f e-flex e-con-boxed e-con e-parent\" data-id=\"f35489f\" data-element_type=\"container\" data-e-type=\"container\" data-settings=\"{&quot;background_background&quot;:&quot;classic&quot;}\">\n\t\t\t\t\t<div class=\"e-con-inner\">\n\t\t\t\t<div class=\"elementor-element elementor-element-56dd8a2 elementor-widget elementor-widget-heading\" data-id=\"56dd8a2\" data-element_type=\"widget\" data-e-type=\"widget\" data-widget_type=\"heading.default\">\n\t\t\t\t<div class=\"elementor-widget-container\">\n\t\t\t\t\t<h1 class=\"elementor-heading-title elementor-size-default\">Money Transfer<\/h1>\t\t\t\t<\/div>\n\t\t\t\t<\/div>\n\t\t\t\t\t<\/div>\n\t\t\t\t<\/div>\n\t\t<div class=\"elementor-element elementor-element-c805f87 e-flex e-con-boxed e-con e-parent\" data-id=\"c805f87\" data-element_type=\"container\" data-e-type=\"container\">\n\t\t\t\t\t<div class=\"e-con-inner\">\n\t\t\t\t<div class=\"elementor-element elementor-element-a7216c1 elementor-widget elementor-widget-text-editor\" data-id=\"a7216c1\" data-element_type=\"widget\" data-e-type=\"widget\" data-widget_type=\"text-editor.default\">\n\t\t\t\t<div class=\"elementor-widget-container\">\n\t\t\t\t\t\t\t\t\t<p>Skatter\u00e5det har for fjerde gang i 2020 givet Skattestyrelsen tilladelse til, at Skattestyrelsen kan indhente ellers fortrolige oplysninger om transaktioner fra udlandet til danske banker. Skattestyrelsen kan derfor p\u00e5l\u00e6gge 15 banker og pengeinstitutter at udlevere data om kundernes internationale betalingstransaktioner. Denne gang har Skattestyrelsen f\u00e5et tilladelse til at kr\u00e6ve betalingsoplysninger udleveret fra 2017 til 2019. Skattestyrelsen har p\u00e5 en 10-\u00e5rig periode udskrevet skatteregninger p\u00e5 mere end 2,1 milliard kroner med <span style=\"color: #c01322;\">Money Transfer<\/span> Projekterne.<\/p><p>Skattestyrelsen vil p\u00e5 baggrund af bankoplysningerne skrive til de skatteydere, der har modtaget pengene fra udlandet \u2013 typisk med en kort frist og typisk for en tidsperiode, der str\u00e6kker sig op til 10 \u00e5r tilbage i tiden. Skatteydernes svar p\u00e5 Skattestyrelsens henvendelse vil i mange tilf\u00e6lde sammen med bankoplysningerne v\u00e6re det grundlag, som indkomsten efterf\u00f8lgende forh\u00f8jes ud fra. <br \/>Skatteadvokaterne har igennem de tidligere tre Money Transfer Projekter bist\u00e5et en lang r\u00e6kke borgere, der har modtaget en henvendelse om at indsende oplysninger \u2013 og \u00f8nsker ogs\u00e5 at bist\u00e5 borgere, der under denne fjerde runde m\u00e5tte komme i Skattestyrelsens s\u00f8gelys.<\/p><p>Det er vigtigt, at Skattestyrelsen svares p\u00e5 den bedst mulige m\u00e5de og der forinden dette sker r\u00e5dgives om forl\u00f8bet af sagen ved Skattestyrelsen, herunder om de rettigheder borgeren har over for Skattestyrelsen, mulighederne for at klage og risikoen for, at der ogs\u00e5 rejses en straffesag for skattesvig.<\/p><p>Erfaringsm\u00e6ssigt kan der v\u00e6re tale om sager med store konsekvenser for borgeren.<\/p><p>For yderligere oplysninger ring til Skatteadvokaterne p\u00e5 33750010, s\u00e5 bist\u00e5r vi dig.<\/p>\t\t\t\t\t\t\t\t<\/div>\n\t\t\t\t<\/div>\n\t\t\t\t\t<\/div>\n\t\t\t\t<\/div>\n\t\t\t\t<\/div>","protected":false},"excerpt":{"rendered":"<p>Skatter\u00e5det har for fjerde gang i 2020 givet Skattestyrelsen tilladelse til, at Skattestyrelsen kan indhente ellers fortrolige oplysninger om transaktioner fra udlandet til danske banker. Skattestyrelsen kan derfor p\u00e5l\u00e6gge 15 banker og pengeinstitutter at udlevere data om kundernes internationale betalingstransaktioner. Denne gang har Skattestyrelsen f\u00e5et tilladelse til at kr\u00e6ve betalingsoplysninger udleveret fra 2017 til 2019. [&hellip;]<\/p>\n","protected":false},"author":1,"featured_media":0,"parent":55,"menu_order":0,"comment_status":"closed","ping_status":"closed","template":"elementor_header_footer","meta":{"_exactmetrics_skip_tracking":false,"_exactmetrics_sitenote_active":false,"_exactmetrics_sitenote_note":"","_exactmetrics_sitenote_category":0,"footnotes":""},"class_list":["post-57","page","type-page","status-publish","hentry"],"yoast_head":"<!-- This site is optimized with the Yoast SEO plugin v27.3 - https:\/\/yoast.com\/product\/yoast-seo-wordpress\/ -->\n<title>Money Transfer - skatteadvokaterne.dk<\/title>\n<meta name=\"robots\" content=\"index, follow, max-snippet:-1, max-image-preview:large, max-video-preview:-1\" \/>\n<link rel=\"canonical\" href=\"https:\/\/skatteadvokaterne.dk\/en\/arbejdsomrader\/kontrol-og-skat\/money-transfer\/\" \/>\n<meta property=\"og:locale\" content=\"en_GB\" \/>\n<meta property=\"og:type\" content=\"article\" \/>\n<meta property=\"og:title\" content=\"Money Transfer - skatteadvokaterne.dk\" \/>\n<meta property=\"og:description\" content=\"Skatter\u00e5det har for fjerde gang i 2020 givet Skattestyrelsen tilladelse til, at Skattestyrelsen kan indhente ellers fortrolige oplysninger om transaktioner fra udlandet til danske banker. Skattestyrelsen kan derfor p\u00e5l\u00e6gge 15 banker og pengeinstitutter at udlevere data om kundernes internationale betalingstransaktioner. Denne gang har Skattestyrelsen f\u00e5et tilladelse til at kr\u00e6ve betalingsoplysninger udleveret fra 2017 til 2019. [&hellip;]\" \/>\n<meta property=\"og:url\" content=\"https:\/\/skatteadvokaterne.dk\/en\/arbejdsomrader\/kontrol-og-skat\/money-transfer\/\" \/>\n<meta property=\"og:site_name\" content=\"skatteadvokaterne.dk\" \/>\n<meta property=\"article:modified_time\" content=\"2025-01-09T08:03:54+00:00\" \/>\n<meta name=\"twitter:card\" content=\"summary_large_image\" \/>\n<meta name=\"twitter:label1\" content=\"Estimated reading time\" \/>\n\t<meta name=\"twitter:data1\" content=\"2 minutes\" \/>\n<script type=\"application\/ld+json\" class=\"yoast-schema-graph\">{\"@context\":\"https:\\\/\\\/schema.org\",\"@graph\":[{\"@type\":\"WebPage\",\"@id\":\"https:\\\/\\\/skatteadvokaterne.dk\\\/arbejdsomrader\\\/kontrol-og-skat\\\/money-transfer\\\/\",\"url\":\"https:\\\/\\\/skatteadvokaterne.dk\\\/arbejdsomrader\\\/kontrol-og-skat\\\/money-transfer\\\/\",\"name\":\"Money Transfer - skatteadvokaterne.dk\",\"isPartOf\":{\"@id\":\"https:\\\/\\\/skatteadvokaterne.dk\\\/#website\"},\"datePublished\":\"2024-07-23T07:01:14+00:00\",\"dateModified\":\"2025-01-09T08:03:54+00:00\",\"breadcrumb\":{\"@id\":\"https:\\\/\\\/skatteadvokaterne.dk\\\/arbejdsomrader\\\/kontrol-og-skat\\\/money-transfer\\\/#breadcrumb\"},\"inLanguage\":\"en-GB\",\"potentialAction\":[{\"@type\":\"ReadAction\",\"target\":[\"https:\\\/\\\/skatteadvokaterne.dk\\\/arbejdsomrader\\\/kontrol-og-skat\\\/money-transfer\\\/\"]}]},{\"@type\":\"BreadcrumbList\",\"@id\":\"https:\\\/\\\/skatteadvokaterne.dk\\\/arbejdsomrader\\\/kontrol-og-skat\\\/money-transfer\\\/#breadcrumb\",\"itemListElement\":[{\"@type\":\"ListItem\",\"position\":1,\"name\":\"Home\",\"item\":\"https:\\\/\\\/skatteadvokaterne.dk\\\/\"},{\"@type\":\"ListItem\",\"position\":2,\"name\":\"Arbejdsomr\u00e5der\",\"item\":\"https:\\\/\\\/skatteadvokaterne.dk\\\/arbejdsomrader\\\/\"},{\"@type\":\"ListItem\",\"position\":3,\"name\":\"Kontrol og skat\",\"item\":\"https:\\\/\\\/skatteadvokaterne.dk\\\/arbejdsomrader\\\/kontrol-og-skat\\\/\"},{\"@type\":\"ListItem\",\"position\":4,\"name\":\"Money Transfer\"}]},{\"@type\":\"WebSite\",\"@id\":\"https:\\\/\\\/skatteadvokaterne.dk\\\/#website\",\"url\":\"https:\\\/\\\/skatteadvokaterne.dk\\\/\",\"name\":\"skatteadvokaterne.dk\",\"description\":\"\",\"potentialAction\":[{\"@type\":\"SearchAction\",\"target\":{\"@type\":\"EntryPoint\",\"urlTemplate\":\"https:\\\/\\\/skatteadvokaterne.dk\\\/?s={search_term_string}\"},\"query-input\":{\"@type\":\"PropertyValueSpecification\",\"valueRequired\":true,\"valueName\":\"search_term_string\"}}],\"inLanguage\":\"en-GB\"}]}<\/script>\n<!-- \/ Yoast SEO plugin. -->","yoast_head_json":{"title":"Money Transfer - skatteadvokaterne.dk","robots":{"index":"index","follow":"follow","max-snippet":"max-snippet:-1","max-image-preview":"max-image-preview:large","max-video-preview":"max-video-preview:-1"},"canonical":"https:\/\/skatteadvokaterne.dk\/en\/arbejdsomrader\/kontrol-og-skat\/money-transfer\/","og_locale":"en_GB","og_type":"article","og_title":"Money Transfer - skatteadvokaterne.dk","og_description":"Skatter\u00e5det har for fjerde gang i 2020 givet Skattestyrelsen tilladelse til, at Skattestyrelsen kan indhente ellers fortrolige oplysninger om transaktioner fra udlandet til danske banker. Skattestyrelsen kan derfor p\u00e5l\u00e6gge 15 banker og pengeinstitutter at udlevere data om kundernes internationale betalingstransaktioner. Denne gang har Skattestyrelsen f\u00e5et tilladelse til at kr\u00e6ve betalingsoplysninger udleveret fra 2017 til 2019. [&hellip;]","og_url":"https:\/\/skatteadvokaterne.dk\/en\/arbejdsomrader\/kontrol-og-skat\/money-transfer\/","og_site_name":"skatteadvokaterne.dk","article_modified_time":"2025-01-09T08:03:54+00:00","twitter_card":"summary_large_image","twitter_misc":{"Estimated reading time":"2 minutes"},"schema":{"@context":"https:\/\/schema.org","@graph":[{"@type":"WebPage","@id":"https:\/\/skatteadvokaterne.dk\/arbejdsomrader\/kontrol-og-skat\/money-transfer\/","url":"https:\/\/skatteadvokaterne.dk\/arbejdsomrader\/kontrol-og-skat\/money-transfer\/","name":"Money Transfer - skatteadvokaterne.dk","isPartOf":{"@id":"https:\/\/skatteadvokaterne.dk\/#website"},"datePublished":"2024-07-23T07:01:14+00:00","dateModified":"2025-01-09T08:03:54+00:00","breadcrumb":{"@id":"https:\/\/skatteadvokaterne.dk\/arbejdsomrader\/kontrol-og-skat\/money-transfer\/#breadcrumb"},"inLanguage":"en-GB","potentialAction":[{"@type":"ReadAction","target":["https:\/\/skatteadvokaterne.dk\/arbejdsomrader\/kontrol-og-skat\/money-transfer\/"]}]},{"@type":"BreadcrumbList","@id":"https:\/\/skatteadvokaterne.dk\/arbejdsomrader\/kontrol-og-skat\/money-transfer\/#breadcrumb","itemListElement":[{"@type":"ListItem","position":1,"name":"Home","item":"https:\/\/skatteadvokaterne.dk\/"},{"@type":"ListItem","position":2,"name":"Arbejdsomr\u00e5der","item":"https:\/\/skatteadvokaterne.dk\/arbejdsomrader\/"},{"@type":"ListItem","position":3,"name":"Kontrol og skat","item":"https:\/\/skatteadvokaterne.dk\/arbejdsomrader\/kontrol-og-skat\/"},{"@type":"ListItem","position":4,"name":"Money Transfer"}]},{"@type":"WebSite","@id":"https:\/\/skatteadvokaterne.dk\/#website","url":"https:\/\/skatteadvokaterne.dk\/","name":"skatteadvokaterne.dk","description":"","potentialAction":[{"@type":"SearchAction","target":{"@type":"EntryPoint","urlTemplate":"https:\/\/skatteadvokaterne.dk\/?s={search_term_string}"},"query-input":{"@type":"PropertyValueSpecification","valueRequired":true,"valueName":"search_term_string"}}],"inLanguage":"en-GB"}]}},"_links":{"self":[{"href":"https:\/\/skatteadvokaterne.dk\/en\/wp-json\/wp\/v2\/pages\/57","targetHints":{"allow":["GET"]}}],"collection":[{"href":"https:\/\/skatteadvokaterne.dk\/en\/wp-json\/wp\/v2\/pages"}],"about":[{"href":"https:\/\/skatteadvokaterne.dk\/en\/wp-json\/wp\/v2\/types\/page"}],"author":[{"embeddable":true,"href":"https:\/\/skatteadvokaterne.dk\/en\/wp-json\/wp\/v2\/users\/1"}],"replies":[{"embeddable":true,"href":"https:\/\/skatteadvokaterne.dk\/en\/wp-json\/wp\/v2\/comments?post=57"}],"version-history":[{"count":13,"href":"https:\/\/skatteadvokaterne.dk\/en\/wp-json\/wp\/v2\/pages\/57\/revisions"}],"predecessor-version":[{"id":792,"href":"https:\/\/skatteadvokaterne.dk\/en\/wp-json\/wp\/v2\/pages\/57\/revisions\/792"}],"up":[{"embeddable":true,"href":"https:\/\/skatteadvokaterne.dk\/en\/wp-json\/wp\/v2\/pages\/55"}],"wp:attachment":[{"href":"https:\/\/skatteadvokaterne.dk\/en\/wp-json\/wp\/v2\/media?parent=57"}],"curies":[{"name":"wp","href":"https:\/\/api.w.org\/{rel}","templated":true}]}}