{"id":51,"date":"2024-07-23T07:00:14","date_gmt":"2024-07-23T07:00:14","guid":{"rendered":"https:\/\/skatteadvokaterne.dk\/?page_id=51"},"modified":"2025-01-09T08:14:51","modified_gmt":"2025-01-09T08:14:51","slug":"pensionsbeskatning","status":"publish","type":"page","link":"https:\/\/skatteadvokaterne.dk\/en\/arbejdsomrader\/radgivning-og-skat\/pensionsbeskatning\/","title":{"rendered":"Pensionsbeskatning"},"content":{"rendered":"<div data-elementor-type=\"wp-page\" data-elementor-id=\"51\" class=\"elementor elementor-51\" data-elementor-post-type=\"page\">\n\t\t\t\t<div class=\"elementor-element elementor-element-14755bd6 e-flex e-con-boxed e-con e-parent\" data-id=\"14755bd6\" data-element_type=\"container\" data-e-type=\"container\" data-settings=\"{&quot;background_background&quot;:&quot;classic&quot;}\">\n\t\t\t\t\t<div class=\"e-con-inner\">\n\t\t\t\t<div class=\"elementor-element elementor-element-6eb5b5b6 elementor-widget elementor-widget-heading\" data-id=\"6eb5b5b6\" data-element_type=\"widget\" data-e-type=\"widget\" data-widget_type=\"heading.default\">\n\t\t\t\t<div class=\"elementor-widget-container\">\n\t\t\t\t\t<h1 class=\"elementor-heading-title elementor-size-default\">Pensionsbeskatning<\/h1>\t\t\t\t<\/div>\n\t\t\t\t<\/div>\n\t\t\t\t\t<\/div>\n\t\t\t\t<\/div>\n\t\t<div class=\"elementor-element elementor-element-1dbc0b29 e-flex e-con-boxed e-con e-parent\" data-id=\"1dbc0b29\" data-element_type=\"container\" data-e-type=\"container\">\n\t\t\t\t\t<div class=\"e-con-inner\">\n\t\t\t\t<div class=\"elementor-element elementor-element-7cdd21bb elementor-widget elementor-widget-text-editor\" data-id=\"7cdd21bb\" data-element_type=\"widget\" data-e-type=\"widget\" data-widget_type=\"text-editor.default\">\n\t\t\t\t<div class=\"elementor-widget-container\">\n\t\t\t\t\t\t\t\t\t<p>N\u00e5r der spares op p\u00e5 en pensionsordning afh\u00e6nger den udbetalte pension af, hvilken pensionsordning, der er valgt. Tilsvarende er der ogs\u00e5 forskel p\u00e5 fradrag for indbetalinger til pensionsordninger alt efter valget af pensionsordning. <br \/><br \/><span style=\"color: #c01322;\">Skatteadvokaterne<\/span> r\u00e5dgiver om beskatning af forskellige pensionsordninger.<\/p>\t\t\t\t\t\t\t\t<\/div>\n\t\t\t\t<\/div>\n\t\t\t\t\t<\/div>\n\t\t\t\t<\/div>\n\t\t\t\t<\/div>","protected":false},"excerpt":{"rendered":"<p>N\u00e5r der spares op p\u00e5 en pensionsordning afh\u00e6nger den udbetalte pension af, hvilken pensionsordning, der er valgt. Tilsvarende er der ogs\u00e5 forskel p\u00e5 fradrag for indbetalinger til pensionsordninger alt efter valget af pensionsordning. Skatteadvokaterne r\u00e5dgiver om beskatning af forskellige pensionsordninger.<\/p>","protected":false},"author":1,"featured_media":0,"parent":29,"menu_order":0,"comment_status":"closed","ping_status":"closed","template":"elementor_header_footer","meta":{"_exactmetrics_skip_tracking":false,"_exactmetrics_sitenote_active":false,"_exactmetrics_sitenote_note":"","_exactmetrics_sitenote_category":0,"footnotes":""},"class_list":["post-51","page","type-page","status-publish","hentry"],"yoast_head":"<!-- This site is optimized with the Yoast SEO plugin v27.3 - https:\/\/yoast.com\/product\/yoast-seo-wordpress\/ -->\n<title>Pensionsbeskatning - skatteadvokaterne.dk<\/title>\n<meta name=\"robots\" content=\"index, follow, max-snippet:-1, max-image-preview:large, max-video-preview:-1\" \/>\n<link rel=\"canonical\" href=\"https:\/\/skatteadvokaterne.dk\/en\/arbejdsomrader\/radgivning-og-skat\/pensionsbeskatning\/\" \/>\n<meta property=\"og:locale\" content=\"en_GB\" \/>\n<meta property=\"og:type\" content=\"article\" \/>\n<meta property=\"og:title\" content=\"Pensionsbeskatning - skatteadvokaterne.dk\" \/>\n<meta property=\"og:description\" content=\"N\u00e5r der spares op p\u00e5 en pensionsordning afh\u00e6nger den udbetalte pension af, hvilken pensionsordning, der er valgt. Tilsvarende er der ogs\u00e5 forskel p\u00e5 fradrag for indbetalinger til pensionsordninger alt efter valget af pensionsordning. Skatteadvokaterne r\u00e5dgiver om beskatning af forskellige pensionsordninger.\" \/>\n<meta property=\"og:url\" content=\"https:\/\/skatteadvokaterne.dk\/en\/arbejdsomrader\/radgivning-og-skat\/pensionsbeskatning\/\" \/>\n<meta property=\"og:site_name\" content=\"skatteadvokaterne.dk\" \/>\n<meta property=\"article:modified_time\" content=\"2025-01-09T08:14:51+00:00\" \/>\n<meta name=\"twitter:card\" content=\"summary_large_image\" \/>\n<meta name=\"twitter:label1\" content=\"Estimated reading time\" \/>\n\t<meta name=\"twitter:data1\" content=\"1 minute\" \/>\n<script type=\"application\/ld+json\" class=\"yoast-schema-graph\">{\"@context\":\"https:\\\/\\\/schema.org\",\"@graph\":[{\"@type\":\"WebPage\",\"@id\":\"https:\\\/\\\/skatteadvokaterne.dk\\\/arbejdsomrader\\\/radgivning-og-skat\\\/pensionsbeskatning\\\/\",\"url\":\"https:\\\/\\\/skatteadvokaterne.dk\\\/arbejdsomrader\\\/radgivning-og-skat\\\/pensionsbeskatning\\\/\",\"name\":\"Pensionsbeskatning - skatteadvokaterne.dk\",\"isPartOf\":{\"@id\":\"https:\\\/\\\/skatteadvokaterne.dk\\\/#website\"},\"datePublished\":\"2024-07-23T07:00:14+00:00\",\"dateModified\":\"2025-01-09T08:14:51+00:00\",\"breadcrumb\":{\"@id\":\"https:\\\/\\\/skatteadvokaterne.dk\\\/arbejdsomrader\\\/radgivning-og-skat\\\/pensionsbeskatning\\\/#breadcrumb\"},\"inLanguage\":\"en-GB\",\"potentialAction\":[{\"@type\":\"ReadAction\",\"target\":[\"https:\\\/\\\/skatteadvokaterne.dk\\\/arbejdsomrader\\\/radgivning-og-skat\\\/pensionsbeskatning\\\/\"]}]},{\"@type\":\"BreadcrumbList\",\"@id\":\"https:\\\/\\\/skatteadvokaterne.dk\\\/arbejdsomrader\\\/radgivning-og-skat\\\/pensionsbeskatning\\\/#breadcrumb\",\"itemListElement\":[{\"@type\":\"ListItem\",\"position\":1,\"name\":\"Home\",\"item\":\"https:\\\/\\\/skatteadvokaterne.dk\\\/\"},{\"@type\":\"ListItem\",\"position\":2,\"name\":\"Arbejdsomr\u00e5der\",\"item\":\"https:\\\/\\\/skatteadvokaterne.dk\\\/arbejdsomrader\\\/\"},{\"@type\":\"ListItem\",\"position\":3,\"name\":\"R\u00e5dgivning og skat\",\"item\":\"https:\\\/\\\/skatteadvokaterne.dk\\\/arbejdsomrader\\\/radgivning-og-skat\\\/\"},{\"@type\":\"ListItem\",\"position\":4,\"name\":\"Pensionsbeskatning\"}]},{\"@type\":\"WebSite\",\"@id\":\"https:\\\/\\\/skatteadvokaterne.dk\\\/#website\",\"url\":\"https:\\\/\\\/skatteadvokaterne.dk\\\/\",\"name\":\"skatteadvokaterne.dk\",\"description\":\"\",\"potentialAction\":[{\"@type\":\"SearchAction\",\"target\":{\"@type\":\"EntryPoint\",\"urlTemplate\":\"https:\\\/\\\/skatteadvokaterne.dk\\\/?s={search_term_string}\"},\"query-input\":{\"@type\":\"PropertyValueSpecification\",\"valueRequired\":true,\"valueName\":\"search_term_string\"}}],\"inLanguage\":\"en-GB\"}]}<\/script>\n<!-- \/ Yoast SEO plugin. -->","yoast_head_json":{"title":"Pensionsbeskatning - skatteadvokaterne.dk","robots":{"index":"index","follow":"follow","max-snippet":"max-snippet:-1","max-image-preview":"max-image-preview:large","max-video-preview":"max-video-preview:-1"},"canonical":"https:\/\/skatteadvokaterne.dk\/en\/arbejdsomrader\/radgivning-og-skat\/pensionsbeskatning\/","og_locale":"en_GB","og_type":"article","og_title":"Pensionsbeskatning - skatteadvokaterne.dk","og_description":"N\u00e5r der spares op p\u00e5 en pensionsordning afh\u00e6nger den udbetalte pension af, hvilken pensionsordning, der er valgt. Tilsvarende er der ogs\u00e5 forskel p\u00e5 fradrag for indbetalinger til pensionsordninger alt efter valget af pensionsordning. Skatteadvokaterne r\u00e5dgiver om beskatning af forskellige pensionsordninger.","og_url":"https:\/\/skatteadvokaterne.dk\/en\/arbejdsomrader\/radgivning-og-skat\/pensionsbeskatning\/","og_site_name":"skatteadvokaterne.dk","article_modified_time":"2025-01-09T08:14:51+00:00","twitter_card":"summary_large_image","twitter_misc":{"Estimated reading time":"1 minute"},"schema":{"@context":"https:\/\/schema.org","@graph":[{"@type":"WebPage","@id":"https:\/\/skatteadvokaterne.dk\/arbejdsomrader\/radgivning-og-skat\/pensionsbeskatning\/","url":"https:\/\/skatteadvokaterne.dk\/arbejdsomrader\/radgivning-og-skat\/pensionsbeskatning\/","name":"Pensionsbeskatning - skatteadvokaterne.dk","isPartOf":{"@id":"https:\/\/skatteadvokaterne.dk\/#website"},"datePublished":"2024-07-23T07:00:14+00:00","dateModified":"2025-01-09T08:14:51+00:00","breadcrumb":{"@id":"https:\/\/skatteadvokaterne.dk\/arbejdsomrader\/radgivning-og-skat\/pensionsbeskatning\/#breadcrumb"},"inLanguage":"en-GB","potentialAction":[{"@type":"ReadAction","target":["https:\/\/skatteadvokaterne.dk\/arbejdsomrader\/radgivning-og-skat\/pensionsbeskatning\/"]}]},{"@type":"BreadcrumbList","@id":"https:\/\/skatteadvokaterne.dk\/arbejdsomrader\/radgivning-og-skat\/pensionsbeskatning\/#breadcrumb","itemListElement":[{"@type":"ListItem","position":1,"name":"Home","item":"https:\/\/skatteadvokaterne.dk\/"},{"@type":"ListItem","position":2,"name":"Arbejdsomr\u00e5der","item":"https:\/\/skatteadvokaterne.dk\/arbejdsomrader\/"},{"@type":"ListItem","position":3,"name":"R\u00e5dgivning og skat","item":"https:\/\/skatteadvokaterne.dk\/arbejdsomrader\/radgivning-og-skat\/"},{"@type":"ListItem","position":4,"name":"Pensionsbeskatning"}]},{"@type":"WebSite","@id":"https:\/\/skatteadvokaterne.dk\/#website","url":"https:\/\/skatteadvokaterne.dk\/","name":"skatteadvokaterne.dk","description":"","potentialAction":[{"@type":"SearchAction","target":{"@type":"EntryPoint","urlTemplate":"https:\/\/skatteadvokaterne.dk\/?s={search_term_string}"},"query-input":{"@type":"PropertyValueSpecification","valueRequired":true,"valueName":"search_term_string"}}],"inLanguage":"en-GB"}]}},"_links":{"self":[{"href":"https:\/\/skatteadvokaterne.dk\/en\/wp-json\/wp\/v2\/pages\/51","targetHints":{"allow":["GET"]}}],"collection":[{"href":"https:\/\/skatteadvokaterne.dk\/en\/wp-json\/wp\/v2\/pages"}],"about":[{"href":"https:\/\/skatteadvokaterne.dk\/en\/wp-json\/wp\/v2\/types\/page"}],"author":[{"embeddable":true,"href":"https:\/\/skatteadvokaterne.dk\/en\/wp-json\/wp\/v2\/users\/1"}],"replies":[{"embeddable":true,"href":"https:\/\/skatteadvokaterne.dk\/en\/wp-json\/wp\/v2\/comments?post=51"}],"version-history":[{"count":10,"href":"https:\/\/skatteadvokaterne.dk\/en\/wp-json\/wp\/v2\/pages\/51\/revisions"}],"predecessor-version":[{"id":828,"href":"https:\/\/skatteadvokaterne.dk\/en\/wp-json\/wp\/v2\/pages\/51\/revisions\/828"}],"up":[{"embeddable":true,"href":"https:\/\/skatteadvokaterne.dk\/en\/wp-json\/wp\/v2\/pages\/29"}],"wp:attachment":[{"href":"https:\/\/skatteadvokaterne.dk\/en\/wp-json\/wp\/v2\/media?parent=51"}],"curies":[{"name":"wp","href":"https:\/\/api.w.org\/{rel}","templated":true}]}}