{"id":49,"date":"2024-07-23T06:59:57","date_gmt":"2024-07-23T06:59:57","guid":{"rendered":"https:\/\/skatteadvokaterne.dk\/?page_id=49"},"modified":"2025-01-09T08:14:24","modified_gmt":"2025-01-09T08:14:24","slug":"investeringsbeskatning","status":"publish","type":"page","link":"https:\/\/skatteadvokaterne.dk\/en\/arbejdsomrader\/radgivning-og-skat\/investeringsbeskatning\/","title":{"rendered":"Investeringsbeskatning"},"content":{"rendered":"<div data-elementor-type=\"wp-page\" data-elementor-id=\"49\" class=\"elementor elementor-49\" data-elementor-post-type=\"page\">\n\t\t\t\t<div class=\"elementor-element elementor-element-3b9c63d7 e-flex e-con-boxed e-con e-parent\" data-id=\"3b9c63d7\" data-element_type=\"container\" data-e-type=\"container\" data-settings=\"{&quot;background_background&quot;:&quot;classic&quot;}\">\n\t\t\t\t\t<div class=\"e-con-inner\">\n\t\t\t\t<div class=\"elementor-element elementor-element-465fb354 elementor-widget elementor-widget-heading\" data-id=\"465fb354\" data-element_type=\"widget\" data-e-type=\"widget\" data-widget_type=\"heading.default\">\n\t\t\t\t<div class=\"elementor-widget-container\">\n\t\t\t\t\t<h1 class=\"elementor-heading-title elementor-size-default\">Investeringsbeskatning<\/h1>\t\t\t\t<\/div>\n\t\t\t\t<\/div>\n\t\t\t\t\t<\/div>\n\t\t\t\t<\/div>\n\t\t<div class=\"elementor-element elementor-element-f684c55 e-flex e-con-boxed e-con e-parent\" data-id=\"f684c55\" data-element_type=\"container\" data-e-type=\"container\">\n\t\t\t\t\t<div class=\"e-con-inner\">\n\t\t\t\t<div class=\"elementor-element elementor-element-6d51a224 elementor-widget elementor-widget-text-editor\" data-id=\"6d51a224\" data-element_type=\"widget\" data-e-type=\"widget\" data-widget_type=\"text-editor.default\">\n\t\t\t\t<div class=\"elementor-widget-container\">\n\t\t\t\t\t\t\t\t\t<p>Fortjeneste eller tab fra investeringer beskattes forskelligt alt efter, hvad der er investeret i. <br \/><br \/>S\u00e5ledes beskattes avancer ved salg af aktier som aktieindkomst, mens kursgevinst p\u00e5 obligationer beskattes som kapitalindkomst, hvis den overhovedet beskattes. Herudover er der en lang r\u00e6kke aktiver, hvor en eventuel avance overhovedet ikke vil blive beskattet. <br \/><br \/>Fradrag for tab p\u00e5 investeringer behandles ogs\u00e5 forskelligt, alt efter hvad der er investeret i. <br \/><br \/>Vi r\u00e5dgiver om investeringsbeskatning.<\/p>\t\t\t\t\t\t\t\t<\/div>\n\t\t\t\t<\/div>\n\t\t\t\t\t<\/div>\n\t\t\t\t<\/div>\n\t\t\t\t<\/div>","protected":false},"excerpt":{"rendered":"<p>Fortjeneste eller tab fra investeringer beskattes forskelligt alt efter, hvad der er investeret i. S\u00e5ledes beskattes avancer ved salg af aktier som aktieindkomst, mens kursgevinst p\u00e5 obligationer beskattes som kapitalindkomst, hvis den overhovedet beskattes. Herudover er der en lang r\u00e6kke aktiver, hvor en eventuel avance overhovedet ikke vil blive beskattet. Fradrag for tab p\u00e5 investeringer [&hellip;]<\/p>\n","protected":false},"author":1,"featured_media":0,"parent":29,"menu_order":0,"comment_status":"closed","ping_status":"closed","template":"elementor_header_footer","meta":{"_exactmetrics_skip_tracking":false,"_exactmetrics_sitenote_active":false,"_exactmetrics_sitenote_note":"","_exactmetrics_sitenote_category":0,"footnotes":""},"class_list":["post-49","page","type-page","status-publish","hentry"],"yoast_head":"<!-- This site is optimized with the Yoast SEO plugin v27.3 - https:\/\/yoast.com\/product\/yoast-seo-wordpress\/ -->\n<title>Investeringsbeskatning - skatteadvokaterne.dk<\/title>\n<meta name=\"robots\" content=\"index, follow, max-snippet:-1, max-image-preview:large, max-video-preview:-1\" \/>\n<link rel=\"canonical\" href=\"https:\/\/skatteadvokaterne.dk\/en\/arbejdsomrader\/radgivning-og-skat\/investeringsbeskatning\/\" \/>\n<meta property=\"og:locale\" content=\"en_GB\" \/>\n<meta property=\"og:type\" content=\"article\" \/>\n<meta property=\"og:title\" content=\"Investeringsbeskatning - skatteadvokaterne.dk\" \/>\n<meta property=\"og:description\" content=\"Fortjeneste eller tab fra investeringer beskattes forskelligt alt efter, hvad der er investeret i. S\u00e5ledes beskattes avancer ved salg af aktier som aktieindkomst, mens kursgevinst p\u00e5 obligationer beskattes som kapitalindkomst, hvis den overhovedet beskattes. Herudover er der en lang r\u00e6kke aktiver, hvor en eventuel avance overhovedet ikke vil blive beskattet. Fradrag for tab p\u00e5 investeringer [&hellip;]\" \/>\n<meta property=\"og:url\" content=\"https:\/\/skatteadvokaterne.dk\/en\/arbejdsomrader\/radgivning-og-skat\/investeringsbeskatning\/\" \/>\n<meta property=\"og:site_name\" content=\"skatteadvokaterne.dk\" \/>\n<meta property=\"article:modified_time\" content=\"2025-01-09T08:14:24+00:00\" \/>\n<meta name=\"twitter:card\" content=\"summary_large_image\" \/>\n<meta name=\"twitter:label1\" content=\"Estimated reading time\" \/>\n\t<meta name=\"twitter:data1\" content=\"1 minute\" \/>\n<script type=\"application\/ld+json\" class=\"yoast-schema-graph\">{\"@context\":\"https:\\\/\\\/schema.org\",\"@graph\":[{\"@type\":\"WebPage\",\"@id\":\"https:\\\/\\\/skatteadvokaterne.dk\\\/arbejdsomrader\\\/radgivning-og-skat\\\/investeringsbeskatning\\\/\",\"url\":\"https:\\\/\\\/skatteadvokaterne.dk\\\/arbejdsomrader\\\/radgivning-og-skat\\\/investeringsbeskatning\\\/\",\"name\":\"Investeringsbeskatning - skatteadvokaterne.dk\",\"isPartOf\":{\"@id\":\"https:\\\/\\\/skatteadvokaterne.dk\\\/#website\"},\"datePublished\":\"2024-07-23T06:59:57+00:00\",\"dateModified\":\"2025-01-09T08:14:24+00:00\",\"breadcrumb\":{\"@id\":\"https:\\\/\\\/skatteadvokaterne.dk\\\/arbejdsomrader\\\/radgivning-og-skat\\\/investeringsbeskatning\\\/#breadcrumb\"},\"inLanguage\":\"en-GB\",\"potentialAction\":[{\"@type\":\"ReadAction\",\"target\":[\"https:\\\/\\\/skatteadvokaterne.dk\\\/arbejdsomrader\\\/radgivning-og-skat\\\/investeringsbeskatning\\\/\"]}]},{\"@type\":\"BreadcrumbList\",\"@id\":\"https:\\\/\\\/skatteadvokaterne.dk\\\/arbejdsomrader\\\/radgivning-og-skat\\\/investeringsbeskatning\\\/#breadcrumb\",\"itemListElement\":[{\"@type\":\"ListItem\",\"position\":1,\"name\":\"Home\",\"item\":\"https:\\\/\\\/skatteadvokaterne.dk\\\/\"},{\"@type\":\"ListItem\",\"position\":2,\"name\":\"Arbejdsomr\u00e5der\",\"item\":\"https:\\\/\\\/skatteadvokaterne.dk\\\/arbejdsomrader\\\/\"},{\"@type\":\"ListItem\",\"position\":3,\"name\":\"R\u00e5dgivning og skat\",\"item\":\"https:\\\/\\\/skatteadvokaterne.dk\\\/arbejdsomrader\\\/radgivning-og-skat\\\/\"},{\"@type\":\"ListItem\",\"position\":4,\"name\":\"Investeringsbeskatning\"}]},{\"@type\":\"WebSite\",\"@id\":\"https:\\\/\\\/skatteadvokaterne.dk\\\/#website\",\"url\":\"https:\\\/\\\/skatteadvokaterne.dk\\\/\",\"name\":\"skatteadvokaterne.dk\",\"description\":\"\",\"potentialAction\":[{\"@type\":\"SearchAction\",\"target\":{\"@type\":\"EntryPoint\",\"urlTemplate\":\"https:\\\/\\\/skatteadvokaterne.dk\\\/?s={search_term_string}\"},\"query-input\":{\"@type\":\"PropertyValueSpecification\",\"valueRequired\":true,\"valueName\":\"search_term_string\"}}],\"inLanguage\":\"en-GB\"}]}<\/script>\n<!-- \/ Yoast SEO plugin. -->","yoast_head_json":{"title":"Investeringsbeskatning - skatteadvokaterne.dk","robots":{"index":"index","follow":"follow","max-snippet":"max-snippet:-1","max-image-preview":"max-image-preview:large","max-video-preview":"max-video-preview:-1"},"canonical":"https:\/\/skatteadvokaterne.dk\/en\/arbejdsomrader\/radgivning-og-skat\/investeringsbeskatning\/","og_locale":"en_GB","og_type":"article","og_title":"Investeringsbeskatning - skatteadvokaterne.dk","og_description":"Fortjeneste eller tab fra investeringer beskattes forskelligt alt efter, hvad der er investeret i. S\u00e5ledes beskattes avancer ved salg af aktier som aktieindkomst, mens kursgevinst p\u00e5 obligationer beskattes som kapitalindkomst, hvis den overhovedet beskattes. Herudover er der en lang r\u00e6kke aktiver, hvor en eventuel avance overhovedet ikke vil blive beskattet. Fradrag for tab p\u00e5 investeringer [&hellip;]","og_url":"https:\/\/skatteadvokaterne.dk\/en\/arbejdsomrader\/radgivning-og-skat\/investeringsbeskatning\/","og_site_name":"skatteadvokaterne.dk","article_modified_time":"2025-01-09T08:14:24+00:00","twitter_card":"summary_large_image","twitter_misc":{"Estimated reading time":"1 minute"},"schema":{"@context":"https:\/\/schema.org","@graph":[{"@type":"WebPage","@id":"https:\/\/skatteadvokaterne.dk\/arbejdsomrader\/radgivning-og-skat\/investeringsbeskatning\/","url":"https:\/\/skatteadvokaterne.dk\/arbejdsomrader\/radgivning-og-skat\/investeringsbeskatning\/","name":"Investeringsbeskatning - skatteadvokaterne.dk","isPartOf":{"@id":"https:\/\/skatteadvokaterne.dk\/#website"},"datePublished":"2024-07-23T06:59:57+00:00","dateModified":"2025-01-09T08:14:24+00:00","breadcrumb":{"@id":"https:\/\/skatteadvokaterne.dk\/arbejdsomrader\/radgivning-og-skat\/investeringsbeskatning\/#breadcrumb"},"inLanguage":"en-GB","potentialAction":[{"@type":"ReadAction","target":["https:\/\/skatteadvokaterne.dk\/arbejdsomrader\/radgivning-og-skat\/investeringsbeskatning\/"]}]},{"@type":"BreadcrumbList","@id":"https:\/\/skatteadvokaterne.dk\/arbejdsomrader\/radgivning-og-skat\/investeringsbeskatning\/#breadcrumb","itemListElement":[{"@type":"ListItem","position":1,"name":"Home","item":"https:\/\/skatteadvokaterne.dk\/"},{"@type":"ListItem","position":2,"name":"Arbejdsomr\u00e5der","item":"https:\/\/skatteadvokaterne.dk\/arbejdsomrader\/"},{"@type":"ListItem","position":3,"name":"R\u00e5dgivning og skat","item":"https:\/\/skatteadvokaterne.dk\/arbejdsomrader\/radgivning-og-skat\/"},{"@type":"ListItem","position":4,"name":"Investeringsbeskatning"}]},{"@type":"WebSite","@id":"https:\/\/skatteadvokaterne.dk\/#website","url":"https:\/\/skatteadvokaterne.dk\/","name":"skatteadvokaterne.dk","description":"","potentialAction":[{"@type":"SearchAction","target":{"@type":"EntryPoint","urlTemplate":"https:\/\/skatteadvokaterne.dk\/?s={search_term_string}"},"query-input":{"@type":"PropertyValueSpecification","valueRequired":true,"valueName":"search_term_string"}}],"inLanguage":"en-GB"}]}},"_links":{"self":[{"href":"https:\/\/skatteadvokaterne.dk\/en\/wp-json\/wp\/v2\/pages\/49","targetHints":{"allow":["GET"]}}],"collection":[{"href":"https:\/\/skatteadvokaterne.dk\/en\/wp-json\/wp\/v2\/pages"}],"about":[{"href":"https:\/\/skatteadvokaterne.dk\/en\/wp-json\/wp\/v2\/types\/page"}],"author":[{"embeddable":true,"href":"https:\/\/skatteadvokaterne.dk\/en\/wp-json\/wp\/v2\/users\/1"}],"replies":[{"embeddable":true,"href":"https:\/\/skatteadvokaterne.dk\/en\/wp-json\/wp\/v2\/comments?post=49"}],"version-history":[{"count":10,"href":"https:\/\/skatteadvokaterne.dk\/en\/wp-json\/wp\/v2\/pages\/49\/revisions"}],"predecessor-version":[{"id":825,"href":"https:\/\/skatteadvokaterne.dk\/en\/wp-json\/wp\/v2\/pages\/49\/revisions\/825"}],"up":[{"embeddable":true,"href":"https:\/\/skatteadvokaterne.dk\/en\/wp-json\/wp\/v2\/pages\/29"}],"wp:attachment":[{"href":"https:\/\/skatteadvokaterne.dk\/en\/wp-json\/wp\/v2\/media?parent=49"}],"curies":[{"name":"wp","href":"https:\/\/api.w.org\/{rel}","templated":true}]}}