{"id":47,"date":"2024-07-23T06:59:39","date_gmt":"2024-07-23T06:59:39","guid":{"rendered":"https:\/\/skatteadvokaterne.dk\/?page_id=47"},"modified":"2025-09-29T16:19:36","modified_gmt":"2025-09-29T16:19:36","slug":"bindende-svar-fra-skat-eller-skatteradet","status":"publish","type":"page","link":"https:\/\/skatteadvokaterne.dk\/en\/arbejdsomrader\/radgivning-og-skat\/bindende-svar-fra-skat-eller-skatteradet\/","title":{"rendered":"Bindende svar fra SKAT eller Skatter\u00e5det"},"content":{"rendered":"<div data-elementor-type=\"wp-page\" data-elementor-id=\"47\" class=\"elementor elementor-47\" data-elementor-post-type=\"page\">\n\t\t\t\t<div class=\"elementor-element elementor-element-6a6ac6f0 e-flex e-con-boxed e-con e-parent\" data-id=\"6a6ac6f0\" data-element_type=\"container\" data-e-type=\"container\" data-settings=\"{&quot;background_background&quot;:&quot;classic&quot;}\">\n\t\t\t\t\t<div class=\"e-con-inner\">\n\t\t\t\t<div class=\"elementor-element elementor-element-3e949a48 elementor-widget elementor-widget-heading\" data-id=\"3e949a48\" data-element_type=\"widget\" data-e-type=\"widget\" data-widget_type=\"heading.default\">\n\t\t\t\t<div class=\"elementor-widget-container\">\n\t\t\t\t\t<h1 class=\"elementor-heading-title elementor-size-default\">Bindende svar fra SKAT eller Skatter\u00e5det<\/h1>\t\t\t\t<\/div>\n\t\t\t\t<\/div>\n\t\t\t\t\t<\/div>\n\t\t\t\t<\/div>\n\t\t<div class=\"elementor-element elementor-element-1d032db1 e-flex e-con-boxed e-con e-parent\" data-id=\"1d032db1\" data-element_type=\"container\" data-e-type=\"container\">\n\t\t\t\t\t<div class=\"e-con-inner\">\n\t\t\t\t<div class=\"elementor-element elementor-element-54c49916 elementor-widget elementor-widget-text-editor\" data-id=\"54c49916\" data-element_type=\"widget\" data-e-type=\"widget\" data-widget_type=\"text-editor.default\">\n\t\t\t\t<div class=\"elementor-widget-container\">\n\t\t\t\t\t\t\t\t\t<p>Det forekommer ofte, at nuancerne i virkelighedens verden overstiger, hvad lovgiver kunne eller ville lovgive om, da man lavede en given skattelov. Det er ikke i alle situationer muligt med den forn\u00f8dne sikkerhed at forudsige, om en bestemt transaktion vil udl\u00f8se beskatning eller st\u00f8rrelsen heraf. <br \/><br \/>I s\u00e5danne situationer anbefaler Skatteadvokaterne, at Skattestyrelsen anmodes om bindende svar. <br \/><br \/>N\u00e5r der indhentes bindende svar fra Skattestyrelsen, vil en s\u00e5dan tvivl blive oph\u00e6vet. Dette skyldes, at Skattestyrelsens svar er bindende for Skattestyrelsen og der derfor p\u00e5 forh\u00e5nd opn\u00e5s sikkerhed for det skattem\u00e6ssige resultat inden transaktionen gennemf\u00f8res. Ved anmodning om bindende svar af mere principielle sp\u00f8rgsm\u00e5l vil svaret blive afgivet af Skatter\u00e5det. <br \/><br \/>Vi r\u00e5dgiver om bindende svar og udarbejder ans\u00f8gning herom.<\/p>\t\t\t\t\t\t\t\t<\/div>\n\t\t\t\t<\/div>\n\t\t\t\t\t<\/div>\n\t\t\t\t<\/div>\n\t\t\t\t<\/div>","protected":false},"excerpt":{"rendered":"<p>Det forekommer ofte, at nuancerne i virkelighedens verden overstiger, hvad lovgiver kunne eller ville lovgive om, da man lavede en given skattelov. Det er ikke i alle situationer muligt med den forn\u00f8dne sikkerhed at forudsige, om en bestemt transaktion vil udl\u00f8se beskatning eller st\u00f8rrelsen heraf. I s\u00e5danne situationer anbefaler Skatteadvokaterne, at Skattestyrelsen anmodes om bindende [&hellip;]<\/p>\n","protected":false},"author":1,"featured_media":0,"parent":29,"menu_order":0,"comment_status":"closed","ping_status":"closed","template":"elementor_header_footer","meta":{"_exactmetrics_skip_tracking":false,"_exactmetrics_sitenote_active":false,"_exactmetrics_sitenote_note":"","_exactmetrics_sitenote_category":0,"footnotes":""},"class_list":["post-47","page","type-page","status-publish","hentry"],"yoast_head":"<!-- This site is optimized with the Yoast SEO plugin v27.3 - https:\/\/yoast.com\/product\/yoast-seo-wordpress\/ -->\n<title>Bindende svar fra SKAT eller Skatter\u00e5det - skatteadvokaterne.dk<\/title>\n<meta name=\"robots\" content=\"index, follow, max-snippet:-1, max-image-preview:large, max-video-preview:-1\" \/>\n<link rel=\"canonical\" href=\"https:\/\/skatteadvokaterne.dk\/en\/arbejdsomrader\/radgivning-og-skat\/bindende-svar-fra-skat-eller-skatteradet\/\" \/>\n<meta property=\"og:locale\" content=\"en_GB\" \/>\n<meta property=\"og:type\" content=\"article\" \/>\n<meta property=\"og:title\" content=\"Bindende svar fra SKAT eller Skatter\u00e5det - skatteadvokaterne.dk\" \/>\n<meta property=\"og:description\" content=\"Det forekommer ofte, at nuancerne i virkelighedens verden overstiger, hvad lovgiver kunne eller ville lovgive om, da man lavede en given skattelov. Det er ikke i alle situationer muligt med den forn\u00f8dne sikkerhed at forudsige, om en bestemt transaktion vil udl\u00f8se beskatning eller st\u00f8rrelsen heraf. I s\u00e5danne situationer anbefaler Skatteadvokaterne, at Skattestyrelsen anmodes om bindende [&hellip;]\" \/>\n<meta property=\"og:url\" content=\"https:\/\/skatteadvokaterne.dk\/en\/arbejdsomrader\/radgivning-og-skat\/bindende-svar-fra-skat-eller-skatteradet\/\" \/>\n<meta property=\"og:site_name\" content=\"skatteadvokaterne.dk\" \/>\n<meta property=\"article:modified_time\" content=\"2025-09-29T16:19:36+00:00\" \/>\n<meta name=\"twitter:card\" content=\"summary_large_image\" \/>\n<meta name=\"twitter:label1\" content=\"Estimated reading time\" \/>\n\t<meta name=\"twitter:data1\" content=\"1 minute\" \/>\n<script type=\"application\/ld+json\" class=\"yoast-schema-graph\">{\"@context\":\"https:\\\/\\\/schema.org\",\"@graph\":[{\"@type\":\"WebPage\",\"@id\":\"https:\\\/\\\/skatteadvokaterne.dk\\\/arbejdsomrader\\\/radgivning-og-skat\\\/bindende-svar-fra-skat-eller-skatteradet\\\/\",\"url\":\"https:\\\/\\\/skatteadvokaterne.dk\\\/arbejdsomrader\\\/radgivning-og-skat\\\/bindende-svar-fra-skat-eller-skatteradet\\\/\",\"name\":\"Bindende svar fra SKAT eller Skatter\u00e5det - skatteadvokaterne.dk\",\"isPartOf\":{\"@id\":\"https:\\\/\\\/skatteadvokaterne.dk\\\/#website\"},\"datePublished\":\"2024-07-23T06:59:39+00:00\",\"dateModified\":\"2025-09-29T16:19:36+00:00\",\"breadcrumb\":{\"@id\":\"https:\\\/\\\/skatteadvokaterne.dk\\\/arbejdsomrader\\\/radgivning-og-skat\\\/bindende-svar-fra-skat-eller-skatteradet\\\/#breadcrumb\"},\"inLanguage\":\"en-GB\",\"potentialAction\":[{\"@type\":\"ReadAction\",\"target\":[\"https:\\\/\\\/skatteadvokaterne.dk\\\/arbejdsomrader\\\/radgivning-og-skat\\\/bindende-svar-fra-skat-eller-skatteradet\\\/\"]}]},{\"@type\":\"BreadcrumbList\",\"@id\":\"https:\\\/\\\/skatteadvokaterne.dk\\\/arbejdsomrader\\\/radgivning-og-skat\\\/bindende-svar-fra-skat-eller-skatteradet\\\/#breadcrumb\",\"itemListElement\":[{\"@type\":\"ListItem\",\"position\":1,\"name\":\"Home\",\"item\":\"https:\\\/\\\/skatteadvokaterne.dk\\\/\"},{\"@type\":\"ListItem\",\"position\":2,\"name\":\"Arbejdsomr\u00e5der\",\"item\":\"https:\\\/\\\/skatteadvokaterne.dk\\\/arbejdsomrader\\\/\"},{\"@type\":\"ListItem\",\"position\":3,\"name\":\"R\u00e5dgivning og skat\",\"item\":\"https:\\\/\\\/skatteadvokaterne.dk\\\/arbejdsomrader\\\/radgivning-og-skat\\\/\"},{\"@type\":\"ListItem\",\"position\":4,\"name\":\"Bindende svar fra SKAT eller Skatter\u00e5det\"}]},{\"@type\":\"WebSite\",\"@id\":\"https:\\\/\\\/skatteadvokaterne.dk\\\/#website\",\"url\":\"https:\\\/\\\/skatteadvokaterne.dk\\\/\",\"name\":\"skatteadvokaterne.dk\",\"description\":\"\",\"potentialAction\":[{\"@type\":\"SearchAction\",\"target\":{\"@type\":\"EntryPoint\",\"urlTemplate\":\"https:\\\/\\\/skatteadvokaterne.dk\\\/?s={search_term_string}\"},\"query-input\":{\"@type\":\"PropertyValueSpecification\",\"valueRequired\":true,\"valueName\":\"search_term_string\"}}],\"inLanguage\":\"en-GB\"}]}<\/script>\n<!-- \/ Yoast SEO plugin. -->","yoast_head_json":{"title":"Bindende svar fra SKAT eller Skatter\u00e5det - skatteadvokaterne.dk","robots":{"index":"index","follow":"follow","max-snippet":"max-snippet:-1","max-image-preview":"max-image-preview:large","max-video-preview":"max-video-preview:-1"},"canonical":"https:\/\/skatteadvokaterne.dk\/en\/arbejdsomrader\/radgivning-og-skat\/bindende-svar-fra-skat-eller-skatteradet\/","og_locale":"en_GB","og_type":"article","og_title":"Bindende svar fra SKAT eller Skatter\u00e5det - skatteadvokaterne.dk","og_description":"Det forekommer ofte, at nuancerne i virkelighedens verden overstiger, hvad lovgiver kunne eller ville lovgive om, da man lavede en given skattelov. Det er ikke i alle situationer muligt med den forn\u00f8dne sikkerhed at forudsige, om en bestemt transaktion vil udl\u00f8se beskatning eller st\u00f8rrelsen heraf. I s\u00e5danne situationer anbefaler Skatteadvokaterne, at Skattestyrelsen anmodes om bindende [&hellip;]","og_url":"https:\/\/skatteadvokaterne.dk\/en\/arbejdsomrader\/radgivning-og-skat\/bindende-svar-fra-skat-eller-skatteradet\/","og_site_name":"skatteadvokaterne.dk","article_modified_time":"2025-09-29T16:19:36+00:00","twitter_card":"summary_large_image","twitter_misc":{"Estimated reading time":"1 minute"},"schema":{"@context":"https:\/\/schema.org","@graph":[{"@type":"WebPage","@id":"https:\/\/skatteadvokaterne.dk\/arbejdsomrader\/radgivning-og-skat\/bindende-svar-fra-skat-eller-skatteradet\/","url":"https:\/\/skatteadvokaterne.dk\/arbejdsomrader\/radgivning-og-skat\/bindende-svar-fra-skat-eller-skatteradet\/","name":"Bindende svar fra SKAT eller Skatter\u00e5det - skatteadvokaterne.dk","isPartOf":{"@id":"https:\/\/skatteadvokaterne.dk\/#website"},"datePublished":"2024-07-23T06:59:39+00:00","dateModified":"2025-09-29T16:19:36+00:00","breadcrumb":{"@id":"https:\/\/skatteadvokaterne.dk\/arbejdsomrader\/radgivning-og-skat\/bindende-svar-fra-skat-eller-skatteradet\/#breadcrumb"},"inLanguage":"en-GB","potentialAction":[{"@type":"ReadAction","target":["https:\/\/skatteadvokaterne.dk\/arbejdsomrader\/radgivning-og-skat\/bindende-svar-fra-skat-eller-skatteradet\/"]}]},{"@type":"BreadcrumbList","@id":"https:\/\/skatteadvokaterne.dk\/arbejdsomrader\/radgivning-og-skat\/bindende-svar-fra-skat-eller-skatteradet\/#breadcrumb","itemListElement":[{"@type":"ListItem","position":1,"name":"Home","item":"https:\/\/skatteadvokaterne.dk\/"},{"@type":"ListItem","position":2,"name":"Arbejdsomr\u00e5der","item":"https:\/\/skatteadvokaterne.dk\/arbejdsomrader\/"},{"@type":"ListItem","position":3,"name":"R\u00e5dgivning og skat","item":"https:\/\/skatteadvokaterne.dk\/arbejdsomrader\/radgivning-og-skat\/"},{"@type":"ListItem","position":4,"name":"Bindende svar fra SKAT eller Skatter\u00e5det"}]},{"@type":"WebSite","@id":"https:\/\/skatteadvokaterne.dk\/#website","url":"https:\/\/skatteadvokaterne.dk\/","name":"skatteadvokaterne.dk","description":"","potentialAction":[{"@type":"SearchAction","target":{"@type":"EntryPoint","urlTemplate":"https:\/\/skatteadvokaterne.dk\/?s={search_term_string}"},"query-input":{"@type":"PropertyValueSpecification","valueRequired":true,"valueName":"search_term_string"}}],"inLanguage":"en-GB"}]}},"_links":{"self":[{"href":"https:\/\/skatteadvokaterne.dk\/en\/wp-json\/wp\/v2\/pages\/47","targetHints":{"allow":["GET"]}}],"collection":[{"href":"https:\/\/skatteadvokaterne.dk\/en\/wp-json\/wp\/v2\/pages"}],"about":[{"href":"https:\/\/skatteadvokaterne.dk\/en\/wp-json\/wp\/v2\/types\/page"}],"author":[{"embeddable":true,"href":"https:\/\/skatteadvokaterne.dk\/en\/wp-json\/wp\/v2\/users\/1"}],"replies":[{"embeddable":true,"href":"https:\/\/skatteadvokaterne.dk\/en\/wp-json\/wp\/v2\/comments?post=47"}],"version-history":[{"count":11,"href":"https:\/\/skatteadvokaterne.dk\/en\/wp-json\/wp\/v2\/pages\/47\/revisions"}],"predecessor-version":[{"id":1224,"href":"https:\/\/skatteadvokaterne.dk\/en\/wp-json\/wp\/v2\/pages\/47\/revisions\/1224"}],"up":[{"embeddable":true,"href":"https:\/\/skatteadvokaterne.dk\/en\/wp-json\/wp\/v2\/pages\/29"}],"wp:attachment":[{"href":"https:\/\/skatteadvokaterne.dk\/en\/wp-json\/wp\/v2\/media?parent=47"}],"curies":[{"name":"wp","href":"https:\/\/api.w.org\/{rel}","templated":true}]}}