{"id":45,"date":"2024-07-23T06:59:22","date_gmt":"2024-07-23T06:59:22","guid":{"rendered":"https:\/\/skatteadvokaterne.dk\/?page_id=45"},"modified":"2025-01-09T08:13:33","modified_gmt":"2025-01-09T08:13:33","slug":"begraenset-skattepligt-for-udlandsdanskere","status":"publish","type":"page","link":"https:\/\/skatteadvokaterne.dk\/en\/arbejdsomrader\/radgivning-og-skat\/begraenset-skattepligt-for-udlandsdanskere\/","title":{"rendered":"Begr\u00e6nset skattepligt for udlandsdanskere"},"content":{"rendered":"<div data-elementor-type=\"wp-page\" data-elementor-id=\"45\" class=\"elementor elementor-45\" data-elementor-post-type=\"page\">\n\t\t\t\t<div class=\"elementor-element elementor-element-4af62ed9 e-flex e-con-boxed e-con e-parent\" data-id=\"4af62ed9\" data-element_type=\"container\" data-e-type=\"container\" data-settings=\"{&quot;background_background&quot;:&quot;classic&quot;}\">\n\t\t\t\t\t<div class=\"e-con-inner\">\n\t\t\t\t<div class=\"elementor-element elementor-element-59cf98cb elementor-widget elementor-widget-heading\" data-id=\"59cf98cb\" data-element_type=\"widget\" data-e-type=\"widget\" data-widget_type=\"heading.default\">\n\t\t\t\t<div class=\"elementor-widget-container\">\n\t\t\t\t\t<h1 class=\"elementor-heading-title elementor-size-default\">Begr\u00e6nset skattepligt for udlandsdanskere<\/h1>\t\t\t\t<\/div>\n\t\t\t\t<\/div>\n\t\t\t\t\t<\/div>\n\t\t\t\t<\/div>\n\t\t<div class=\"elementor-element elementor-element-15507f61 e-flex e-con-boxed e-con e-parent\" data-id=\"15507f61\" data-element_type=\"container\" data-e-type=\"container\">\n\t\t\t\t\t<div class=\"e-con-inner\">\n\t\t\t\t<div class=\"elementor-element elementor-element-369a05b9 elementor-widget elementor-widget-text-editor\" data-id=\"369a05b9\" data-element_type=\"widget\" data-e-type=\"widget\" data-widget_type=\"text-editor.default\">\n\t\t\t\t<div class=\"elementor-widget-container\">\n\t\t\t\t\t\t\t\t\t<p>Mange udlandsdanskere har indkomst af den ene eller anden slags fra Danmark eller har et sommerhus her i landet, hvoraf der skal betales dansk skat. <br \/><br \/>Skatteadvokaterne r\u00e5dgiver om beskatningen af indkomster fra Danmark for udlandsdanskere med begr\u00e6nset skattepligt til Danmark. B\u00e5de i relation til opg\u00f8relsen af den danske skat, men ogs\u00e5 s\u00e5ledes at der opn\u00e5s den korrekte lempelse i tilf\u00e6lde af dobbeltbeskatning.<\/p>\t\t\t\t\t\t\t\t<\/div>\n\t\t\t\t<\/div>\n\t\t\t\t\t<\/div>\n\t\t\t\t<\/div>\n\t\t\t\t<\/div>","protected":false},"excerpt":{"rendered":"<p>Mange udlandsdanskere har indkomst af den ene eller anden slags fra Danmark eller har et sommerhus her i landet, hvoraf der skal betales dansk skat. Skatteadvokaterne r\u00e5dgiver om beskatningen af indkomster fra Danmark for udlandsdanskere med begr\u00e6nset skattepligt til Danmark. B\u00e5de i relation til opg\u00f8relsen af den danske skat, men ogs\u00e5 s\u00e5ledes at der opn\u00e5s [&hellip;]<\/p>\n","protected":false},"author":1,"featured_media":0,"parent":29,"menu_order":0,"comment_status":"closed","ping_status":"closed","template":"elementor_header_footer","meta":{"_exactmetrics_skip_tracking":false,"_exactmetrics_sitenote_active":false,"_exactmetrics_sitenote_note":"","_exactmetrics_sitenote_category":0,"footnotes":""},"class_list":["post-45","page","type-page","status-publish","hentry"],"yoast_head":"<!-- This site is optimized with the Yoast SEO plugin v27.3 - https:\/\/yoast.com\/product\/yoast-seo-wordpress\/ -->\n<title>Begr\u00e6nset skattepligt for udlandsdanskere - skatteadvokaterne.dk<\/title>\n<meta name=\"robots\" content=\"index, follow, max-snippet:-1, max-image-preview:large, max-video-preview:-1\" \/>\n<link rel=\"canonical\" href=\"https:\/\/skatteadvokaterne.dk\/en\/arbejdsomrader\/radgivning-og-skat\/begraenset-skattepligt-for-udlandsdanskere\/\" \/>\n<meta property=\"og:locale\" content=\"en_GB\" \/>\n<meta property=\"og:type\" content=\"article\" \/>\n<meta property=\"og:title\" content=\"Begr\u00e6nset skattepligt for udlandsdanskere - skatteadvokaterne.dk\" \/>\n<meta property=\"og:description\" content=\"Mange udlandsdanskere har indkomst af den ene eller anden slags fra Danmark eller har et sommerhus her i landet, hvoraf der skal betales dansk skat. Skatteadvokaterne r\u00e5dgiver om beskatningen af indkomster fra Danmark for udlandsdanskere med begr\u00e6nset skattepligt til Danmark. B\u00e5de i relation til opg\u00f8relsen af den danske skat, men ogs\u00e5 s\u00e5ledes at der opn\u00e5s [&hellip;]\" \/>\n<meta property=\"og:url\" content=\"https:\/\/skatteadvokaterne.dk\/en\/arbejdsomrader\/radgivning-og-skat\/begraenset-skattepligt-for-udlandsdanskere\/\" \/>\n<meta property=\"og:site_name\" content=\"skatteadvokaterne.dk\" \/>\n<meta property=\"article:modified_time\" content=\"2025-01-09T08:13:33+00:00\" \/>\n<meta name=\"twitter:card\" content=\"summary_large_image\" \/>\n<meta name=\"twitter:label1\" content=\"Estimated reading time\" \/>\n\t<meta name=\"twitter:data1\" content=\"1 minute\" \/>\n<script type=\"application\/ld+json\" class=\"yoast-schema-graph\">{\"@context\":\"https:\\\/\\\/schema.org\",\"@graph\":[{\"@type\":\"WebPage\",\"@id\":\"https:\\\/\\\/skatteadvokaterne.dk\\\/arbejdsomrader\\\/radgivning-og-skat\\\/begraenset-skattepligt-for-udlandsdanskere\\\/\",\"url\":\"https:\\\/\\\/skatteadvokaterne.dk\\\/arbejdsomrader\\\/radgivning-og-skat\\\/begraenset-skattepligt-for-udlandsdanskere\\\/\",\"name\":\"Begr\u00e6nset skattepligt for udlandsdanskere - skatteadvokaterne.dk\",\"isPartOf\":{\"@id\":\"https:\\\/\\\/skatteadvokaterne.dk\\\/#website\"},\"datePublished\":\"2024-07-23T06:59:22+00:00\",\"dateModified\":\"2025-01-09T08:13:33+00:00\",\"breadcrumb\":{\"@id\":\"https:\\\/\\\/skatteadvokaterne.dk\\\/arbejdsomrader\\\/radgivning-og-skat\\\/begraenset-skattepligt-for-udlandsdanskere\\\/#breadcrumb\"},\"inLanguage\":\"en-GB\",\"potentialAction\":[{\"@type\":\"ReadAction\",\"target\":[\"https:\\\/\\\/skatteadvokaterne.dk\\\/arbejdsomrader\\\/radgivning-og-skat\\\/begraenset-skattepligt-for-udlandsdanskere\\\/\"]}]},{\"@type\":\"BreadcrumbList\",\"@id\":\"https:\\\/\\\/skatteadvokaterne.dk\\\/arbejdsomrader\\\/radgivning-og-skat\\\/begraenset-skattepligt-for-udlandsdanskere\\\/#breadcrumb\",\"itemListElement\":[{\"@type\":\"ListItem\",\"position\":1,\"name\":\"Home\",\"item\":\"https:\\\/\\\/skatteadvokaterne.dk\\\/\"},{\"@type\":\"ListItem\",\"position\":2,\"name\":\"Arbejdsomr\u00e5der\",\"item\":\"https:\\\/\\\/skatteadvokaterne.dk\\\/arbejdsomrader\\\/\"},{\"@type\":\"ListItem\",\"position\":3,\"name\":\"R\u00e5dgivning og skat\",\"item\":\"https:\\\/\\\/skatteadvokaterne.dk\\\/arbejdsomrader\\\/radgivning-og-skat\\\/\"},{\"@type\":\"ListItem\",\"position\":4,\"name\":\"Begr\u00e6nset skattepligt for udlandsdanskere\"}]},{\"@type\":\"WebSite\",\"@id\":\"https:\\\/\\\/skatteadvokaterne.dk\\\/#website\",\"url\":\"https:\\\/\\\/skatteadvokaterne.dk\\\/\",\"name\":\"skatteadvokaterne.dk\",\"description\":\"\",\"potentialAction\":[{\"@type\":\"SearchAction\",\"target\":{\"@type\":\"EntryPoint\",\"urlTemplate\":\"https:\\\/\\\/skatteadvokaterne.dk\\\/?s={search_term_string}\"},\"query-input\":{\"@type\":\"PropertyValueSpecification\",\"valueRequired\":true,\"valueName\":\"search_term_string\"}}],\"inLanguage\":\"en-GB\"}]}<\/script>\n<!-- \/ Yoast SEO plugin. -->","yoast_head_json":{"title":"Begr\u00e6nset skattepligt for udlandsdanskere - skatteadvokaterne.dk","robots":{"index":"index","follow":"follow","max-snippet":"max-snippet:-1","max-image-preview":"max-image-preview:large","max-video-preview":"max-video-preview:-1"},"canonical":"https:\/\/skatteadvokaterne.dk\/en\/arbejdsomrader\/radgivning-og-skat\/begraenset-skattepligt-for-udlandsdanskere\/","og_locale":"en_GB","og_type":"article","og_title":"Begr\u00e6nset skattepligt for udlandsdanskere - skatteadvokaterne.dk","og_description":"Mange udlandsdanskere har indkomst af den ene eller anden slags fra Danmark eller har et sommerhus her i landet, hvoraf der skal betales dansk skat. Skatteadvokaterne r\u00e5dgiver om beskatningen af indkomster fra Danmark for udlandsdanskere med begr\u00e6nset skattepligt til Danmark. B\u00e5de i relation til opg\u00f8relsen af den danske skat, men ogs\u00e5 s\u00e5ledes at der opn\u00e5s [&hellip;]","og_url":"https:\/\/skatteadvokaterne.dk\/en\/arbejdsomrader\/radgivning-og-skat\/begraenset-skattepligt-for-udlandsdanskere\/","og_site_name":"skatteadvokaterne.dk","article_modified_time":"2025-01-09T08:13:33+00:00","twitter_card":"summary_large_image","twitter_misc":{"Estimated reading time":"1 minute"},"schema":{"@context":"https:\/\/schema.org","@graph":[{"@type":"WebPage","@id":"https:\/\/skatteadvokaterne.dk\/arbejdsomrader\/radgivning-og-skat\/begraenset-skattepligt-for-udlandsdanskere\/","url":"https:\/\/skatteadvokaterne.dk\/arbejdsomrader\/radgivning-og-skat\/begraenset-skattepligt-for-udlandsdanskere\/","name":"Begr\u00e6nset skattepligt for udlandsdanskere - skatteadvokaterne.dk","isPartOf":{"@id":"https:\/\/skatteadvokaterne.dk\/#website"},"datePublished":"2024-07-23T06:59:22+00:00","dateModified":"2025-01-09T08:13:33+00:00","breadcrumb":{"@id":"https:\/\/skatteadvokaterne.dk\/arbejdsomrader\/radgivning-og-skat\/begraenset-skattepligt-for-udlandsdanskere\/#breadcrumb"},"inLanguage":"en-GB","potentialAction":[{"@type":"ReadAction","target":["https:\/\/skatteadvokaterne.dk\/arbejdsomrader\/radgivning-og-skat\/begraenset-skattepligt-for-udlandsdanskere\/"]}]},{"@type":"BreadcrumbList","@id":"https:\/\/skatteadvokaterne.dk\/arbejdsomrader\/radgivning-og-skat\/begraenset-skattepligt-for-udlandsdanskere\/#breadcrumb","itemListElement":[{"@type":"ListItem","position":1,"name":"Home","item":"https:\/\/skatteadvokaterne.dk\/"},{"@type":"ListItem","position":2,"name":"Arbejdsomr\u00e5der","item":"https:\/\/skatteadvokaterne.dk\/arbejdsomrader\/"},{"@type":"ListItem","position":3,"name":"R\u00e5dgivning og skat","item":"https:\/\/skatteadvokaterne.dk\/arbejdsomrader\/radgivning-og-skat\/"},{"@type":"ListItem","position":4,"name":"Begr\u00e6nset skattepligt for udlandsdanskere"}]},{"@type":"WebSite","@id":"https:\/\/skatteadvokaterne.dk\/#website","url":"https:\/\/skatteadvokaterne.dk\/","name":"skatteadvokaterne.dk","description":"","potentialAction":[{"@type":"SearchAction","target":{"@type":"EntryPoint","urlTemplate":"https:\/\/skatteadvokaterne.dk\/?s={search_term_string}"},"query-input":{"@type":"PropertyValueSpecification","valueRequired":true,"valueName":"search_term_string"}}],"inLanguage":"en-GB"}]}},"_links":{"self":[{"href":"https:\/\/skatteadvokaterne.dk\/en\/wp-json\/wp\/v2\/pages\/45","targetHints":{"allow":["GET"]}}],"collection":[{"href":"https:\/\/skatteadvokaterne.dk\/en\/wp-json\/wp\/v2\/pages"}],"about":[{"href":"https:\/\/skatteadvokaterne.dk\/en\/wp-json\/wp\/v2\/types\/page"}],"author":[{"embeddable":true,"href":"https:\/\/skatteadvokaterne.dk\/en\/wp-json\/wp\/v2\/users\/1"}],"replies":[{"embeddable":true,"href":"https:\/\/skatteadvokaterne.dk\/en\/wp-json\/wp\/v2\/comments?post=45"}],"version-history":[{"count":10,"href":"https:\/\/skatteadvokaterne.dk\/en\/wp-json\/wp\/v2\/pages\/45\/revisions"}],"predecessor-version":[{"id":819,"href":"https:\/\/skatteadvokaterne.dk\/en\/wp-json\/wp\/v2\/pages\/45\/revisions\/819"}],"up":[{"embeddable":true,"href":"https:\/\/skatteadvokaterne.dk\/en\/wp-json\/wp\/v2\/pages\/29"}],"wp:attachment":[{"href":"https:\/\/skatteadvokaterne.dk\/en\/wp-json\/wp\/v2\/media?parent=45"}],"curies":[{"name":"wp","href":"https:\/\/api.w.org\/{rel}","templated":true}]}}