{"id":43,"date":"2024-07-23T06:59:01","date_gmt":"2024-07-23T06:59:01","guid":{"rendered":"https:\/\/skatteadvokaterne.dk\/?page_id=43"},"modified":"2025-01-09T08:13:02","modified_gmt":"2025-01-09T08:13:02","slug":"flytning-til-danmark","status":"publish","type":"page","link":"https:\/\/skatteadvokaterne.dk\/en\/arbejdsomrader\/radgivning-og-skat\/flytning-til-danmark\/","title":{"rendered":"Flytning til Danmark"},"content":{"rendered":"<div data-elementor-type=\"wp-page\" data-elementor-id=\"43\" class=\"elementor elementor-43\" data-elementor-post-type=\"page\">\n\t\t\t\t<div class=\"elementor-element elementor-element-743957ff e-flex e-con-boxed e-con e-parent\" data-id=\"743957ff\" data-element_type=\"container\" data-e-type=\"container\" data-settings=\"{&quot;background_background&quot;:&quot;classic&quot;}\">\n\t\t\t\t\t<div class=\"e-con-inner\">\n\t\t\t\t<div class=\"elementor-element elementor-element-e735eb1 elementor-widget elementor-widget-heading\" data-id=\"e735eb1\" data-element_type=\"widget\" data-e-type=\"widget\" data-widget_type=\"heading.default\">\n\t\t\t\t<div class=\"elementor-widget-container\">\n\t\t\t\t\t<h1 class=\"elementor-heading-title elementor-size-default\">Flytning til Danmark<\/h1>\t\t\t\t<\/div>\n\t\t\t\t<\/div>\n\t\t\t\t\t<\/div>\n\t\t\t\t<\/div>\n\t\t<div class=\"elementor-element elementor-element-3b2400cd e-flex e-con-boxed e-con e-parent\" data-id=\"3b2400cd\" data-element_type=\"container\" data-e-type=\"container\">\n\t\t\t\t\t<div class=\"e-con-inner\">\n\t\t\t\t<div class=\"elementor-element elementor-element-6df40371 elementor-widget elementor-widget-text-editor\" data-id=\"6df40371\" data-element_type=\"widget\" data-e-type=\"widget\" data-widget_type=\"text-editor.default\">\n\t\t\t\t<div class=\"elementor-widget-container\">\n\t\t\t\t\t\t\t\t\t<p>Skatteadvokaterne r\u00e5dgiver om flytning til Danmark. <br \/><br \/>Mange udlandsdanskere \u00f8nsker at bevare en vis forbindelse til Danmark og opholde sig her i landet i kortere eller l\u00e6ngere perioder, uden at den fulde skattepligt til Danmark udl\u00f8ses. Betingelserne for, hvorn\u00e5r fuld skattepligt (gen)indtr\u00e6der er ikke de samme, som betingelserne for oph\u00f8r af fuld skattepligt til Danmark. S\u00e5ledes udl\u00f8ser k\u00f8b af fast ejendom, der kan benyttes til hel\u00e5rsbeboelse, ikke i sig selv skattepligt til Danmark. Der skal normalt v\u00e6re tale om, at man tillige tager ophold i landet. Men varetagelse af indt\u00e6gtsgivende erhverv herunder bestyrelsesarbejde i en dansk virksomhed, vil kunne udl\u00f8se fuld dansk skattepligt, hvis der er en dansk bop\u00e6l til r\u00e5dighed. <br \/><br \/>Vi r\u00e5dgiver om, hvorn\u00e5r fuld skattepligt til Danmark indtr\u00e6der. <br \/><br \/>Ved tilbageflytning til Danmark bliver man omfattet af fuld skattepligt til Danmark. I den situation skal der ske fasts\u00e6ttelse af skattem\u00e6ssige indgangsv\u00e6rdier. <br \/><br \/>Vi bist\u00e5r med r\u00e5dgivning omkring skattepligten til Danmark og om hvordan indgangsv\u00e6rdierne bliver fastsat korrekt.<\/p>\t\t\t\t\t\t\t\t<\/div>\n\t\t\t\t<\/div>\n\t\t\t\t\t<\/div>\n\t\t\t\t<\/div>\n\t\t\t\t<\/div>","protected":false},"excerpt":{"rendered":"<p>Skatteadvokaterne r\u00e5dgiver om flytning til Danmark. Mange udlandsdanskere \u00f8nsker at bevare en vis forbindelse til Danmark og opholde sig her i landet i kortere eller l\u00e6ngere perioder, uden at den fulde skattepligt til Danmark udl\u00f8ses. Betingelserne for, hvorn\u00e5r fuld skattepligt (gen)indtr\u00e6der er ikke de samme, som betingelserne for oph\u00f8r af fuld skattepligt til Danmark. S\u00e5ledes [&hellip;]<\/p>\n","protected":false},"author":1,"featured_media":0,"parent":29,"menu_order":0,"comment_status":"closed","ping_status":"closed","template":"elementor_header_footer","meta":{"_exactmetrics_skip_tracking":false,"_exactmetrics_sitenote_active":false,"_exactmetrics_sitenote_note":"","_exactmetrics_sitenote_category":0,"footnotes":""},"class_list":["post-43","page","type-page","status-publish","hentry"],"yoast_head":"<!-- This site is optimized with the Yoast SEO plugin v27.3 - https:\/\/yoast.com\/product\/yoast-seo-wordpress\/ -->\n<title>Flytning til Danmark - skatteadvokaterne.dk<\/title>\n<meta name=\"robots\" content=\"index, follow, max-snippet:-1, max-image-preview:large, max-video-preview:-1\" \/>\n<link rel=\"canonical\" href=\"https:\/\/skatteadvokaterne.dk\/en\/arbejdsomrader\/radgivning-og-skat\/flytning-til-danmark\/\" \/>\n<meta property=\"og:locale\" content=\"en_GB\" \/>\n<meta property=\"og:type\" content=\"article\" \/>\n<meta property=\"og:title\" content=\"Flytning til Danmark - skatteadvokaterne.dk\" \/>\n<meta property=\"og:description\" content=\"Skatteadvokaterne r\u00e5dgiver om flytning til Danmark. Mange udlandsdanskere \u00f8nsker at bevare en vis forbindelse til Danmark og opholde sig her i landet i kortere eller l\u00e6ngere perioder, uden at den fulde skattepligt til Danmark udl\u00f8ses. Betingelserne for, hvorn\u00e5r fuld skattepligt (gen)indtr\u00e6der er ikke de samme, som betingelserne for oph\u00f8r af fuld skattepligt til Danmark. S\u00e5ledes [&hellip;]\" \/>\n<meta property=\"og:url\" content=\"https:\/\/skatteadvokaterne.dk\/en\/arbejdsomrader\/radgivning-og-skat\/flytning-til-danmark\/\" \/>\n<meta property=\"og:site_name\" content=\"skatteadvokaterne.dk\" \/>\n<meta property=\"article:modified_time\" content=\"2025-01-09T08:13:02+00:00\" \/>\n<meta name=\"twitter:card\" content=\"summary_large_image\" \/>\n<meta name=\"twitter:label1\" content=\"Estimated reading time\" \/>\n\t<meta name=\"twitter:data1\" content=\"1 minute\" \/>\n<script type=\"application\/ld+json\" class=\"yoast-schema-graph\">{\"@context\":\"https:\\\/\\\/schema.org\",\"@graph\":[{\"@type\":\"WebPage\",\"@id\":\"https:\\\/\\\/skatteadvokaterne.dk\\\/arbejdsomrader\\\/radgivning-og-skat\\\/flytning-til-danmark\\\/\",\"url\":\"https:\\\/\\\/skatteadvokaterne.dk\\\/arbejdsomrader\\\/radgivning-og-skat\\\/flytning-til-danmark\\\/\",\"name\":\"Flytning til Danmark - skatteadvokaterne.dk\",\"isPartOf\":{\"@id\":\"https:\\\/\\\/skatteadvokaterne.dk\\\/#website\"},\"datePublished\":\"2024-07-23T06:59:01+00:00\",\"dateModified\":\"2025-01-09T08:13:02+00:00\",\"breadcrumb\":{\"@id\":\"https:\\\/\\\/skatteadvokaterne.dk\\\/arbejdsomrader\\\/radgivning-og-skat\\\/flytning-til-danmark\\\/#breadcrumb\"},\"inLanguage\":\"en-GB\",\"potentialAction\":[{\"@type\":\"ReadAction\",\"target\":[\"https:\\\/\\\/skatteadvokaterne.dk\\\/arbejdsomrader\\\/radgivning-og-skat\\\/flytning-til-danmark\\\/\"]}]},{\"@type\":\"BreadcrumbList\",\"@id\":\"https:\\\/\\\/skatteadvokaterne.dk\\\/arbejdsomrader\\\/radgivning-og-skat\\\/flytning-til-danmark\\\/#breadcrumb\",\"itemListElement\":[{\"@type\":\"ListItem\",\"position\":1,\"name\":\"Home\",\"item\":\"https:\\\/\\\/skatteadvokaterne.dk\\\/\"},{\"@type\":\"ListItem\",\"position\":2,\"name\":\"Arbejdsomr\u00e5der\",\"item\":\"https:\\\/\\\/skatteadvokaterne.dk\\\/arbejdsomrader\\\/\"},{\"@type\":\"ListItem\",\"position\":3,\"name\":\"R\u00e5dgivning og skat\",\"item\":\"https:\\\/\\\/skatteadvokaterne.dk\\\/arbejdsomrader\\\/radgivning-og-skat\\\/\"},{\"@type\":\"ListItem\",\"position\":4,\"name\":\"Flytning til Danmark\"}]},{\"@type\":\"WebSite\",\"@id\":\"https:\\\/\\\/skatteadvokaterne.dk\\\/#website\",\"url\":\"https:\\\/\\\/skatteadvokaterne.dk\\\/\",\"name\":\"skatteadvokaterne.dk\",\"description\":\"\",\"potentialAction\":[{\"@type\":\"SearchAction\",\"target\":{\"@type\":\"EntryPoint\",\"urlTemplate\":\"https:\\\/\\\/skatteadvokaterne.dk\\\/?s={search_term_string}\"},\"query-input\":{\"@type\":\"PropertyValueSpecification\",\"valueRequired\":true,\"valueName\":\"search_term_string\"}}],\"inLanguage\":\"en-GB\"}]}<\/script>\n<!-- \/ Yoast SEO plugin. -->","yoast_head_json":{"title":"Flytning til Danmark - skatteadvokaterne.dk","robots":{"index":"index","follow":"follow","max-snippet":"max-snippet:-1","max-image-preview":"max-image-preview:large","max-video-preview":"max-video-preview:-1"},"canonical":"https:\/\/skatteadvokaterne.dk\/en\/arbejdsomrader\/radgivning-og-skat\/flytning-til-danmark\/","og_locale":"en_GB","og_type":"article","og_title":"Flytning til Danmark - skatteadvokaterne.dk","og_description":"Skatteadvokaterne r\u00e5dgiver om flytning til Danmark. Mange udlandsdanskere \u00f8nsker at bevare en vis forbindelse til Danmark og opholde sig her i landet i kortere eller l\u00e6ngere perioder, uden at den fulde skattepligt til Danmark udl\u00f8ses. Betingelserne for, hvorn\u00e5r fuld skattepligt (gen)indtr\u00e6der er ikke de samme, som betingelserne for oph\u00f8r af fuld skattepligt til Danmark. S\u00e5ledes [&hellip;]","og_url":"https:\/\/skatteadvokaterne.dk\/en\/arbejdsomrader\/radgivning-og-skat\/flytning-til-danmark\/","og_site_name":"skatteadvokaterne.dk","article_modified_time":"2025-01-09T08:13:02+00:00","twitter_card":"summary_large_image","twitter_misc":{"Estimated reading time":"1 minute"},"schema":{"@context":"https:\/\/schema.org","@graph":[{"@type":"WebPage","@id":"https:\/\/skatteadvokaterne.dk\/arbejdsomrader\/radgivning-og-skat\/flytning-til-danmark\/","url":"https:\/\/skatteadvokaterne.dk\/arbejdsomrader\/radgivning-og-skat\/flytning-til-danmark\/","name":"Flytning til Danmark - skatteadvokaterne.dk","isPartOf":{"@id":"https:\/\/skatteadvokaterne.dk\/#website"},"datePublished":"2024-07-23T06:59:01+00:00","dateModified":"2025-01-09T08:13:02+00:00","breadcrumb":{"@id":"https:\/\/skatteadvokaterne.dk\/arbejdsomrader\/radgivning-og-skat\/flytning-til-danmark\/#breadcrumb"},"inLanguage":"en-GB","potentialAction":[{"@type":"ReadAction","target":["https:\/\/skatteadvokaterne.dk\/arbejdsomrader\/radgivning-og-skat\/flytning-til-danmark\/"]}]},{"@type":"BreadcrumbList","@id":"https:\/\/skatteadvokaterne.dk\/arbejdsomrader\/radgivning-og-skat\/flytning-til-danmark\/#breadcrumb","itemListElement":[{"@type":"ListItem","position":1,"name":"Home","item":"https:\/\/skatteadvokaterne.dk\/"},{"@type":"ListItem","position":2,"name":"Arbejdsomr\u00e5der","item":"https:\/\/skatteadvokaterne.dk\/arbejdsomrader\/"},{"@type":"ListItem","position":3,"name":"R\u00e5dgivning og skat","item":"https:\/\/skatteadvokaterne.dk\/arbejdsomrader\/radgivning-og-skat\/"},{"@type":"ListItem","position":4,"name":"Flytning til Danmark"}]},{"@type":"WebSite","@id":"https:\/\/skatteadvokaterne.dk\/#website","url":"https:\/\/skatteadvokaterne.dk\/","name":"skatteadvokaterne.dk","description":"","potentialAction":[{"@type":"SearchAction","target":{"@type":"EntryPoint","urlTemplate":"https:\/\/skatteadvokaterne.dk\/?s={search_term_string}"},"query-input":{"@type":"PropertyValueSpecification","valueRequired":true,"valueName":"search_term_string"}}],"inLanguage":"en-GB"}]}},"_links":{"self":[{"href":"https:\/\/skatteadvokaterne.dk\/en\/wp-json\/wp\/v2\/pages\/43","targetHints":{"allow":["GET"]}}],"collection":[{"href":"https:\/\/skatteadvokaterne.dk\/en\/wp-json\/wp\/v2\/pages"}],"about":[{"href":"https:\/\/skatteadvokaterne.dk\/en\/wp-json\/wp\/v2\/types\/page"}],"author":[{"embeddable":true,"href":"https:\/\/skatteadvokaterne.dk\/en\/wp-json\/wp\/v2\/users\/1"}],"replies":[{"embeddable":true,"href":"https:\/\/skatteadvokaterne.dk\/en\/wp-json\/wp\/v2\/comments?post=43"}],"version-history":[{"count":10,"href":"https:\/\/skatteadvokaterne.dk\/en\/wp-json\/wp\/v2\/pages\/43\/revisions"}],"predecessor-version":[{"id":816,"href":"https:\/\/skatteadvokaterne.dk\/en\/wp-json\/wp\/v2\/pages\/43\/revisions\/816"}],"up":[{"embeddable":true,"href":"https:\/\/skatteadvokaterne.dk\/en\/wp-json\/wp\/v2\/pages\/29"}],"wp:attachment":[{"href":"https:\/\/skatteadvokaterne.dk\/en\/wp-json\/wp\/v2\/media?parent=43"}],"curies":[{"name":"wp","href":"https:\/\/api.w.org\/{rel}","templated":true}]}}