{"id":41,"date":"2024-07-23T06:58:37","date_gmt":"2024-07-23T06:58:37","guid":{"rendered":"https:\/\/skatteadvokaterne.dk\/?page_id=41"},"modified":"2025-01-09T08:12:36","modified_gmt":"2025-01-09T08:12:36","slug":"flytning-fra-danmark","status":"publish","type":"page","link":"https:\/\/skatteadvokaterne.dk\/en\/arbejdsomrader\/radgivning-og-skat\/flytning-fra-danmark\/","title":{"rendered":"Flytning fra Danmark"},"content":{"rendered":"<div data-elementor-type=\"wp-page\" data-elementor-id=\"41\" class=\"elementor elementor-41\" data-elementor-post-type=\"page\">\n\t\t\t\t<div class=\"elementor-element elementor-element-696c3057 e-flex e-con-boxed e-con e-parent\" data-id=\"696c3057\" data-element_type=\"container\" data-e-type=\"container\" data-settings=\"{&quot;background_background&quot;:&quot;classic&quot;}\">\n\t\t\t\t\t<div class=\"e-con-inner\">\n\t\t\t\t<div class=\"elementor-element elementor-element-116babaa elementor-widget elementor-widget-heading\" data-id=\"116babaa\" data-element_type=\"widget\" data-e-type=\"widget\" data-widget_type=\"heading.default\">\n\t\t\t\t<div class=\"elementor-widget-container\">\n\t\t\t\t\t<h1 class=\"elementor-heading-title elementor-size-default\">Flytning fra Danmark<\/h1>\t\t\t\t<\/div>\n\t\t\t\t<\/div>\n\t\t\t\t\t<\/div>\n\t\t\t\t<\/div>\n\t\t<div class=\"elementor-element elementor-element-6abb3cf3 e-flex e-con-boxed e-con e-parent\" data-id=\"6abb3cf3\" data-element_type=\"container\" data-e-type=\"container\">\n\t\t\t\t\t<div class=\"e-con-inner\">\n\t\t\t\t<div class=\"elementor-element elementor-element-19a2ddcb elementor-widget elementor-widget-text-editor\" data-id=\"19a2ddcb\" data-element_type=\"widget\" data-e-type=\"widget\" data-widget_type=\"text-editor.default\">\n\t\t\t\t<div class=\"elementor-widget-container\">\n\t\t\t\t\t\t\t\t\t<p>Det vil oftest v\u00e6re et \u00f8nske, at skattepligten til Danmark skal bringes til oph\u00f8r ved flytning til udlandet. <br \/><br \/>Skatteadvokaterne r\u00e5dgiver om, hvordan skattepligten kan bringes til oph\u00f8r i fraflytningssituationen. R\u00e5dgivningen vil bl.a. omfatte sp\u00f8rgsm\u00e5let om salg\/ udlejning af eksisterende bop\u00e6l, bevarelse af sommerhus og det \u2019tilladte\u2019 omfang af ophold i Danmark. <br \/><br \/>Vi r\u00e5dgiver ogs\u00e5 om fraflytningsbeskatning, den s\u00e5kladte havel\u00e5gebeskatning af f.eks. urealiserede avancer p\u00e5 aktier\/anparter eller genbeskatning af indbetalinger p\u00e5 pensionsordninger. <br \/><br \/>S\u00e5fremt skattepligten til Danmark ikke oph\u00f8rer ved fraflytning fra landet, vil der skulle betales skat i Danmark s\u00e5vel som i tilflytningslandet. En s\u00e5dan dobbeltbeskatning vil kunne g\u00f8re det \u00f8konomisk vanskeligt at gennemf\u00f8re en fraflytning. <br \/><br \/>Vi r\u00e5dgiver om lempelse af dobbeltbeskatning i de situationer, hvor skattepligten til Danmark ikke m\u00e5tte oph\u00f8re ved fraflytning, herunder om skattem\u00e6ssigt hjemsted.<\/p>\t\t\t\t\t\t\t\t<\/div>\n\t\t\t\t<\/div>\n\t\t\t\t\t<\/div>\n\t\t\t\t<\/div>\n\t\t\t\t<\/div>","protected":false},"excerpt":{"rendered":"<p>Det vil oftest v\u00e6re et \u00f8nske, at skattepligten til Danmark skal bringes til oph\u00f8r ved flytning til udlandet. Skatteadvokaterne r\u00e5dgiver om, hvordan skattepligten kan bringes til oph\u00f8r i fraflytningssituationen. R\u00e5dgivningen vil bl.a. omfatte sp\u00f8rgsm\u00e5let om salg\/ udlejning af eksisterende bop\u00e6l, bevarelse af sommerhus og det \u2019tilladte\u2019 omfang af ophold i Danmark. Vi r\u00e5dgiver ogs\u00e5 om [&hellip;]<\/p>\n","protected":false},"author":1,"featured_media":0,"parent":29,"menu_order":0,"comment_status":"closed","ping_status":"closed","template":"elementor_header_footer","meta":{"_exactmetrics_skip_tracking":false,"_exactmetrics_sitenote_active":false,"_exactmetrics_sitenote_note":"","_exactmetrics_sitenote_category":0,"footnotes":""},"class_list":["post-41","page","type-page","status-publish","hentry"],"yoast_head":"<!-- This site is optimized with the Yoast SEO plugin v27.3 - https:\/\/yoast.com\/product\/yoast-seo-wordpress\/ -->\n<title>Flytning fra Danmark - skatteadvokaterne.dk<\/title>\n<meta name=\"robots\" content=\"index, follow, max-snippet:-1, max-image-preview:large, max-video-preview:-1\" \/>\n<link rel=\"canonical\" href=\"https:\/\/skatteadvokaterne.dk\/en\/arbejdsomrader\/radgivning-og-skat\/flytning-fra-danmark\/\" \/>\n<meta property=\"og:locale\" content=\"en_GB\" \/>\n<meta property=\"og:type\" content=\"article\" \/>\n<meta property=\"og:title\" content=\"Flytning fra Danmark - skatteadvokaterne.dk\" \/>\n<meta property=\"og:description\" content=\"Det vil oftest v\u00e6re et \u00f8nske, at skattepligten til Danmark skal bringes til oph\u00f8r ved flytning til udlandet. Skatteadvokaterne r\u00e5dgiver om, hvordan skattepligten kan bringes til oph\u00f8r i fraflytningssituationen. R\u00e5dgivningen vil bl.a. omfatte sp\u00f8rgsm\u00e5let om salg\/ udlejning af eksisterende bop\u00e6l, bevarelse af sommerhus og det \u2019tilladte\u2019 omfang af ophold i Danmark. Vi r\u00e5dgiver ogs\u00e5 om [&hellip;]\" \/>\n<meta property=\"og:url\" content=\"https:\/\/skatteadvokaterne.dk\/en\/arbejdsomrader\/radgivning-og-skat\/flytning-fra-danmark\/\" \/>\n<meta property=\"og:site_name\" content=\"skatteadvokaterne.dk\" \/>\n<meta property=\"article:modified_time\" content=\"2025-01-09T08:12:36+00:00\" \/>\n<meta name=\"twitter:card\" content=\"summary_large_image\" \/>\n<meta name=\"twitter:label1\" content=\"Estimated reading time\" \/>\n\t<meta name=\"twitter:data1\" content=\"1 minute\" \/>\n<script type=\"application\/ld+json\" class=\"yoast-schema-graph\">{\"@context\":\"https:\\\/\\\/schema.org\",\"@graph\":[{\"@type\":\"WebPage\",\"@id\":\"https:\\\/\\\/skatteadvokaterne.dk\\\/arbejdsomrader\\\/radgivning-og-skat\\\/flytning-fra-danmark\\\/\",\"url\":\"https:\\\/\\\/skatteadvokaterne.dk\\\/arbejdsomrader\\\/radgivning-og-skat\\\/flytning-fra-danmark\\\/\",\"name\":\"Flytning fra Danmark - skatteadvokaterne.dk\",\"isPartOf\":{\"@id\":\"https:\\\/\\\/skatteadvokaterne.dk\\\/#website\"},\"datePublished\":\"2024-07-23T06:58:37+00:00\",\"dateModified\":\"2025-01-09T08:12:36+00:00\",\"breadcrumb\":{\"@id\":\"https:\\\/\\\/skatteadvokaterne.dk\\\/arbejdsomrader\\\/radgivning-og-skat\\\/flytning-fra-danmark\\\/#breadcrumb\"},\"inLanguage\":\"en-GB\",\"potentialAction\":[{\"@type\":\"ReadAction\",\"target\":[\"https:\\\/\\\/skatteadvokaterne.dk\\\/arbejdsomrader\\\/radgivning-og-skat\\\/flytning-fra-danmark\\\/\"]}]},{\"@type\":\"BreadcrumbList\",\"@id\":\"https:\\\/\\\/skatteadvokaterne.dk\\\/arbejdsomrader\\\/radgivning-og-skat\\\/flytning-fra-danmark\\\/#breadcrumb\",\"itemListElement\":[{\"@type\":\"ListItem\",\"position\":1,\"name\":\"Home\",\"item\":\"https:\\\/\\\/skatteadvokaterne.dk\\\/\"},{\"@type\":\"ListItem\",\"position\":2,\"name\":\"Arbejdsomr\u00e5der\",\"item\":\"https:\\\/\\\/skatteadvokaterne.dk\\\/arbejdsomrader\\\/\"},{\"@type\":\"ListItem\",\"position\":3,\"name\":\"R\u00e5dgivning og skat\",\"item\":\"https:\\\/\\\/skatteadvokaterne.dk\\\/arbejdsomrader\\\/radgivning-og-skat\\\/\"},{\"@type\":\"ListItem\",\"position\":4,\"name\":\"Flytning fra Danmark\"}]},{\"@type\":\"WebSite\",\"@id\":\"https:\\\/\\\/skatteadvokaterne.dk\\\/#website\",\"url\":\"https:\\\/\\\/skatteadvokaterne.dk\\\/\",\"name\":\"skatteadvokaterne.dk\",\"description\":\"\",\"potentialAction\":[{\"@type\":\"SearchAction\",\"target\":{\"@type\":\"EntryPoint\",\"urlTemplate\":\"https:\\\/\\\/skatteadvokaterne.dk\\\/?s={search_term_string}\"},\"query-input\":{\"@type\":\"PropertyValueSpecification\",\"valueRequired\":true,\"valueName\":\"search_term_string\"}}],\"inLanguage\":\"en-GB\"}]}<\/script>\n<!-- \/ Yoast SEO plugin. -->","yoast_head_json":{"title":"Flytning fra Danmark - skatteadvokaterne.dk","robots":{"index":"index","follow":"follow","max-snippet":"max-snippet:-1","max-image-preview":"max-image-preview:large","max-video-preview":"max-video-preview:-1"},"canonical":"https:\/\/skatteadvokaterne.dk\/en\/arbejdsomrader\/radgivning-og-skat\/flytning-fra-danmark\/","og_locale":"en_GB","og_type":"article","og_title":"Flytning fra Danmark - skatteadvokaterne.dk","og_description":"Det vil oftest v\u00e6re et \u00f8nske, at skattepligten til Danmark skal bringes til oph\u00f8r ved flytning til udlandet. Skatteadvokaterne r\u00e5dgiver om, hvordan skattepligten kan bringes til oph\u00f8r i fraflytningssituationen. R\u00e5dgivningen vil bl.a. omfatte sp\u00f8rgsm\u00e5let om salg\/ udlejning af eksisterende bop\u00e6l, bevarelse af sommerhus og det \u2019tilladte\u2019 omfang af ophold i Danmark. Vi r\u00e5dgiver ogs\u00e5 om [&hellip;]","og_url":"https:\/\/skatteadvokaterne.dk\/en\/arbejdsomrader\/radgivning-og-skat\/flytning-fra-danmark\/","og_site_name":"skatteadvokaterne.dk","article_modified_time":"2025-01-09T08:12:36+00:00","twitter_card":"summary_large_image","twitter_misc":{"Estimated reading time":"1 minute"},"schema":{"@context":"https:\/\/schema.org","@graph":[{"@type":"WebPage","@id":"https:\/\/skatteadvokaterne.dk\/arbejdsomrader\/radgivning-og-skat\/flytning-fra-danmark\/","url":"https:\/\/skatteadvokaterne.dk\/arbejdsomrader\/radgivning-og-skat\/flytning-fra-danmark\/","name":"Flytning fra Danmark - skatteadvokaterne.dk","isPartOf":{"@id":"https:\/\/skatteadvokaterne.dk\/#website"},"datePublished":"2024-07-23T06:58:37+00:00","dateModified":"2025-01-09T08:12:36+00:00","breadcrumb":{"@id":"https:\/\/skatteadvokaterne.dk\/arbejdsomrader\/radgivning-og-skat\/flytning-fra-danmark\/#breadcrumb"},"inLanguage":"en-GB","potentialAction":[{"@type":"ReadAction","target":["https:\/\/skatteadvokaterne.dk\/arbejdsomrader\/radgivning-og-skat\/flytning-fra-danmark\/"]}]},{"@type":"BreadcrumbList","@id":"https:\/\/skatteadvokaterne.dk\/arbejdsomrader\/radgivning-og-skat\/flytning-fra-danmark\/#breadcrumb","itemListElement":[{"@type":"ListItem","position":1,"name":"Home","item":"https:\/\/skatteadvokaterne.dk\/"},{"@type":"ListItem","position":2,"name":"Arbejdsomr\u00e5der","item":"https:\/\/skatteadvokaterne.dk\/arbejdsomrader\/"},{"@type":"ListItem","position":3,"name":"R\u00e5dgivning og skat","item":"https:\/\/skatteadvokaterne.dk\/arbejdsomrader\/radgivning-og-skat\/"},{"@type":"ListItem","position":4,"name":"Flytning fra Danmark"}]},{"@type":"WebSite","@id":"https:\/\/skatteadvokaterne.dk\/#website","url":"https:\/\/skatteadvokaterne.dk\/","name":"skatteadvokaterne.dk","description":"","potentialAction":[{"@type":"SearchAction","target":{"@type":"EntryPoint","urlTemplate":"https:\/\/skatteadvokaterne.dk\/?s={search_term_string}"},"query-input":{"@type":"PropertyValueSpecification","valueRequired":true,"valueName":"search_term_string"}}],"inLanguage":"en-GB"}]}},"_links":{"self":[{"href":"https:\/\/skatteadvokaterne.dk\/en\/wp-json\/wp\/v2\/pages\/41","targetHints":{"allow":["GET"]}}],"collection":[{"href":"https:\/\/skatteadvokaterne.dk\/en\/wp-json\/wp\/v2\/pages"}],"about":[{"href":"https:\/\/skatteadvokaterne.dk\/en\/wp-json\/wp\/v2\/types\/page"}],"author":[{"embeddable":true,"href":"https:\/\/skatteadvokaterne.dk\/en\/wp-json\/wp\/v2\/users\/1"}],"replies":[{"embeddable":true,"href":"https:\/\/skatteadvokaterne.dk\/en\/wp-json\/wp\/v2\/comments?post=41"}],"version-history":[{"count":10,"href":"https:\/\/skatteadvokaterne.dk\/en\/wp-json\/wp\/v2\/pages\/41\/revisions"}],"predecessor-version":[{"id":813,"href":"https:\/\/skatteadvokaterne.dk\/en\/wp-json\/wp\/v2\/pages\/41\/revisions\/813"}],"up":[{"embeddable":true,"href":"https:\/\/skatteadvokaterne.dk\/en\/wp-json\/wp\/v2\/pages\/29"}],"wp:attachment":[{"href":"https:\/\/skatteadvokaterne.dk\/en\/wp-json\/wp\/v2\/media?parent=41"}],"curies":[{"name":"wp","href":"https:\/\/api.w.org\/{rel}","templated":true}]}}