{"id":35,"date":"2024-07-23T06:57:22","date_gmt":"2024-07-23T06:57:22","guid":{"rendered":"https:\/\/skatteadvokaterne.dk\/?page_id=35"},"modified":"2025-01-09T08:10:38","modified_gmt":"2025-01-09T08:10:38","slug":"omdannelse-af-personlig-virksomhed-til-selskab","status":"publish","type":"page","link":"https:\/\/skatteadvokaterne.dk\/en\/arbejdsomrader\/radgivning-og-skat\/omdannelse-af-personlig-virksomhed-til-selskab\/","title":{"rendered":"Omdannelse af personlig virksomhed til selskab"},"content":{"rendered":"<div data-elementor-type=\"wp-page\" data-elementor-id=\"35\" class=\"elementor elementor-35\" data-elementor-post-type=\"page\">\n\t\t\t\t<div class=\"elementor-element elementor-element-2ad8cd78 e-flex e-con-boxed e-con e-parent\" data-id=\"2ad8cd78\" data-element_type=\"container\" data-e-type=\"container\" data-settings=\"{&quot;background_background&quot;:&quot;classic&quot;}\">\n\t\t\t\t\t<div class=\"e-con-inner\">\n\t\t\t\t<div class=\"elementor-element elementor-element-63c2c28d elementor-widget elementor-widget-heading\" data-id=\"63c2c28d\" data-element_type=\"widget\" data-e-type=\"widget\" data-widget_type=\"heading.default\">\n\t\t\t\t<div class=\"elementor-widget-container\">\n\t\t\t\t\t<h1 class=\"elementor-heading-title elementor-size-default\">Omdannelse af personlig virksomhed til selskab<\/h1>\t\t\t\t<\/div>\n\t\t\t\t<\/div>\n\t\t\t\t\t<\/div>\n\t\t\t\t<\/div>\n\t\t<div class=\"elementor-element elementor-element-579f92c4 e-flex e-con-boxed e-con e-parent\" data-id=\"579f92c4\" data-element_type=\"container\" data-e-type=\"container\">\n\t\t\t\t\t<div class=\"e-con-inner\">\n\t\t\t\t<div class=\"elementor-element elementor-element-5d05c79b elementor-widget elementor-widget-text-editor\" data-id=\"5d05c79b\" data-element_type=\"widget\" data-e-type=\"widget\" data-widget_type=\"text-editor.default\">\n\t\t\t\t<div class=\"elementor-widget-container\">\n\t\t\t\t\t\t\t\t\t<p>For den, der driver en personlig virksomhed, melder \u00f8nsket sig f\u00f8r eller siden om at omdanne virksomheden til drift i selskabsform \u2013 det v\u00e6re sig i et anparts- eller aktieselskab. Der er mange fordele i at drive virksomheden i selskabsform frem for som personlig virksomhed \u2013 s\u00e5ledes er ejerens h\u00e6ftelse minimeret til den indskudte kapital i selskabet, ligesom det er muligt at opsamle virksomhedens overskud uden det beskattes som aktieindkomst, f\u00f8r ejeren har brug for at tr\u00e6kke overskuddet ud af selskabet. Dette kan ogs\u00e5 ske via et holdingselskab. <br \/><br \/>Omdannelse af en personlig virksomhed kan ske uden skattem\u00e6ssige konsekvenser for ejeren, hvis en r\u00e6kke betingelser er opfyldt. Vi r\u00e5dgiver om, hvorvidt muligheden for skattefri virksomhedsomdannelse foreligger for virksomheden og kan gennemf\u00f8re selve omdannelsen til et anparts- eller aktieselskab. Skattefri virksomhedsomdannelse skal i almindelighed gennemf\u00f8res i 1. halv\u00e5r \u2013 dvs. i perioden 1. januar \u2013 30. juni. <br \/><br \/>Omdannelse af en personlig virksomhed kan ogs\u00e5 ske som en skattepligtig omdannelse, s\u00e5ledes at ejeren beskattes af avancer\/ tab ved overdragelse af virksomhedens aktiver og passiver til et aktie- eller anpartsselskab. <br \/><br \/>Vi r\u00e5dgiver om, hvorvidt en skattepligtig omdannelse vil v\u00e6re mere fordelagtig end en skattefri omdannelse og gennemf\u00f8rer selve omdannelsen til et anparts- eller aktieselskab. <br \/><br \/>Vi r\u00e5dgiver ogs\u00e5 om og gennemf\u00f8rer stiftelse af et holdingselskab efter en virksomhedsomdannelse.<\/p>\t\t\t\t\t\t\t\t<\/div>\n\t\t\t\t<\/div>\n\t\t\t\t\t<\/div>\n\t\t\t\t<\/div>\n\t\t\t\t<\/div>","protected":false},"excerpt":{"rendered":"<p>For den, der driver en personlig virksomhed, melder \u00f8nsket sig f\u00f8r eller siden om at omdanne virksomheden til drift i selskabsform \u2013 det v\u00e6re sig i et anparts- eller aktieselskab. Der er mange fordele i at drive virksomheden i selskabsform frem for som personlig virksomhed \u2013 s\u00e5ledes er ejerens h\u00e6ftelse minimeret til den indskudte kapital [&hellip;]<\/p>\n","protected":false},"author":1,"featured_media":0,"parent":29,"menu_order":0,"comment_status":"closed","ping_status":"closed","template":"elementor_header_footer","meta":{"_exactmetrics_skip_tracking":false,"_exactmetrics_sitenote_active":false,"_exactmetrics_sitenote_note":"","_exactmetrics_sitenote_category":0,"footnotes":""},"class_list":["post-35","page","type-page","status-publish","hentry"],"yoast_head":"<!-- This site is optimized with the Yoast SEO plugin v27.3 - https:\/\/yoast.com\/product\/yoast-seo-wordpress\/ -->\n<title>Omdannelse af personlig virksomhed til selskab - skatteadvokaterne.dk<\/title>\n<meta name=\"robots\" content=\"index, follow, max-snippet:-1, max-image-preview:large, max-video-preview:-1\" \/>\n<link rel=\"canonical\" href=\"https:\/\/skatteadvokaterne.dk\/en\/arbejdsomrader\/radgivning-og-skat\/omdannelse-af-personlig-virksomhed-til-selskab\/\" \/>\n<meta property=\"og:locale\" content=\"en_GB\" \/>\n<meta property=\"og:type\" content=\"article\" \/>\n<meta property=\"og:title\" content=\"Omdannelse af personlig virksomhed til selskab - skatteadvokaterne.dk\" \/>\n<meta property=\"og:description\" content=\"For den, der driver en personlig virksomhed, melder \u00f8nsket sig f\u00f8r eller siden om at omdanne virksomheden til drift i selskabsform \u2013 det v\u00e6re sig i et anparts- eller aktieselskab. Der er mange fordele i at drive virksomheden i selskabsform frem for som personlig virksomhed \u2013 s\u00e5ledes er ejerens h\u00e6ftelse minimeret til den indskudte kapital [&hellip;]\" \/>\n<meta property=\"og:url\" content=\"https:\/\/skatteadvokaterne.dk\/en\/arbejdsomrader\/radgivning-og-skat\/omdannelse-af-personlig-virksomhed-til-selskab\/\" \/>\n<meta property=\"og:site_name\" content=\"skatteadvokaterne.dk\" \/>\n<meta property=\"article:modified_time\" content=\"2025-01-09T08:10:38+00:00\" \/>\n<meta name=\"twitter:card\" content=\"summary_large_image\" \/>\n<meta name=\"twitter:label1\" content=\"Estimated reading time\" \/>\n\t<meta name=\"twitter:data1\" content=\"1 minute\" \/>\n<script type=\"application\/ld+json\" class=\"yoast-schema-graph\">{\"@context\":\"https:\\\/\\\/schema.org\",\"@graph\":[{\"@type\":\"WebPage\",\"@id\":\"https:\\\/\\\/skatteadvokaterne.dk\\\/arbejdsomrader\\\/radgivning-og-skat\\\/omdannelse-af-personlig-virksomhed-til-selskab\\\/\",\"url\":\"https:\\\/\\\/skatteadvokaterne.dk\\\/arbejdsomrader\\\/radgivning-og-skat\\\/omdannelse-af-personlig-virksomhed-til-selskab\\\/\",\"name\":\"Omdannelse af personlig virksomhed til selskab - skatteadvokaterne.dk\",\"isPartOf\":{\"@id\":\"https:\\\/\\\/skatteadvokaterne.dk\\\/#website\"},\"datePublished\":\"2024-07-23T06:57:22+00:00\",\"dateModified\":\"2025-01-09T08:10:38+00:00\",\"breadcrumb\":{\"@id\":\"https:\\\/\\\/skatteadvokaterne.dk\\\/arbejdsomrader\\\/radgivning-og-skat\\\/omdannelse-af-personlig-virksomhed-til-selskab\\\/#breadcrumb\"},\"inLanguage\":\"en-GB\",\"potentialAction\":[{\"@type\":\"ReadAction\",\"target\":[\"https:\\\/\\\/skatteadvokaterne.dk\\\/arbejdsomrader\\\/radgivning-og-skat\\\/omdannelse-af-personlig-virksomhed-til-selskab\\\/\"]}]},{\"@type\":\"BreadcrumbList\",\"@id\":\"https:\\\/\\\/skatteadvokaterne.dk\\\/arbejdsomrader\\\/radgivning-og-skat\\\/omdannelse-af-personlig-virksomhed-til-selskab\\\/#breadcrumb\",\"itemListElement\":[{\"@type\":\"ListItem\",\"position\":1,\"name\":\"Home\",\"item\":\"https:\\\/\\\/skatteadvokaterne.dk\\\/\"},{\"@type\":\"ListItem\",\"position\":2,\"name\":\"Arbejdsomr\u00e5der\",\"item\":\"https:\\\/\\\/skatteadvokaterne.dk\\\/arbejdsomrader\\\/\"},{\"@type\":\"ListItem\",\"position\":3,\"name\":\"R\u00e5dgivning og skat\",\"item\":\"https:\\\/\\\/skatteadvokaterne.dk\\\/arbejdsomrader\\\/radgivning-og-skat\\\/\"},{\"@type\":\"ListItem\",\"position\":4,\"name\":\"Omdannelse af personlig virksomhed til selskab\"}]},{\"@type\":\"WebSite\",\"@id\":\"https:\\\/\\\/skatteadvokaterne.dk\\\/#website\",\"url\":\"https:\\\/\\\/skatteadvokaterne.dk\\\/\",\"name\":\"skatteadvokaterne.dk\",\"description\":\"\",\"potentialAction\":[{\"@type\":\"SearchAction\",\"target\":{\"@type\":\"EntryPoint\",\"urlTemplate\":\"https:\\\/\\\/skatteadvokaterne.dk\\\/?s={search_term_string}\"},\"query-input\":{\"@type\":\"PropertyValueSpecification\",\"valueRequired\":true,\"valueName\":\"search_term_string\"}}],\"inLanguage\":\"en-GB\"}]}<\/script>\n<!-- \/ Yoast SEO plugin. -->","yoast_head_json":{"title":"Omdannelse af personlig virksomhed til selskab - skatteadvokaterne.dk","robots":{"index":"index","follow":"follow","max-snippet":"max-snippet:-1","max-image-preview":"max-image-preview:large","max-video-preview":"max-video-preview:-1"},"canonical":"https:\/\/skatteadvokaterne.dk\/en\/arbejdsomrader\/radgivning-og-skat\/omdannelse-af-personlig-virksomhed-til-selskab\/","og_locale":"en_GB","og_type":"article","og_title":"Omdannelse af personlig virksomhed til selskab - skatteadvokaterne.dk","og_description":"For den, der driver en personlig virksomhed, melder \u00f8nsket sig f\u00f8r eller siden om at omdanne virksomheden til drift i selskabsform \u2013 det v\u00e6re sig i et anparts- eller aktieselskab. Der er mange fordele i at drive virksomheden i selskabsform frem for som personlig virksomhed \u2013 s\u00e5ledes er ejerens h\u00e6ftelse minimeret til den indskudte kapital [&hellip;]","og_url":"https:\/\/skatteadvokaterne.dk\/en\/arbejdsomrader\/radgivning-og-skat\/omdannelse-af-personlig-virksomhed-til-selskab\/","og_site_name":"skatteadvokaterne.dk","article_modified_time":"2025-01-09T08:10:38+00:00","twitter_card":"summary_large_image","twitter_misc":{"Estimated reading time":"1 minute"},"schema":{"@context":"https:\/\/schema.org","@graph":[{"@type":"WebPage","@id":"https:\/\/skatteadvokaterne.dk\/arbejdsomrader\/radgivning-og-skat\/omdannelse-af-personlig-virksomhed-til-selskab\/","url":"https:\/\/skatteadvokaterne.dk\/arbejdsomrader\/radgivning-og-skat\/omdannelse-af-personlig-virksomhed-til-selskab\/","name":"Omdannelse af personlig virksomhed til selskab - skatteadvokaterne.dk","isPartOf":{"@id":"https:\/\/skatteadvokaterne.dk\/#website"},"datePublished":"2024-07-23T06:57:22+00:00","dateModified":"2025-01-09T08:10:38+00:00","breadcrumb":{"@id":"https:\/\/skatteadvokaterne.dk\/arbejdsomrader\/radgivning-og-skat\/omdannelse-af-personlig-virksomhed-til-selskab\/#breadcrumb"},"inLanguage":"en-GB","potentialAction":[{"@type":"ReadAction","target":["https:\/\/skatteadvokaterne.dk\/arbejdsomrader\/radgivning-og-skat\/omdannelse-af-personlig-virksomhed-til-selskab\/"]}]},{"@type":"BreadcrumbList","@id":"https:\/\/skatteadvokaterne.dk\/arbejdsomrader\/radgivning-og-skat\/omdannelse-af-personlig-virksomhed-til-selskab\/#breadcrumb","itemListElement":[{"@type":"ListItem","position":1,"name":"Home","item":"https:\/\/skatteadvokaterne.dk\/"},{"@type":"ListItem","position":2,"name":"Arbejdsomr\u00e5der","item":"https:\/\/skatteadvokaterne.dk\/arbejdsomrader\/"},{"@type":"ListItem","position":3,"name":"R\u00e5dgivning og skat","item":"https:\/\/skatteadvokaterne.dk\/arbejdsomrader\/radgivning-og-skat\/"},{"@type":"ListItem","position":4,"name":"Omdannelse af personlig virksomhed til selskab"}]},{"@type":"WebSite","@id":"https:\/\/skatteadvokaterne.dk\/#website","url":"https:\/\/skatteadvokaterne.dk\/","name":"skatteadvokaterne.dk","description":"","potentialAction":[{"@type":"SearchAction","target":{"@type":"EntryPoint","urlTemplate":"https:\/\/skatteadvokaterne.dk\/?s={search_term_string}"},"query-input":{"@type":"PropertyValueSpecification","valueRequired":true,"valueName":"search_term_string"}}],"inLanguage":"en-GB"}]}},"_links":{"self":[{"href":"https:\/\/skatteadvokaterne.dk\/en\/wp-json\/wp\/v2\/pages\/35","targetHints":{"allow":["GET"]}}],"collection":[{"href":"https:\/\/skatteadvokaterne.dk\/en\/wp-json\/wp\/v2\/pages"}],"about":[{"href":"https:\/\/skatteadvokaterne.dk\/en\/wp-json\/wp\/v2\/types\/page"}],"author":[{"embeddable":true,"href":"https:\/\/skatteadvokaterne.dk\/en\/wp-json\/wp\/v2\/users\/1"}],"replies":[{"embeddable":true,"href":"https:\/\/skatteadvokaterne.dk\/en\/wp-json\/wp\/v2\/comments?post=35"}],"version-history":[{"count":10,"href":"https:\/\/skatteadvokaterne.dk\/en\/wp-json\/wp\/v2\/pages\/35\/revisions"}],"predecessor-version":[{"id":804,"href":"https:\/\/skatteadvokaterne.dk\/en\/wp-json\/wp\/v2\/pages\/35\/revisions\/804"}],"up":[{"embeddable":true,"href":"https:\/\/skatteadvokaterne.dk\/en\/wp-json\/wp\/v2\/pages\/29"}],"wp:attachment":[{"href":"https:\/\/skatteadvokaterne.dk\/en\/wp-json\/wp\/v2\/media?parent=35"}],"curies":[{"name":"wp","href":"https:\/\/api.w.org\/{rel}","templated":true}]}}