{"id":33,"date":"2024-07-23T06:56:58","date_gmt":"2024-07-23T06:56:58","guid":{"rendered":"https:\/\/skatteadvokaterne.dk\/?page_id=33"},"modified":"2025-01-09T08:10:06","modified_gmt":"2025-01-09T08:10:06","slug":"generationsskifte","status":"publish","type":"page","link":"https:\/\/skatteadvokaterne.dk\/en\/arbejdsomrader\/radgivning-og-skat\/generationsskifte\/","title":{"rendered":"Generationsskifte"},"content":{"rendered":"<div data-elementor-type=\"wp-page\" data-elementor-id=\"33\" class=\"elementor elementor-33\" data-elementor-post-type=\"page\">\n\t\t\t\t<div class=\"elementor-element elementor-element-1c3be227 e-flex e-con-boxed e-con e-parent\" data-id=\"1c3be227\" data-element_type=\"container\" data-e-type=\"container\" data-settings=\"{&quot;background_background&quot;:&quot;classic&quot;}\">\n\t\t\t\t\t<div class=\"e-con-inner\">\n\t\t\t\t<div class=\"elementor-element elementor-element-71f2fb96 elementor-widget elementor-widget-heading\" data-id=\"71f2fb96\" data-element_type=\"widget\" data-e-type=\"widget\" data-widget_type=\"heading.default\">\n\t\t\t\t<div class=\"elementor-widget-container\">\n\t\t\t\t\t<h1 class=\"elementor-heading-title elementor-size-default\">Generationsskifte<\/h1>\t\t\t\t<\/div>\n\t\t\t\t<\/div>\n\t\t\t\t\t<\/div>\n\t\t\t\t<\/div>\n\t\t<div class=\"elementor-element elementor-element-11b7414 e-flex e-con-boxed e-con e-parent\" data-id=\"11b7414\" data-element_type=\"container\" data-e-type=\"container\">\n\t\t\t\t\t<div class=\"e-con-inner\">\n\t\t\t\t<div class=\"elementor-element elementor-element-9cd99ac elementor-widget elementor-widget-text-editor\" data-id=\"9cd99ac\" data-element_type=\"widget\" data-e-type=\"widget\" data-widget_type=\"text-editor.default\">\n\t\t\t\t<div class=\"elementor-widget-container\">\n\t\t\t\t\t\t\t\t\t<p><strong>Skatteadvokaterne<\/strong> r\u00e5dgiver om generationsskifte. <br \/><br \/>Generationsskifte af en virksomhed gennemf\u00f8res mest optimalt n\u00e5r det planl\u00e6gges i god tid. Gennemf\u00f8relse af et generationsskifte vil ofte str\u00e6kke sig over flere \u00e5r. Der vil v\u00e6re tale om et forl\u00f8b, hvor den nuv\u00e6rende ejers og den kommende ejers \u00f8nsker og behov identificeres, hvorefter en individuel handlingsplan for generationsskiftet skr\u00e6ddersys. <br \/><br \/>Foruds\u00e6tningen for et generationsskifte er, at den nuv\u00e6rende ejer \u00f8nsker at trappe gradvist ned eller tr\u00e6kke sig helt ud af virksomheden og overlade den til n\u00e6ste generation eller til en betroet medarbejder. For den nuv\u00e6rende ejer kan det v\u00e6re en beslutning, der kan v\u00e6re vanskelig at f\u00e5 truffet i tide, men netop det tidsm\u00e6ssige aspekt kan v\u00e6re afg\u00f8rende for mulighederne for at planl\u00e6gge generationsskiftet s\u00e5 optimalt som muligt. <br \/><br \/><strong>Skatteadvokaterne<\/strong> bist\u00e5r med r\u00e5dgivning om og planl\u00e6gning af generationsskiftet. Efter dr\u00f8ftelse af virksomhedens forhold samt ejerens og den kommende virksomhedsejers (n\u00e6ste generation) \u00f8nsker til generationsskiftet, udarbejder Skatteadvokaterne en plan for generationsskiftet. <br \/>Det vil som n\u00e6vnt v\u00e6re en individuelt skr\u00e6ddersyet handlingsplan. I en s\u00e5dan handlingsplan er der en r\u00e6kke forhold\/ overvejelser, som normalt vil indg\u00e5: <br \/><br \/>\u2022 Fastl\u00e6ggelse af tidshorisont for generationsskiftet. <br \/>\u2022 Hvem skal overtage virksomheden \u2013 et\/flere b\u00f8rn, betroet medarbejder eller salg til tredjemand. <br \/>\u2022 Afd\u00e6kning af likviditetsbehov for den nuv\u00e6rende virksomhedsejer og likviditetsmulighed for den kommende virksomhedsejer. <br \/>\u2022 Fastl\u00e6ggelse af om generationsskiftet skal ske med en glidende overgang. <br \/>\u2022 Valg af overdragelsesmetode \u2013 skal overdragelsen ske ved salg og\/eller gave. <br \/>\u2022 Valg af beskatning ved generationsskiftet \u2013 skal overdragelsen ske skattefrit med succession eller som en skattepligtig overdragelse. <br \/>\u2022 Vurdering af om virksomheden skal omdannes til selskab eller om der skal ske optimering af eksisterende selskabsstruktur. <br \/>\u2022 Valg af om overdragelsessummen (eller en del af den) skal inds\u00e6ttes skattefrit p\u00e5 en pensionsordning for den nuv\u00e6rende virksomhedsejer.<\/p>\t\t\t\t\t\t\t\t<\/div>\n\t\t\t\t<\/div>\n\t\t\t\t\t<\/div>\n\t\t\t\t<\/div>\n\t\t\t\t<\/div>","protected":false},"excerpt":{"rendered":"<p>Skatteadvokaterne r\u00e5dgiver om generationsskifte. Generationsskifte af en virksomhed gennemf\u00f8res mest optimalt n\u00e5r det planl\u00e6gges i god tid. Gennemf\u00f8relse af et generationsskifte vil ofte str\u00e6kke sig over flere \u00e5r. Der vil v\u00e6re tale om et forl\u00f8b, hvor den nuv\u00e6rende ejers og den kommende ejers \u00f8nsker og behov identificeres, hvorefter en individuel handlingsplan for generationsskiftet skr\u00e6ddersys. Foruds\u00e6tningen [&hellip;]<\/p>\n","protected":false},"author":1,"featured_media":0,"parent":29,"menu_order":0,"comment_status":"closed","ping_status":"closed","template":"elementor_header_footer","meta":{"_exactmetrics_skip_tracking":false,"_exactmetrics_sitenote_active":false,"_exactmetrics_sitenote_note":"","_exactmetrics_sitenote_category":0,"footnotes":""},"class_list":["post-33","page","type-page","status-publish","hentry"],"yoast_head":"<!-- This site is optimized with the Yoast SEO plugin v27.3 - https:\/\/yoast.com\/product\/yoast-seo-wordpress\/ -->\n<title>Generationsskifte - skatteadvokaterne.dk<\/title>\n<meta name=\"robots\" content=\"index, follow, max-snippet:-1, max-image-preview:large, max-video-preview:-1\" \/>\n<link rel=\"canonical\" href=\"https:\/\/skatteadvokaterne.dk\/en\/arbejdsomrader\/radgivning-og-skat\/generationsskifte\/\" \/>\n<meta property=\"og:locale\" content=\"en_GB\" \/>\n<meta property=\"og:type\" content=\"article\" \/>\n<meta property=\"og:title\" content=\"Generationsskifte - skatteadvokaterne.dk\" \/>\n<meta property=\"og:description\" content=\"Skatteadvokaterne r\u00e5dgiver om generationsskifte. Generationsskifte af en virksomhed gennemf\u00f8res mest optimalt n\u00e5r det planl\u00e6gges i god tid. Gennemf\u00f8relse af et generationsskifte vil ofte str\u00e6kke sig over flere \u00e5r. Der vil v\u00e6re tale om et forl\u00f8b, hvor den nuv\u00e6rende ejers og den kommende ejers \u00f8nsker og behov identificeres, hvorefter en individuel handlingsplan for generationsskiftet skr\u00e6ddersys. Foruds\u00e6tningen [&hellip;]\" \/>\n<meta property=\"og:url\" content=\"https:\/\/skatteadvokaterne.dk\/en\/arbejdsomrader\/radgivning-og-skat\/generationsskifte\/\" \/>\n<meta property=\"og:site_name\" content=\"skatteadvokaterne.dk\" \/>\n<meta property=\"article:modified_time\" content=\"2025-01-09T08:10:06+00:00\" \/>\n<meta name=\"twitter:card\" content=\"summary_large_image\" \/>\n<meta name=\"twitter:label1\" content=\"Estimated reading time\" \/>\n\t<meta name=\"twitter:data1\" content=\"2 minutes\" \/>\n<script type=\"application\/ld+json\" class=\"yoast-schema-graph\">{\"@context\":\"https:\\\/\\\/schema.org\",\"@graph\":[{\"@type\":\"WebPage\",\"@id\":\"https:\\\/\\\/skatteadvokaterne.dk\\\/arbejdsomrader\\\/radgivning-og-skat\\\/generationsskifte\\\/\",\"url\":\"https:\\\/\\\/skatteadvokaterne.dk\\\/arbejdsomrader\\\/radgivning-og-skat\\\/generationsskifte\\\/\",\"name\":\"Generationsskifte - skatteadvokaterne.dk\",\"isPartOf\":{\"@id\":\"https:\\\/\\\/skatteadvokaterne.dk\\\/#website\"},\"datePublished\":\"2024-07-23T06:56:58+00:00\",\"dateModified\":\"2025-01-09T08:10:06+00:00\",\"breadcrumb\":{\"@id\":\"https:\\\/\\\/skatteadvokaterne.dk\\\/arbejdsomrader\\\/radgivning-og-skat\\\/generationsskifte\\\/#breadcrumb\"},\"inLanguage\":\"en-GB\",\"potentialAction\":[{\"@type\":\"ReadAction\",\"target\":[\"https:\\\/\\\/skatteadvokaterne.dk\\\/arbejdsomrader\\\/radgivning-og-skat\\\/generationsskifte\\\/\"]}]},{\"@type\":\"BreadcrumbList\",\"@id\":\"https:\\\/\\\/skatteadvokaterne.dk\\\/arbejdsomrader\\\/radgivning-og-skat\\\/generationsskifte\\\/#breadcrumb\",\"itemListElement\":[{\"@type\":\"ListItem\",\"position\":1,\"name\":\"Home\",\"item\":\"https:\\\/\\\/skatteadvokaterne.dk\\\/\"},{\"@type\":\"ListItem\",\"position\":2,\"name\":\"Arbejdsomr\u00e5der\",\"item\":\"https:\\\/\\\/skatteadvokaterne.dk\\\/arbejdsomrader\\\/\"},{\"@type\":\"ListItem\",\"position\":3,\"name\":\"R\u00e5dgivning og skat\",\"item\":\"https:\\\/\\\/skatteadvokaterne.dk\\\/arbejdsomrader\\\/radgivning-og-skat\\\/\"},{\"@type\":\"ListItem\",\"position\":4,\"name\":\"Generationsskifte\"}]},{\"@type\":\"WebSite\",\"@id\":\"https:\\\/\\\/skatteadvokaterne.dk\\\/#website\",\"url\":\"https:\\\/\\\/skatteadvokaterne.dk\\\/\",\"name\":\"skatteadvokaterne.dk\",\"description\":\"\",\"potentialAction\":[{\"@type\":\"SearchAction\",\"target\":{\"@type\":\"EntryPoint\",\"urlTemplate\":\"https:\\\/\\\/skatteadvokaterne.dk\\\/?s={search_term_string}\"},\"query-input\":{\"@type\":\"PropertyValueSpecification\",\"valueRequired\":true,\"valueName\":\"search_term_string\"}}],\"inLanguage\":\"en-GB\"}]}<\/script>\n<!-- \/ Yoast SEO plugin. -->","yoast_head_json":{"title":"Generationsskifte - skatteadvokaterne.dk","robots":{"index":"index","follow":"follow","max-snippet":"max-snippet:-1","max-image-preview":"max-image-preview:large","max-video-preview":"max-video-preview:-1"},"canonical":"https:\/\/skatteadvokaterne.dk\/en\/arbejdsomrader\/radgivning-og-skat\/generationsskifte\/","og_locale":"en_GB","og_type":"article","og_title":"Generationsskifte - skatteadvokaterne.dk","og_description":"Skatteadvokaterne r\u00e5dgiver om generationsskifte. Generationsskifte af en virksomhed gennemf\u00f8res mest optimalt n\u00e5r det planl\u00e6gges i god tid. Gennemf\u00f8relse af et generationsskifte vil ofte str\u00e6kke sig over flere \u00e5r. Der vil v\u00e6re tale om et forl\u00f8b, hvor den nuv\u00e6rende ejers og den kommende ejers \u00f8nsker og behov identificeres, hvorefter en individuel handlingsplan for generationsskiftet skr\u00e6ddersys. Foruds\u00e6tningen [&hellip;]","og_url":"https:\/\/skatteadvokaterne.dk\/en\/arbejdsomrader\/radgivning-og-skat\/generationsskifte\/","og_site_name":"skatteadvokaterne.dk","article_modified_time":"2025-01-09T08:10:06+00:00","twitter_card":"summary_large_image","twitter_misc":{"Estimated reading time":"2 minutes"},"schema":{"@context":"https:\/\/schema.org","@graph":[{"@type":"WebPage","@id":"https:\/\/skatteadvokaterne.dk\/arbejdsomrader\/radgivning-og-skat\/generationsskifte\/","url":"https:\/\/skatteadvokaterne.dk\/arbejdsomrader\/radgivning-og-skat\/generationsskifte\/","name":"Generationsskifte - skatteadvokaterne.dk","isPartOf":{"@id":"https:\/\/skatteadvokaterne.dk\/#website"},"datePublished":"2024-07-23T06:56:58+00:00","dateModified":"2025-01-09T08:10:06+00:00","breadcrumb":{"@id":"https:\/\/skatteadvokaterne.dk\/arbejdsomrader\/radgivning-og-skat\/generationsskifte\/#breadcrumb"},"inLanguage":"en-GB","potentialAction":[{"@type":"ReadAction","target":["https:\/\/skatteadvokaterne.dk\/arbejdsomrader\/radgivning-og-skat\/generationsskifte\/"]}]},{"@type":"BreadcrumbList","@id":"https:\/\/skatteadvokaterne.dk\/arbejdsomrader\/radgivning-og-skat\/generationsskifte\/#breadcrumb","itemListElement":[{"@type":"ListItem","position":1,"name":"Home","item":"https:\/\/skatteadvokaterne.dk\/"},{"@type":"ListItem","position":2,"name":"Arbejdsomr\u00e5der","item":"https:\/\/skatteadvokaterne.dk\/arbejdsomrader\/"},{"@type":"ListItem","position":3,"name":"R\u00e5dgivning og skat","item":"https:\/\/skatteadvokaterne.dk\/arbejdsomrader\/radgivning-og-skat\/"},{"@type":"ListItem","position":4,"name":"Generationsskifte"}]},{"@type":"WebSite","@id":"https:\/\/skatteadvokaterne.dk\/#website","url":"https:\/\/skatteadvokaterne.dk\/","name":"skatteadvokaterne.dk","description":"","potentialAction":[{"@type":"SearchAction","target":{"@type":"EntryPoint","urlTemplate":"https:\/\/skatteadvokaterne.dk\/?s={search_term_string}"},"query-input":{"@type":"PropertyValueSpecification","valueRequired":true,"valueName":"search_term_string"}}],"inLanguage":"en-GB"}]}},"_links":{"self":[{"href":"https:\/\/skatteadvokaterne.dk\/en\/wp-json\/wp\/v2\/pages\/33","targetHints":{"allow":["GET"]}}],"collection":[{"href":"https:\/\/skatteadvokaterne.dk\/en\/wp-json\/wp\/v2\/pages"}],"about":[{"href":"https:\/\/skatteadvokaterne.dk\/en\/wp-json\/wp\/v2\/types\/page"}],"author":[{"embeddable":true,"href":"https:\/\/skatteadvokaterne.dk\/en\/wp-json\/wp\/v2\/users\/1"}],"replies":[{"embeddable":true,"href":"https:\/\/skatteadvokaterne.dk\/en\/wp-json\/wp\/v2\/comments?post=33"}],"version-history":[{"count":10,"href":"https:\/\/skatteadvokaterne.dk\/en\/wp-json\/wp\/v2\/pages\/33\/revisions"}],"predecessor-version":[{"id":801,"href":"https:\/\/skatteadvokaterne.dk\/en\/wp-json\/wp\/v2\/pages\/33\/revisions\/801"}],"up":[{"embeddable":true,"href":"https:\/\/skatteadvokaterne.dk\/en\/wp-json\/wp\/v2\/pages\/29"}],"wp:attachment":[{"href":"https:\/\/skatteadvokaterne.dk\/en\/wp-json\/wp\/v2\/media?parent=33"}],"curies":[{"name":"wp","href":"https:\/\/api.w.org\/{rel}","templated":true}]}}