{"id":31,"date":"2024-07-23T06:56:34","date_gmt":"2024-07-23T06:56:34","guid":{"rendered":"https:\/\/skatteadvokaterne.dk\/?page_id=31"},"modified":"2025-09-29T16:15:40","modified_gmt":"2025-09-29T16:15:40","slug":"arveplanlaegning","status":"publish","type":"page","link":"https:\/\/skatteadvokaterne.dk\/en\/arbejdsomrader\/radgivning-og-skat\/arveplanlaegning\/","title":{"rendered":"Arveplanl\u00e6gning"},"content":{"rendered":"<div data-elementor-type=\"wp-page\" data-elementor-id=\"31\" class=\"elementor elementor-31\" data-elementor-post-type=\"page\">\n\t\t\t\t<div class=\"elementor-element elementor-element-1061cd24 e-flex e-con-boxed e-con e-parent\" data-id=\"1061cd24\" data-element_type=\"container\" data-e-type=\"container\" data-settings=\"{&quot;background_background&quot;:&quot;classic&quot;}\">\n\t\t\t\t\t<div class=\"e-con-inner\">\n\t\t\t\t<div class=\"elementor-element elementor-element-50cb2734 elementor-widget elementor-widget-heading\" data-id=\"50cb2734\" data-element_type=\"widget\" data-e-type=\"widget\" data-widget_type=\"heading.default\">\n\t\t\t\t<div class=\"elementor-widget-container\">\n\t\t\t\t\t<h1 class=\"elementor-heading-title elementor-size-default\">Arveplanl\u00e6gning<\/h1>\t\t\t\t<\/div>\n\t\t\t\t<\/div>\n\t\t\t\t\t<\/div>\n\t\t\t\t<\/div>\n\t\t<div class=\"elementor-element elementor-element-4dd0d338 e-flex e-con-boxed e-con e-parent\" data-id=\"4dd0d338\" data-element_type=\"container\" data-e-type=\"container\">\n\t\t\t\t\t<div class=\"e-con-inner\">\n\t\t\t\t<div class=\"elementor-element elementor-element-60a38c75 elementor-widget elementor-widget-text-editor\" data-id=\"60a38c75\" data-element_type=\"widget\" data-e-type=\"widget\" data-widget_type=\"text-editor.default\">\n\t\t\t\t<div class=\"elementor-widget-container\">\n\t\t\t\t\t\t\t\t\t<p>Skatteadvokaterne r\u00e5dgiver om arveplanl\u00e6gning og testamenter. <br \/><br \/>Ved i god tid at planl\u00e6gge, hvordan formuen skal overg\u00e5 til den n\u00e6ste generation, kan der som oftest ske en besparelse af gave\/arveafgiften til statskassen. <br \/><br \/>Vi r\u00e5dgiver om arveplanl\u00e6gning. <br \/><br \/>Arveplanl\u00e6gning vedr\u00f8rer ikke kun overvejelser om gave\/arveafgift, men ogs\u00e5 sp\u00f8rgsm\u00e5let om, hvordan arven skal fordeles \u2013 hvem skal arve og hvor meget? <br \/><br \/>Udgangspunktet efter arveloven er, at hvis man efterlader sig \u00e6gtef\u00e6lle og b\u00f8rn, s\u00e5 arver \u00e6gtef\u00e6llen halvdelen af afd\u00f8des ejendele og b\u00f8rnene resten til deling. Men dette er kun det lovm\u00e6ssige udgangspunkt, og der kan ved testamente \u00e6ndres p\u00e5 denne fordeling. Dette kan b\u00e5de ske til fordel for den efterlevende \u00e6gtef\u00e6lle s\u00e5vel som til fordel for b\u00f8rn \u2013 b\u00e5de f\u00e6llesb\u00f8rn og s\u00e6rb\u00f8rn. <br \/><br \/>Vi r\u00e5dgiver om og skriver testamenter. <br \/><br \/>Arveloven blev \u00e6ndret p\u00e5 en r\u00e6kke centrale punkter i 2008, f.eks. blev fordelingen af arv mellem efterlevende \u00e6gtef\u00e6lle og b\u00f8rn \u00e6ndret til fordel for en efterlevende \u00e6gtef\u00e6lle, ligesom muligheden for at disponere over sine efterladte ejendele blev udvidet. Der vil efter 2008-arveloven v\u00e6re en r\u00e6kke tilf\u00e6lde, hvor kombinationen med \u2019gamle\u2019 testamenter vil f\u00f8re til fordeling af arven, som er anderledes end arvelader oprindeligt \u00f8nskede. Der vil derfor i en lang r\u00e6kke eksisterende testamenter v\u00e6re behov for justering til ifht. de \u00e6ndrede regler. <br \/><br \/>Vi gennemg\u00e5r gerne det eksisterende testamente og ajourf\u00f8rer det, hvis der er behov herfor.<\/p>\t\t\t\t\t\t\t\t<\/div>\n\t\t\t\t<\/div>\n\t\t\t\t\t<\/div>\n\t\t\t\t<\/div>\n\t\t\t\t<\/div>","protected":false},"excerpt":{"rendered":"<p>Skatteadvokaterne r\u00e5dgiver om arveplanl\u00e6gning og testamenter. Ved i god tid at planl\u00e6gge, hvordan formuen skal overg\u00e5 til den n\u00e6ste generation, kan der som oftest ske en besparelse af gave\/arveafgiften til statskassen. Vi r\u00e5dgiver om arveplanl\u00e6gning. Arveplanl\u00e6gning vedr\u00f8rer ikke kun overvejelser om gave\/arveafgift, men ogs\u00e5 sp\u00f8rgsm\u00e5let om, hvordan arven skal fordeles \u2013 hvem skal arve og [&hellip;]<\/p>\n","protected":false},"author":1,"featured_media":0,"parent":29,"menu_order":0,"comment_status":"closed","ping_status":"closed","template":"elementor_header_footer","meta":{"_exactmetrics_skip_tracking":false,"_exactmetrics_sitenote_active":false,"_exactmetrics_sitenote_note":"","_exactmetrics_sitenote_category":0,"footnotes":""},"class_list":["post-31","page","type-page","status-publish","hentry"],"yoast_head":"<!-- This site is optimized with the Yoast SEO plugin v27.3 - https:\/\/yoast.com\/product\/yoast-seo-wordpress\/ -->\n<title>Arveplanl\u00e6gning - skatteadvokaterne.dk<\/title>\n<meta name=\"robots\" content=\"index, follow, max-snippet:-1, max-image-preview:large, max-video-preview:-1\" \/>\n<link rel=\"canonical\" href=\"https:\/\/skatteadvokaterne.dk\/en\/arbejdsomrader\/radgivning-og-skat\/arveplanlaegning\/\" \/>\n<meta property=\"og:locale\" content=\"en_GB\" \/>\n<meta property=\"og:type\" content=\"article\" \/>\n<meta property=\"og:title\" content=\"Arveplanl\u00e6gning - skatteadvokaterne.dk\" \/>\n<meta property=\"og:description\" content=\"Skatteadvokaterne r\u00e5dgiver om arveplanl\u00e6gning og testamenter. Ved i god tid at planl\u00e6gge, hvordan formuen skal overg\u00e5 til den n\u00e6ste generation, kan der som oftest ske en besparelse af gave\/arveafgiften til statskassen. Vi r\u00e5dgiver om arveplanl\u00e6gning. Arveplanl\u00e6gning vedr\u00f8rer ikke kun overvejelser om gave\/arveafgift, men ogs\u00e5 sp\u00f8rgsm\u00e5let om, hvordan arven skal fordeles \u2013 hvem skal arve og [&hellip;]\" \/>\n<meta property=\"og:url\" content=\"https:\/\/skatteadvokaterne.dk\/en\/arbejdsomrader\/radgivning-og-skat\/arveplanlaegning\/\" \/>\n<meta property=\"og:site_name\" content=\"skatteadvokaterne.dk\" \/>\n<meta property=\"article:modified_time\" content=\"2025-09-29T16:15:40+00:00\" \/>\n<meta name=\"twitter:card\" content=\"summary_large_image\" \/>\n<meta name=\"twitter:label1\" content=\"Estimated reading time\" \/>\n\t<meta name=\"twitter:data1\" content=\"1 minute\" \/>\n<script type=\"application\/ld+json\" class=\"yoast-schema-graph\">{\"@context\":\"https:\\\/\\\/schema.org\",\"@graph\":[{\"@type\":\"WebPage\",\"@id\":\"https:\\\/\\\/skatteadvokaterne.dk\\\/arbejdsomrader\\\/radgivning-og-skat\\\/arveplanlaegning\\\/\",\"url\":\"https:\\\/\\\/skatteadvokaterne.dk\\\/arbejdsomrader\\\/radgivning-og-skat\\\/arveplanlaegning\\\/\",\"name\":\"Arveplanl\u00e6gning - skatteadvokaterne.dk\",\"isPartOf\":{\"@id\":\"https:\\\/\\\/skatteadvokaterne.dk\\\/#website\"},\"datePublished\":\"2024-07-23T06:56:34+00:00\",\"dateModified\":\"2025-09-29T16:15:40+00:00\",\"breadcrumb\":{\"@id\":\"https:\\\/\\\/skatteadvokaterne.dk\\\/arbejdsomrader\\\/radgivning-og-skat\\\/arveplanlaegning\\\/#breadcrumb\"},\"inLanguage\":\"en-GB\",\"potentialAction\":[{\"@type\":\"ReadAction\",\"target\":[\"https:\\\/\\\/skatteadvokaterne.dk\\\/arbejdsomrader\\\/radgivning-og-skat\\\/arveplanlaegning\\\/\"]}]},{\"@type\":\"BreadcrumbList\",\"@id\":\"https:\\\/\\\/skatteadvokaterne.dk\\\/arbejdsomrader\\\/radgivning-og-skat\\\/arveplanlaegning\\\/#breadcrumb\",\"itemListElement\":[{\"@type\":\"ListItem\",\"position\":1,\"name\":\"Home\",\"item\":\"https:\\\/\\\/skatteadvokaterne.dk\\\/\"},{\"@type\":\"ListItem\",\"position\":2,\"name\":\"Arbejdsomr\u00e5der\",\"item\":\"https:\\\/\\\/skatteadvokaterne.dk\\\/arbejdsomrader\\\/\"},{\"@type\":\"ListItem\",\"position\":3,\"name\":\"R\u00e5dgivning og skat\",\"item\":\"https:\\\/\\\/skatteadvokaterne.dk\\\/arbejdsomrader\\\/radgivning-og-skat\\\/\"},{\"@type\":\"ListItem\",\"position\":4,\"name\":\"Arveplanl\u00e6gning\"}]},{\"@type\":\"WebSite\",\"@id\":\"https:\\\/\\\/skatteadvokaterne.dk\\\/#website\",\"url\":\"https:\\\/\\\/skatteadvokaterne.dk\\\/\",\"name\":\"skatteadvokaterne.dk\",\"description\":\"\",\"potentialAction\":[{\"@type\":\"SearchAction\",\"target\":{\"@type\":\"EntryPoint\",\"urlTemplate\":\"https:\\\/\\\/skatteadvokaterne.dk\\\/?s={search_term_string}\"},\"query-input\":{\"@type\":\"PropertyValueSpecification\",\"valueRequired\":true,\"valueName\":\"search_term_string\"}}],\"inLanguage\":\"en-GB\"}]}<\/script>\n<!-- \/ Yoast SEO plugin. -->","yoast_head_json":{"title":"Arveplanl\u00e6gning - skatteadvokaterne.dk","robots":{"index":"index","follow":"follow","max-snippet":"max-snippet:-1","max-image-preview":"max-image-preview:large","max-video-preview":"max-video-preview:-1"},"canonical":"https:\/\/skatteadvokaterne.dk\/en\/arbejdsomrader\/radgivning-og-skat\/arveplanlaegning\/","og_locale":"en_GB","og_type":"article","og_title":"Arveplanl\u00e6gning - skatteadvokaterne.dk","og_description":"Skatteadvokaterne r\u00e5dgiver om arveplanl\u00e6gning og testamenter. Ved i god tid at planl\u00e6gge, hvordan formuen skal overg\u00e5 til den n\u00e6ste generation, kan der som oftest ske en besparelse af gave\/arveafgiften til statskassen. Vi r\u00e5dgiver om arveplanl\u00e6gning. Arveplanl\u00e6gning vedr\u00f8rer ikke kun overvejelser om gave\/arveafgift, men ogs\u00e5 sp\u00f8rgsm\u00e5let om, hvordan arven skal fordeles \u2013 hvem skal arve og [&hellip;]","og_url":"https:\/\/skatteadvokaterne.dk\/en\/arbejdsomrader\/radgivning-og-skat\/arveplanlaegning\/","og_site_name":"skatteadvokaterne.dk","article_modified_time":"2025-09-29T16:15:40+00:00","twitter_card":"summary_large_image","twitter_misc":{"Estimated reading time":"1 minute"},"schema":{"@context":"https:\/\/schema.org","@graph":[{"@type":"WebPage","@id":"https:\/\/skatteadvokaterne.dk\/arbejdsomrader\/radgivning-og-skat\/arveplanlaegning\/","url":"https:\/\/skatteadvokaterne.dk\/arbejdsomrader\/radgivning-og-skat\/arveplanlaegning\/","name":"Arveplanl\u00e6gning - skatteadvokaterne.dk","isPartOf":{"@id":"https:\/\/skatteadvokaterne.dk\/#website"},"datePublished":"2024-07-23T06:56:34+00:00","dateModified":"2025-09-29T16:15:40+00:00","breadcrumb":{"@id":"https:\/\/skatteadvokaterne.dk\/arbejdsomrader\/radgivning-og-skat\/arveplanlaegning\/#breadcrumb"},"inLanguage":"en-GB","potentialAction":[{"@type":"ReadAction","target":["https:\/\/skatteadvokaterne.dk\/arbejdsomrader\/radgivning-og-skat\/arveplanlaegning\/"]}]},{"@type":"BreadcrumbList","@id":"https:\/\/skatteadvokaterne.dk\/arbejdsomrader\/radgivning-og-skat\/arveplanlaegning\/#breadcrumb","itemListElement":[{"@type":"ListItem","position":1,"name":"Home","item":"https:\/\/skatteadvokaterne.dk\/"},{"@type":"ListItem","position":2,"name":"Arbejdsomr\u00e5der","item":"https:\/\/skatteadvokaterne.dk\/arbejdsomrader\/"},{"@type":"ListItem","position":3,"name":"R\u00e5dgivning og skat","item":"https:\/\/skatteadvokaterne.dk\/arbejdsomrader\/radgivning-og-skat\/"},{"@type":"ListItem","position":4,"name":"Arveplanl\u00e6gning"}]},{"@type":"WebSite","@id":"https:\/\/skatteadvokaterne.dk\/#website","url":"https:\/\/skatteadvokaterne.dk\/","name":"skatteadvokaterne.dk","description":"","potentialAction":[{"@type":"SearchAction","target":{"@type":"EntryPoint","urlTemplate":"https:\/\/skatteadvokaterne.dk\/?s={search_term_string}"},"query-input":{"@type":"PropertyValueSpecification","valueRequired":true,"valueName":"search_term_string"}}],"inLanguage":"en-GB"}]}},"_links":{"self":[{"href":"https:\/\/skatteadvokaterne.dk\/en\/wp-json\/wp\/v2\/pages\/31","targetHints":{"allow":["GET"]}}],"collection":[{"href":"https:\/\/skatteadvokaterne.dk\/en\/wp-json\/wp\/v2\/pages"}],"about":[{"href":"https:\/\/skatteadvokaterne.dk\/en\/wp-json\/wp\/v2\/types\/page"}],"author":[{"embeddable":true,"href":"https:\/\/skatteadvokaterne.dk\/en\/wp-json\/wp\/v2\/users\/1"}],"replies":[{"embeddable":true,"href":"https:\/\/skatteadvokaterne.dk\/en\/wp-json\/wp\/v2\/comments?post=31"}],"version-history":[{"count":11,"href":"https:\/\/skatteadvokaterne.dk\/en\/wp-json\/wp\/v2\/pages\/31\/revisions"}],"predecessor-version":[{"id":1223,"href":"https:\/\/skatteadvokaterne.dk\/en\/wp-json\/wp\/v2\/pages\/31\/revisions\/1223"}],"up":[{"embeddable":true,"href":"https:\/\/skatteadvokaterne.dk\/en\/wp-json\/wp\/v2\/pages\/29"}],"wp:attachment":[{"href":"https:\/\/skatteadvokaterne.dk\/en\/wp-json\/wp\/v2\/media?parent=31"}],"curies":[{"name":"wp","href":"https:\/\/api.w.org\/{rel}","templated":true}]}}