{"id":3,"date":"2024-06-30T13:40:32","date_gmt":"2024-06-30T13:40:32","guid":{"rendered":"https:\/\/skatteadvokaterne.dk\/?page_id=3"},"modified":"2025-12-08T19:04:13","modified_gmt":"2025-12-08T19:04:13","slug":"privatlivspolitik","status":"publish","type":"page","link":"https:\/\/skatteadvokaterne.dk\/en\/privatlivspolitik\/","title":{"rendered":"Privatlivspolitik"},"content":{"rendered":"<div data-elementor-type=\"wp-page\" data-elementor-id=\"3\" class=\"elementor elementor-3\" data-elementor-post-type=\"page\">\n\t\t\t\t<div class=\"elementor-element elementor-element-4c955da2 e-flex e-con-boxed e-con e-parent\" data-id=\"4c955da2\" data-element_type=\"container\" data-e-type=\"container\" data-settings=\"{&quot;background_background&quot;:&quot;classic&quot;}\">\n\t\t\t\t\t<div class=\"e-con-inner\">\n\t\t\t\t<div class=\"elementor-element elementor-element-577e5704 elementor-widget elementor-widget-heading\" data-id=\"577e5704\" data-element_type=\"widget\" data-e-type=\"widget\" data-widget_type=\"heading.default\">\n\t\t\t\t<div class=\"elementor-widget-container\">\n\t\t\t\t\t<h1 class=\"elementor-heading-title elementor-size-default\">Privatlivspolitik<\/h1>\t\t\t\t<\/div>\n\t\t\t\t<\/div>\n\t\t\t\t\t<\/div>\n\t\t\t\t<\/div>\n\t\t<div class=\"elementor-element elementor-element-5a26bb65 e-flex e-con-boxed e-con e-parent\" data-id=\"5a26bb65\" data-element_type=\"container\" data-e-type=\"container\">\n\t\t\t\t\t<div class=\"e-con-inner\">\n\t\t<div class=\"elementor-element elementor-element-1013fc9 e-con-full e-flex e-con e-child\" data-id=\"1013fc9\" data-element_type=\"container\" data-e-type=\"container\">\n\t\t\t\t<div class=\"elementor-element elementor-element-19172d5 elementor-widget elementor-widget-heading\" data-id=\"19172d5\" data-element_type=\"widget\" data-e-type=\"widget\" data-widget_type=\"heading.default\">\n\t\t\t\t<div class=\"elementor-widget-container\">\n\t\t\t\t\t<h2 class=\"elementor-heading-title elementor-size-default\">Hvem er vi<\/h2>\t\t\t\t<\/div>\n\t\t\t\t<\/div>\n\t\t\t\t<div class=\"elementor-element elementor-element-73c4fc89 elementor-widget elementor-widget-text-editor\" data-id=\"73c4fc89\" data-element_type=\"widget\" data-e-type=\"widget\" data-widget_type=\"text-editor.default\">\n\t\t\t\t<div class=\"elementor-widget-container\">\n\t\t\t\t\t\t\t\t\t<p>Skatteadvokaterne\/Simonsen Henrichsen Advokater er specialiseret advokatfirma. Vores kernekompetence er skat.<\/p><p>Kontakt info:\u00a0<\/p><p>Website:\u00a0<a href=\"https:\/\/skatteadvokaterne.dk\/en\/\" target=\"_blank\" rel=\"noopener\">skatteadvokaterne.dk<\/a><\/p><p>Skatteadvokaterne<br \/>Strandvejen 64 L<br \/>DK-2900 Hellerup<\/p><p>Telefon (+45) 33 75 00 10<br \/>E-mail post@skatteadvokaterne.dk<\/p><p>CVR-nummer: 30 33 40 43<\/p>\t\t\t\t\t\t\t\t<\/div>\n\t\t\t\t<\/div>\n\t\t\t\t<\/div>\n\t\t<div class=\"elementor-element elementor-element-0d713f8 e-con-full e-flex e-con e-child\" data-id=\"0d713f8\" data-element_type=\"container\" data-e-type=\"container\">\n\t\t\t\t<div class=\"elementor-element elementor-element-11661ff elementor-widget elementor-widget-heading\" data-id=\"11661ff\" data-element_type=\"widget\" data-e-type=\"widget\" data-widget_type=\"heading.default\">\n\t\t\t\t<div class=\"elementor-widget-container\">\n\t\t\t\t\t<h3 class=\"elementor-heading-title elementor-size-default\">Cookies<\/h3>\t\t\t\t<\/div>\n\t\t\t\t<\/div>\n\t\t\t\t<div class=\"elementor-element elementor-element-317c4a5 elementor-widget elementor-widget-text-editor\" data-id=\"317c4a5\" data-element_type=\"widget\" data-e-type=\"widget\" data-widget_type=\"text-editor.default\">\n\t\t\t\t<div class=\"elementor-widget-container\">\n\t\t\t\t\t\t\t\t\t<p>En cookie er en lille stump data, som blandt andet fort\u00e6ller os, hvor lang tid du bes\u00f8ger et website, hvilke sektioner og hvor mange artikler der bliver l\u00e6st, om din computer har bes\u00f8gt os f\u00f8r, hvilken browser og styresystem du bruger osv.<\/p>\n<p>Cookies er en meget udbredt teknologi, som er n\u00f8dvendig for at kunne tilbyde almindelig funktionalitet, s\u00e5som automatisk log-in og online indk\u00f8bskurv. Cookies kan indsamle personoplysninger om dig, f.eks. din IP-adresse, din adf\u00e6rd, din anvendelse af digitale tjenester. Disse oplysninger kan bruges til adf\u00e6rdsbaseret individuel m\u00e5lretning af annoncering, redaktionelt indhold samt til profilering af brugerne. For eksempel bruges cookieinformationerne f\u00f8rst og fremmest som dokumentation over for vore annonc\u00f8rer til at klarl\u00e6gge v\u00e6rdien af deres annonceindrykninger. Samtidig sikrer cookies, at du ikke ser de samme annoncer igen og igen, ligesom at alle klik p\u00e5 annoncer registreres.<\/p>\t\t\t\t\t\t\t\t<\/div>\n\t\t\t\t<\/div>\n\t\t\t\t<\/div>\n\t\t<div class=\"elementor-element elementor-element-0f979ac e-con-full e-flex e-con e-child\" data-id=\"0f979ac\" data-element_type=\"container\" data-e-type=\"container\">\n\t\t\t\t<div class=\"elementor-element elementor-element-d95e0eb elementor-widget elementor-widget-heading\" data-id=\"d95e0eb\" data-element_type=\"widget\" data-e-type=\"widget\" data-widget_type=\"heading.default\">\n\t\t\t\t<div class=\"elementor-widget-container\">\n\t\t\t\t\t<h3 class=\"elementor-heading-title elementor-size-default\">S\u00e5dan afviser eller sletter du dine cookies<\/h3>\t\t\t\t<\/div>\n\t\t\t\t<\/div>\n\t\t\t\t<div class=\"elementor-element elementor-element-ba7ae8d elementor-widget elementor-widget-text-editor\" data-id=\"ba7ae8d\" data-element_type=\"widget\" data-e-type=\"widget\" data-widget_type=\"text-editor.default\">\n\t\t\t\t<div class=\"elementor-widget-container\">\n\t\t\t\t\t\t\t\t\t<p>Du kan altid afvise cookies p\u00e5 din computer ved at \u00e6ndre indstillingerne i din Internet-browser. Hvor du finder indstillingerne afh\u00e6nger af, hvilken browser du anvender.<\/p>\n<p>Du skal dog v\u00e6re opm\u00e6rksom p\u00e5, at hvis du g\u00f8r det, er der mange funktioner og services, du ikke kan bruge, fordi disse funktioner og services foruds\u00e6tter, at hjemmesiden kan huske de valg, du foretager.<\/p>\n<p>Sletning af cookies: Cookies som du tidligere har accepteret, kan efterf\u00f8lgende slettes nemt. Benytter du en PC \/computer med en nyere Internet-browser, kan du slette dine cookies ved at bruge genvejstasterne: CTRL + SHIFT + Delete. Virker genvejstasterne ikke, og\/eller benytter du en MAC, skal du starte med at finde ud af, hvilken browser du bruger og herefter klikke p\u00e5 det relevante link:<\/p>\n<p><a href=\"http:\/\/windows.microsoft.com\/da-dk\/internet-explorer\/delete-manage-cookies#ie=ie-11\">Internet Explorer<\/a><\/p>\n<p><a href=\"https:\/\/support.mozilla.org\/da\/kb\/slet-cookies-fjerne-oplysninger-som-websteder-har-\">Mozilla Firefox<\/a><\/p>\n<p><a href=\"https:\/\/support.google.com\/chrome\/answer\/95647?hl=da\">Google Chrome<\/a><\/p>\n<p><a href=\"http:\/\/help.opera.com\/Windows\/12.10\/en\/cookies.html\">Opera<\/a><\/p>\n<p><a href=\"https:\/\/support.apple.com\/da-dk\/HT1677\">Safari<\/a><\/p>\n<p><a href=\"http:\/\/www.macromedia.com\/support\/documentation\/en\/flashplayer\/help\/settings_manager07.html\">Flash cookies (alle browsere)<\/a><\/p>\n<p><a href=\"https:\/\/support.apple.com\/da-dk\/HT1677\">iPhone, iPad og andet fra Apple<\/a><\/p>\n<p><a href=\"http:\/\/timeread.hubpages.com\/hub\/How-to-delete-internet-cookies-on-your-Droid-or-any-Android-device\">Telefoner med Android styresystem<\/a><\/p>\n<p><a href=\"http:\/\/www.windowsphone.com\/da-dk\/how-to\/wp7\/web\/changing-privacy-and-other-browser-settings\">Telefoner med Windows 7<\/a><\/p>\t\t\t\t\t\t\t\t<\/div>\n\t\t\t\t<\/div>\n\t\t\t\t<\/div>\n\t\t<div class=\"elementor-element elementor-element-1fa939f e-con-full e-flex e-con e-child\" data-id=\"1fa939f\" data-element_type=\"container\" data-e-type=\"container\">\n\t\t\t\t<div class=\"elementor-element elementor-element-be4413a elementor-widget elementor-widget-heading\" data-id=\"be4413a\" data-element_type=\"widget\" data-e-type=\"widget\" data-widget_type=\"heading.default\">\n\t\t\t\t<div class=\"elementor-widget-container\">\n\t\t\t\t\t<h3 class=\"elementor-heading-title elementor-size-default\">N\u00f8dvendig cookies<\/h3>\t\t\t\t<\/div>\n\t\t\t\t<\/div>\n\t\t\t\t<div class=\"elementor-element elementor-element-c1f2e0c elementor-widget elementor-widget-text-editor\" data-id=\"c1f2e0c\" data-element_type=\"widget\" data-e-type=\"widget\" data-widget_type=\"text-editor.default\">\n\t\t\t\t<div class=\"elementor-widget-container\">\n\t\t\t\t\t\t\t\t\t<p>N\u00f8dvendige cookies hj\u00e6lper med at g\u00f8re en hjemmeside brugbar ved at aktivere grundl\u00e6ggende funktioner s\u00e5som side-navigation og adgang til sikre omr\u00e5der af hjemmesiden. Hjemmesiden kan ikke fungere ordentligt uden disse cookies.<\/p>\n<p>De g\u00e6ldende cookies er: NAVN; FORM\u00c5L; UDL\u00d8B<\/p>\n<p>WordPress_test_cookies ; Registrering af cookies; Efter endt session<\/p>\n<p>PHPSESSID; Registrering af cookies; Efter end session<\/p>\n<p>COOKIE NOTICE; Godkendelse af cookies (inkl. trejdepart); 1 m\u00e5ned<\/p>\t\t\t\t\t\t\t\t<\/div>\n\t\t\t\t<\/div>\n\t\t\t\t<\/div>\n\t\t<div class=\"elementor-element elementor-element-275c9f8 e-con-full e-flex e-con e-child\" data-id=\"275c9f8\" data-element_type=\"container\" data-e-type=\"container\">\n\t\t\t\t<div class=\"elementor-element elementor-element-1c0e971 elementor-widget elementor-widget-heading\" data-id=\"1c0e971\" data-element_type=\"widget\" data-e-type=\"widget\" data-widget_type=\"heading.default\">\n\t\t\t\t<div class=\"elementor-widget-container\">\n\t\t\t\t\t<h3 class=\"elementor-heading-title elementor-size-default\">Google Analytics<\/h3>\t\t\t\t<\/div>\n\t\t\t\t<\/div>\n\t\t\t\t<div class=\"elementor-element elementor-element-48577ce elementor-widget elementor-widget-text-editor\" data-id=\"48577ce\" data-element_type=\"widget\" data-e-type=\"widget\" data-widget_type=\"text-editor.default\">\n\t\t\t\t<div class=\"elementor-widget-container\">\n\t\t\t\t\t\t\t\t\t<p>Vi benytter os af Google Analytics til at indsamle data og viden om hvilke af vores sider, der bliver bes\u00f8gt mest.<\/p>\n<p>N\u00e5r du anvender vores websider, \u00f8nsker tredjeparter (Google Analytics) at indsamle information omkring din adf\u00e6rd. F\u00f8rste gang du bes\u00f8ger vores hjemmeside vil du derfor blive pr\u00e6senteret for en samtykke-boks, som giver dig muligheden for at acceptere eller afvise at tredjeparter placerer cookies.<\/p>\n<p>Er du samtidig med dit bes\u00f8g hos os, logget ind p\u00e5 for eksempel Facebook eller Google, er det muligt for Facebook eller Google at sammenstille disse data med din profil. Den behandling, som indehaveren af tredjeparts komponenten foretager, ligger uden for vores kontrol og er udelukkende et forhold mellem dig og indehaveren af tredjeparts komponenten.<\/p>\n<p>Herunder kan du l\u00e6se privatlivspolitikken for de st\u00f8rste akt\u00f8rer:<\/p>\n<ul>\n<li>Google privatlivspolitik ses her:\u00a0<a href=\"https:\/\/www.google.com\/intl\/da\/policies\/privacy\/\">https:\/\/www.google.com\/intl\/da\/policies\/privacy\/<\/a><\/li>\n<li>Du kan frav\u00e6lge cookies fra Google Analytics her:\u00a0<a href=\"http:\/\/tools.google.com\/dlpage\/gaoptout\">http:\/\/tools.google.com\/dlpage\/gaoptout<\/a><\/li>\n<\/ul>\t\t\t\t\t\t\t\t<\/div>\n\t\t\t\t<\/div>\n\t\t\t\t<\/div>\n\t\t\t\t\t<\/div>\n\t\t\t\t<\/div>\n\t\t\t\t<\/div>","protected":false},"excerpt":{"rendered":"<p>Hvem er vi Skatteadvokaterne\/Simonsen Henrichsen Advokater er specialiseret advokatfirma. Vores kernekompetence er skat. Kontakt info:\u00a0 Website:\u00a0skatteadvokaterne.dk SkatteadvokaterneStrandvejen 64 LDK-2900 Hellerup Telefon (+45) 33 75 00 10E-mail post@skatteadvokaterne.dk CVR-nummer: 30 33 40 43 Cookies En cookie er en lille stump data, som blandt andet fort\u00e6ller os, hvor lang tid du bes\u00f8ger et website, hvilke sektioner og [&hellip;]<\/p>\n","protected":false},"author":1,"featured_media":0,"parent":0,"menu_order":0,"comment_status":"closed","ping_status":"closed","template":"elementor_header_footer","meta":{"_exactmetrics_skip_tracking":false,"_exactmetrics_sitenote_active":false,"_exactmetrics_sitenote_note":"","_exactmetrics_sitenote_category":0,"footnotes":""},"class_list":["post-3","page","type-page","status-publish","hentry"],"yoast_head":"<!-- This site is optimized with the Yoast SEO plugin v27.3 - https:\/\/yoast.com\/product\/yoast-seo-wordpress\/ -->\n<title>Privatlivspolitik - skatteadvokaterne.dk<\/title>\n<meta name=\"robots\" content=\"index, follow, max-snippet:-1, max-image-preview:large, max-video-preview:-1\" \/>\n<link rel=\"canonical\" href=\"https:\/\/skatteadvokaterne.dk\/en\/privatlivspolitik\/\" \/>\n<meta property=\"og:locale\" content=\"en_GB\" \/>\n<meta property=\"og:type\" content=\"article\" \/>\n<meta property=\"og:title\" content=\"Privatlivspolitik - skatteadvokaterne.dk\" \/>\n<meta property=\"og:description\" content=\"Hvem er vi Skatteadvokaterne\/Simonsen Henrichsen Advokater er specialiseret advokatfirma. Vores kernekompetence er skat. Kontakt info:\u00a0 Website:\u00a0skatteadvokaterne.dk SkatteadvokaterneStrandvejen 64 LDK-2900 Hellerup Telefon (+45) 33 75 00 10E-mail post@skatteadvokaterne.dk CVR-nummer: 30 33 40 43 Cookies En cookie er en lille stump data, som blandt andet fort\u00e6ller os, hvor lang tid du bes\u00f8ger et website, hvilke sektioner og [&hellip;]\" \/>\n<meta property=\"og:url\" content=\"https:\/\/skatteadvokaterne.dk\/en\/privatlivspolitik\/\" \/>\n<meta property=\"og:site_name\" content=\"skatteadvokaterne.dk\" \/>\n<meta property=\"article:modified_time\" content=\"2025-12-08T19:04:13+00:00\" \/>\n<meta name=\"twitter:card\" content=\"summary_large_image\" \/>\n<meta name=\"twitter:label1\" content=\"Estimated reading time\" \/>\n\t<meta name=\"twitter:data1\" content=\"3 minutes\" \/>\n<script type=\"application\/ld+json\" class=\"yoast-schema-graph\">{\"@context\":\"https:\\\/\\\/schema.org\",\"@graph\":[{\"@type\":\"WebPage\",\"@id\":\"https:\\\/\\\/skatteadvokaterne.dk\\\/privatlivspolitik\\\/\",\"url\":\"https:\\\/\\\/skatteadvokaterne.dk\\\/privatlivspolitik\\\/\",\"name\":\"Privatlivspolitik - skatteadvokaterne.dk\",\"isPartOf\":{\"@id\":\"https:\\\/\\\/skatteadvokaterne.dk\\\/#website\"},\"datePublished\":\"2024-06-30T13:40:32+00:00\",\"dateModified\":\"2025-12-08T19:04:13+00:00\",\"breadcrumb\":{\"@id\":\"https:\\\/\\\/skatteadvokaterne.dk\\\/privatlivspolitik\\\/#breadcrumb\"},\"inLanguage\":\"en-GB\",\"potentialAction\":[{\"@type\":\"ReadAction\",\"target\":[\"https:\\\/\\\/skatteadvokaterne.dk\\\/privatlivspolitik\\\/\"]}]},{\"@type\":\"BreadcrumbList\",\"@id\":\"https:\\\/\\\/skatteadvokaterne.dk\\\/privatlivspolitik\\\/#breadcrumb\",\"itemListElement\":[{\"@type\":\"ListItem\",\"position\":1,\"name\":\"Home\",\"item\":\"https:\\\/\\\/skatteadvokaterne.dk\\\/\"},{\"@type\":\"ListItem\",\"position\":2,\"name\":\"Privatlivspolitik\"}]},{\"@type\":\"WebSite\",\"@id\":\"https:\\\/\\\/skatteadvokaterne.dk\\\/#website\",\"url\":\"https:\\\/\\\/skatteadvokaterne.dk\\\/\",\"name\":\"skatteadvokaterne.dk\",\"description\":\"\",\"potentialAction\":[{\"@type\":\"SearchAction\",\"target\":{\"@type\":\"EntryPoint\",\"urlTemplate\":\"https:\\\/\\\/skatteadvokaterne.dk\\\/?s={search_term_string}\"},\"query-input\":{\"@type\":\"PropertyValueSpecification\",\"valueRequired\":true,\"valueName\":\"search_term_string\"}}],\"inLanguage\":\"en-GB\"}]}<\/script>\n<!-- \/ Yoast SEO plugin. -->","yoast_head_json":{"title":"Privatlivspolitik - skatteadvokaterne.dk","robots":{"index":"index","follow":"follow","max-snippet":"max-snippet:-1","max-image-preview":"max-image-preview:large","max-video-preview":"max-video-preview:-1"},"canonical":"https:\/\/skatteadvokaterne.dk\/en\/privatlivspolitik\/","og_locale":"en_GB","og_type":"article","og_title":"Privatlivspolitik - skatteadvokaterne.dk","og_description":"Hvem er vi Skatteadvokaterne\/Simonsen Henrichsen Advokater er specialiseret advokatfirma. Vores kernekompetence er skat. Kontakt info:\u00a0 Website:\u00a0skatteadvokaterne.dk SkatteadvokaterneStrandvejen 64 LDK-2900 Hellerup Telefon (+45) 33 75 00 10E-mail post@skatteadvokaterne.dk CVR-nummer: 30 33 40 43 Cookies En cookie er en lille stump data, som blandt andet fort\u00e6ller os, hvor lang tid du bes\u00f8ger et website, hvilke sektioner og [&hellip;]","og_url":"https:\/\/skatteadvokaterne.dk\/en\/privatlivspolitik\/","og_site_name":"skatteadvokaterne.dk","article_modified_time":"2025-12-08T19:04:13+00:00","twitter_card":"summary_large_image","twitter_misc":{"Estimated reading time":"3 minutes"},"schema":{"@context":"https:\/\/schema.org","@graph":[{"@type":"WebPage","@id":"https:\/\/skatteadvokaterne.dk\/privatlivspolitik\/","url":"https:\/\/skatteadvokaterne.dk\/privatlivspolitik\/","name":"Privatlivspolitik - skatteadvokaterne.dk","isPartOf":{"@id":"https:\/\/skatteadvokaterne.dk\/#website"},"datePublished":"2024-06-30T13:40:32+00:00","dateModified":"2025-12-08T19:04:13+00:00","breadcrumb":{"@id":"https:\/\/skatteadvokaterne.dk\/privatlivspolitik\/#breadcrumb"},"inLanguage":"en-GB","potentialAction":[{"@type":"ReadAction","target":["https:\/\/skatteadvokaterne.dk\/privatlivspolitik\/"]}]},{"@type":"BreadcrumbList","@id":"https:\/\/skatteadvokaterne.dk\/privatlivspolitik\/#breadcrumb","itemListElement":[{"@type":"ListItem","position":1,"name":"Home","item":"https:\/\/skatteadvokaterne.dk\/"},{"@type":"ListItem","position":2,"name":"Privatlivspolitik"}]},{"@type":"WebSite","@id":"https:\/\/skatteadvokaterne.dk\/#website","url":"https:\/\/skatteadvokaterne.dk\/","name":"skatteadvokaterne.dk","description":"","potentialAction":[{"@type":"SearchAction","target":{"@type":"EntryPoint","urlTemplate":"https:\/\/skatteadvokaterne.dk\/?s={search_term_string}"},"query-input":{"@type":"PropertyValueSpecification","valueRequired":true,"valueName":"search_term_string"}}],"inLanguage":"en-GB"}]}},"_links":{"self":[{"href":"https:\/\/skatteadvokaterne.dk\/en\/wp-json\/wp\/v2\/pages\/3","targetHints":{"allow":["GET"]}}],"collection":[{"href":"https:\/\/skatteadvokaterne.dk\/en\/wp-json\/wp\/v2\/pages"}],"about":[{"href":"https:\/\/skatteadvokaterne.dk\/en\/wp-json\/wp\/v2\/types\/page"}],"author":[{"embeddable":true,"href":"https:\/\/skatteadvokaterne.dk\/en\/wp-json\/wp\/v2\/users\/1"}],"replies":[{"embeddable":true,"href":"https:\/\/skatteadvokaterne.dk\/en\/wp-json\/wp\/v2\/comments?post=3"}],"version-history":[{"count":21,"href":"https:\/\/skatteadvokaterne.dk\/en\/wp-json\/wp\/v2\/pages\/3\/revisions"}],"predecessor-version":[{"id":1422,"href":"https:\/\/skatteadvokaterne.dk\/en\/wp-json\/wp\/v2\/pages\/3\/revisions\/1422"}],"wp:attachment":[{"href":"https:\/\/skatteadvokaterne.dk\/en\/wp-json\/wp\/v2\/media?parent=3"}],"curies":[{"name":"wp","href":"https:\/\/api.w.org\/{rel}","templated":true}]}}