{"id":21,"date":"2024-07-23T06:52:21","date_gmt":"2024-07-23T06:52:21","guid":{"rendered":"https:\/\/skatteadvokaterne.dk\/?page_id=21"},"modified":"2025-10-10T07:10:00","modified_gmt":"2025-10-10T07:10:00","slug":"arbejdsomrader","status":"publish","type":"page","link":"https:\/\/skatteadvokaterne.dk\/en\/arbejdsomrader\/","title":{"rendered":"Arbejdsomr\u00e5der"},"content":{"rendered":"<div data-elementor-type=\"wp-page\" data-elementor-id=\"21\" class=\"elementor elementor-21\" data-elementor-post-type=\"page\">\n\t\t\t\t<div class=\"elementor-element elementor-element-7723c894 e-flex e-con-boxed e-con e-parent\" data-id=\"7723c894\" data-element_type=\"container\" data-e-type=\"container\" data-settings=\"{&quot;background_background&quot;:&quot;classic&quot;}\">\n\t\t\t\t\t<div class=\"e-con-inner\">\n\t\t\t\t<div class=\"elementor-element elementor-element-7aa61938 elementor-widget elementor-widget-heading\" data-id=\"7aa61938\" data-element_type=\"widget\" data-e-type=\"widget\" data-widget_type=\"heading.default\">\n\t\t\t\t<div class=\"elementor-widget-container\">\n\t\t\t\t\t<h1 class=\"elementor-heading-title elementor-size-default\">Arbejdsomr\u00e5der<\/h1>\t\t\t\t<\/div>\n\t\t\t\t<\/div>\n\t\t\t\t\t<\/div>\n\t\t\t\t<\/div>\n\t\t<div class=\"elementor-element elementor-element-898279a e-flex e-con-boxed e-con e-parent\" data-id=\"898279a\" data-element_type=\"container\" data-e-type=\"container\" data-settings=\"{&quot;background_background&quot;:&quot;classic&quot;}\">\n\t\t\t\t\t<div class=\"e-con-inner\">\n\t\t<div class=\"elementor-element elementor-element-996df3b e-con-full e-flex e-con e-child\" data-id=\"996df3b\" data-element_type=\"container\" data-e-type=\"container\">\n\t\t\t\t<div class=\"elementor-element elementor-element-44b7339 elementor-widget elementor-widget-heading\" data-id=\"44b7339\" data-element_type=\"widget\" data-e-type=\"widget\" data-widget_type=\"heading.default\">\n\t\t\t\t<div class=\"elementor-widget-container\">\n\t\t\t\t\t<h2 class=\"elementor-heading-title elementor-size-default\">Skatteadvokaterne arbejder inden for f\u00f8lgende hovedarbejdsomr\u00e5der:<\/h2>\t\t\t\t<\/div>\n\t\t\t\t<\/div>\n\t\t\t\t<\/div>\n\t\t\t\t<div class=\"elementor-element elementor-element-143af92 elementor-widget elementor-widget-spacer\" data-id=\"143af92\" data-element_type=\"widget\" data-e-type=\"widget\" data-widget_type=\"spacer.default\">\n\t\t\t\t<div class=\"elementor-widget-container\">\n\t\t\t\t\t\t\t<div class=\"elementor-spacer\">\n\t\t\t<div class=\"elementor-spacer-inner\"><\/div>\n\t\t<\/div>\n\t\t\t\t\t\t<\/div>\n\t\t\t\t<\/div>\n\t\t<div class=\"elementor-element elementor-element-ec9a9fc e-grid e-con-full e-con e-child\" data-id=\"ec9a9fc\" data-element_type=\"container\" data-e-type=\"container\">\n\t\t<div class=\"elementor-element elementor-element-8aa7697 e-con-full e-flex e-con e-child\" data-id=\"8aa7697\" data-element_type=\"container\" data-e-type=\"container\" data-settings=\"{&quot;background_background&quot;:&quot;classic&quot;}\">\n\t\t\t\t<div class=\"elementor-element elementor-element-ec34767 elementor-position-top elementor-widget elementor-widget-image-box\" data-id=\"ec34767\" data-element_type=\"widget\" data-e-type=\"widget\" data-widget_type=\"image-box.default\">\n\t\t\t\t<div class=\"elementor-widget-container\">\n\t\t\t\t\t<div class=\"elementor-image-box-wrapper\"><figure class=\"elementor-image-box-img\"><img decoding=\"async\" width=\"68\" height=\"68\" src=\"https:\/\/skatteadvokaterne.dk\/wp-content\/uploads\/2024\/07\/Group-4-1.png\" class=\"attachment-full size-full wp-image-239\" alt=\"\" srcset=\"https:\/\/skatteadvokaterne.dk\/wp-content\/uploads\/2024\/07\/Group-4-1.png 68w, https:\/\/skatteadvokaterne.dk\/wp-content\/uploads\/2024\/07\/Group-4-1-12x12.png 12w\" sizes=\"(max-width: 68px) 100vw, 68px\" \/><\/figure><div class=\"elementor-image-box-content\"><h3 class=\"elementor-image-box-title\">R\u00e5dgivning og skat<\/h3><p class=\"elementor-image-box-description\">Skatteadvokaterne \/ Simonsen Henrichsen Advokater er specialiseret advokatfirma, hvor vores kernekompetence er skat. Vi r\u00e5dgiver selskaber, aktion\u00e6rer, selvst\u00e6ndige og...<\/p><\/div><\/div>\t\t\t\t<\/div>\n\t\t\t\t<\/div>\n\t\t\t\t<div class=\"elementor-element elementor-element-2a00967 elementor-widget elementor-widget-button\" data-id=\"2a00967\" data-element_type=\"widget\" data-e-type=\"widget\" data-widget_type=\"button.default\">\n\t\t\t\t<div class=\"elementor-widget-container\">\n\t\t\t\t\t\t\t\t\t<div class=\"elementor-button-wrapper\">\n\t\t\t\t\t<a class=\"elementor-button elementor-button-link elementor-size-sm\" href=\"https:\/\/skatteadvokaterne.dk\/en\/arbejdsomrader\/radgivning-og-skat\/\">\n\t\t\t\t\t\t<span class=\"elementor-button-content-wrapper\">\n\t\t\t\t\t\t<span class=\"elementor-button-icon\">\n\t\t\t\t<svg aria-hidden=\"true\" class=\"e-font-icon-svg e-fas-arrow-right\" viewbox=\"0 0 448 512\" xmlns=\"http:\/\/www.w3.org\/2000\/svg\"><path d=\"M190.5 66.9l22.2-22.2c9.4-9.4 24.6-9.4 33.9 0L441 239c9.4 9.4 9.4 24.6 0 33.9L246.6 467.3c-9.4 9.4-24.6 9.4-33.9 0l-22.2-22.2c-9.5-9.5-9.3-25 .4-34.3L311.4 296H24c-13.3 0-24-10.7-24-24v-32c0-13.3 10.7-24 24-24h287.4L190.9 101.2c-9.8-9.3-10-24.8-.4-34.3z\"><\/path><\/svg>\t\t\t<\/span>\n\t\t\t\t\t\t\t\t\t<span class=\"elementor-button-text\">L\u00e6s mere<\/span>\n\t\t\t\t\t<\/span>\n\t\t\t\t\t<\/a>\n\t\t\t\t<\/div>\n\t\t\t\t\t\t\t\t<\/div>\n\t\t\t\t<\/div>\n\t\t\t\t<\/div>\n\t\t<div class=\"elementor-element elementor-element-20a158b e-con-full e-flex e-con e-child\" data-id=\"20a158b\" data-element_type=\"container\" data-e-type=\"container\" data-settings=\"{&quot;background_background&quot;:&quot;classic&quot;}\">\n\t\t\t\t<div class=\"elementor-element elementor-element-65e0f78 elementor-position-top elementor-widget elementor-widget-image-box\" data-id=\"65e0f78\" data-element_type=\"widget\" data-e-type=\"widget\" data-widget_type=\"image-box.default\">\n\t\t\t\t<div class=\"elementor-widget-container\">\n\t\t\t\t\t<div class=\"elementor-image-box-wrapper\"><figure class=\"elementor-image-box-img\"><img decoding=\"async\" width=\"69\" height=\"68\" src=\"https:\/\/skatteadvokaterne.dk\/wp-content\/uploads\/2024\/07\/Group-5-1.png\" class=\"attachment-full size-full wp-image-240\" alt=\"\" srcset=\"https:\/\/skatteadvokaterne.dk\/wp-content\/uploads\/2024\/07\/Group-5-1.png 69w, https:\/\/skatteadvokaterne.dk\/wp-content\/uploads\/2024\/07\/Group-5-1-12x12.png 12w\" sizes=\"(max-width: 69px) 100vw, 69px\" \/><\/figure><div class=\"elementor-image-box-content\"><h3 class=\"elementor-image-box-title\">Kontrol og skat<\/h3><p class=\"elementor-image-box-description\">Skattestyrelsen foretager kontrol af virksomheder, hovedaktion\u00e6rer og private skatteydere inden for alle Skattestyrelsens arbejdsomr\u00e5der, vedr\u00f8rende skat...<\/p><\/div><\/div>\t\t\t\t<\/div>\n\t\t\t\t<\/div>\n\t\t\t\t<div class=\"elementor-element elementor-element-71b27e6 elementor-widget elementor-widget-button\" data-id=\"71b27e6\" data-element_type=\"widget\" data-e-type=\"widget\" data-widget_type=\"button.default\">\n\t\t\t\t<div class=\"elementor-widget-container\">\n\t\t\t\t\t\t\t\t\t<div class=\"elementor-button-wrapper\">\n\t\t\t\t\t<a class=\"elementor-button elementor-button-link elementor-size-sm\" href=\"https:\/\/skatteadvokaterne.dk\/en\/arbejdsomrader\/kontrol-og-skat\/\">\n\t\t\t\t\t\t<span class=\"elementor-button-content-wrapper\">\n\t\t\t\t\t\t<span class=\"elementor-button-icon\">\n\t\t\t\t<svg aria-hidden=\"true\" class=\"e-font-icon-svg e-fas-arrow-right\" viewbox=\"0 0 448 512\" xmlns=\"http:\/\/www.w3.org\/2000\/svg\"><path d=\"M190.5 66.9l22.2-22.2c9.4-9.4 24.6-9.4 33.9 0L441 239c9.4 9.4 9.4 24.6 0 33.9L246.6 467.3c-9.4 9.4-24.6 9.4-33.9 0l-22.2-22.2c-9.5-9.5-9.3-25 .4-34.3L311.4 296H24c-13.3 0-24-10.7-24-24v-32c0-13.3 10.7-24 24-24h287.4L190.9 101.2c-9.8-9.3-10-24.8-.4-34.3z\"><\/path><\/svg>\t\t\t<\/span>\n\t\t\t\t\t\t\t\t\t<span class=\"elementor-button-text\">L\u00e6s mere<\/span>\n\t\t\t\t\t<\/span>\n\t\t\t\t\t<\/a>\n\t\t\t\t<\/div>\n\t\t\t\t\t\t\t\t<\/div>\n\t\t\t\t<\/div>\n\t\t\t\t<\/div>\n\t\t<div class=\"elementor-element elementor-element-ec43a8b e-con-full e-flex e-con e-child\" data-id=\"ec43a8b\" data-element_type=\"container\" data-e-type=\"container\" data-settings=\"{&quot;background_background&quot;:&quot;classic&quot;}\">\n\t\t\t\t<div class=\"elementor-element elementor-element-dc863bf elementor-position-top elementor-widget elementor-widget-image-box\" data-id=\"dc863bf\" data-element_type=\"widget\" data-e-type=\"widget\" data-widget_type=\"image-box.default\">\n\t\t\t\t<div class=\"elementor-widget-container\">\n\t\t\t\t\t<div class=\"elementor-image-box-wrapper\"><figure class=\"elementor-image-box-img\"><img decoding=\"async\" width=\"69\" height=\"68\" src=\"https:\/\/skatteadvokaterne.dk\/wp-content\/uploads\/2024\/07\/Group-3-13.png\" class=\"attachment-full size-full wp-image-241\" alt=\"\" srcset=\"https:\/\/skatteadvokaterne.dk\/wp-content\/uploads\/2024\/07\/Group-3-13.png 69w, https:\/\/skatteadvokaterne.dk\/wp-content\/uploads\/2024\/07\/Group-3-13-12x12.png 12w\" sizes=\"(max-width: 69px) 100vw, 69px\" \/><\/figure><div class=\"elementor-image-box-content\"><h3 class=\"elementor-image-box-title\">Klagesager og skat<\/h3><p class=\"elementor-image-box-description\">Vi f\u00f8rer klagesager om skat for Skatteankestyrelsen (Skatteanken\u00e6vn \/ Landsskatteretten). Retssager om skat f\u00f8rer vi for byretterne over hele landet, og for \u00d8stre...<\/p><\/div><\/div>\t\t\t\t<\/div>\n\t\t\t\t<\/div>\n\t\t\t\t<div class=\"elementor-element elementor-element-10f6764 elementor-widget elementor-widget-button\" data-id=\"10f6764\" data-element_type=\"widget\" data-e-type=\"widget\" data-widget_type=\"button.default\">\n\t\t\t\t<div class=\"elementor-widget-container\">\n\t\t\t\t\t\t\t\t\t<div class=\"elementor-button-wrapper\">\n\t\t\t\t\t<a class=\"elementor-button elementor-button-link elementor-size-sm\" href=\"https:\/\/skatteadvokaterne.dk\/en\/arbejdsomrader\/klagesager-og-skat\/\">\n\t\t\t\t\t\t<span class=\"elementor-button-content-wrapper\">\n\t\t\t\t\t\t<span class=\"elementor-button-icon\">\n\t\t\t\t<svg aria-hidden=\"true\" class=\"e-font-icon-svg e-fas-arrow-right\" viewbox=\"0 0 448 512\" xmlns=\"http:\/\/www.w3.org\/2000\/svg\"><path d=\"M190.5 66.9l22.2-22.2c9.4-9.4 24.6-9.4 33.9 0L441 239c9.4 9.4 9.4 24.6 0 33.9L246.6 467.3c-9.4 9.4-24.6 9.4-33.9 0l-22.2-22.2c-9.5-9.5-9.3-25 .4-34.3L311.4 296H24c-13.3 0-24-10.7-24-24v-32c0-13.3 10.7-24 24-24h287.4L190.9 101.2c-9.8-9.3-10-24.8-.4-34.3z\"><\/path><\/svg>\t\t\t<\/span>\n\t\t\t\t\t\t\t\t\t<span class=\"elementor-button-text\">L\u00e6s mere<\/span>\n\t\t\t\t\t<\/span>\n\t\t\t\t\t<\/a>\n\t\t\t\t<\/div>\n\t\t\t\t\t\t\t\t<\/div>\n\t\t\t\t<\/div>\n\t\t\t\t<\/div>\n\t\t<div class=\"elementor-element elementor-element-96858e9 e-con-full e-flex e-con e-child\" data-id=\"96858e9\" data-element_type=\"container\" data-e-type=\"container\" data-settings=\"{&quot;background_background&quot;:&quot;classic&quot;}\">\n\t\t\t\t<div class=\"elementor-element elementor-element-22ff456 elementor-position-top elementor-widget elementor-widget-image-box\" data-id=\"22ff456\" data-element_type=\"widget\" data-e-type=\"widget\" data-widget_type=\"image-box.default\">\n\t\t\t\t<div class=\"elementor-widget-container\">\n\t\t\t\t\t<div class=\"elementor-image-box-wrapper\"><figure class=\"elementor-image-box-img\"><img loading=\"lazy\" decoding=\"async\" width=\"68\" height=\"68\" src=\"https:\/\/skatteadvokaterne.dk\/wp-content\/uploads\/2024\/07\/Group-5-2.png\" class=\"attachment-full size-full wp-image-242\" alt=\"\" srcset=\"https:\/\/skatteadvokaterne.dk\/wp-content\/uploads\/2024\/07\/Group-5-2.png 68w, https:\/\/skatteadvokaterne.dk\/wp-content\/uploads\/2024\/07\/Group-5-2-12x12.png 12w\" sizes=\"(max-width: 68px) 100vw, 68px\" \/><\/figure><div class=\"elementor-image-box-content\"><h3 class=\"elementor-image-box-title\">Straffesager og skat<\/h3><p class=\"elementor-image-box-description\">Vi bist\u00e5r skatteydere, der er sigtet for overtr\u00e6delse af skattelovgivningen. Vi bist\u00e5r s\u00e5ledes b\u00e5de skatteydere, n\u00e5r Skattestyrelsen rejser ansvarssag i skattestyrelsens regi...<\/p><\/div><\/div>\t\t\t\t<\/div>\n\t\t\t\t<\/div>\n\t\t\t\t<div class=\"elementor-element elementor-element-0374516 elementor-widget elementor-widget-button\" data-id=\"0374516\" data-element_type=\"widget\" data-e-type=\"widget\" data-widget_type=\"button.default\">\n\t\t\t\t<div class=\"elementor-widget-container\">\n\t\t\t\t\t\t\t\t\t<div class=\"elementor-button-wrapper\">\n\t\t\t\t\t<a class=\"elementor-button elementor-button-link elementor-size-sm\" href=\"https:\/\/skatteadvokaterne.dk\/en\/arbejdsomrader\/straffesager-og-skat\/\">\n\t\t\t\t\t\t<span class=\"elementor-button-content-wrapper\">\n\t\t\t\t\t\t<span class=\"elementor-button-icon\">\n\t\t\t\t<svg aria-hidden=\"true\" class=\"e-font-icon-svg e-fas-arrow-right\" viewbox=\"0 0 448 512\" xmlns=\"http:\/\/www.w3.org\/2000\/svg\"><path d=\"M190.5 66.9l22.2-22.2c9.4-9.4 24.6-9.4 33.9 0L441 239c9.4 9.4 9.4 24.6 0 33.9L246.6 467.3c-9.4 9.4-24.6 9.4-33.9 0l-22.2-22.2c-9.5-9.5-9.3-25 .4-34.3L311.4 296H24c-13.3 0-24-10.7-24-24v-32c0-13.3 10.7-24 24-24h287.4L190.9 101.2c-9.8-9.3-10-24.8-.4-34.3z\"><\/path><\/svg>\t\t\t<\/span>\n\t\t\t\t\t\t\t\t\t<span class=\"elementor-button-text\">L\u00e6s mere<\/span>\n\t\t\t\t\t<\/span>\n\t\t\t\t\t<\/a>\n\t\t\t\t<\/div>\n\t\t\t\t\t\t\t\t<\/div>\n\t\t\t\t<\/div>\n\t\t\t\t<\/div>\n\t\t\t\t<\/div>\n\t\t\t\t\t<\/div>\n\t\t\t\t<\/div>\n\t\t\t\t<\/div>","protected":false},"excerpt":{"rendered":"<p>Skatteadvokaterne arbejder inden for f\u00f8lgende hovedarbejdsomr\u00e5der: R\u00e5dgivning og skat Skatteadvokaterne \/ Simonsen Henrichsen Advokater er specialiseret advokatfirma, hvor vores kernekompetence er skat. Vi r\u00e5dgiver selskaber, aktion\u00e6rer, selvst\u00e6ndige og&#8230; L\u00e6s mere Kontrol og skat Skattestyrelsen foretager kontrol af virksomheder, hovedaktion\u00e6rer og private skatteydere inden for alle Skattestyrelsens arbejdsomr\u00e5der, vedr\u00f8rende skat&#8230; L\u00e6s mere Klagesager og skat Vi [&hellip;]<\/p>\n","protected":false},"author":1,"featured_media":0,"parent":0,"menu_order":0,"comment_status":"closed","ping_status":"closed","template":"elementor_header_footer","meta":{"_exactmetrics_skip_tracking":false,"_exactmetrics_sitenote_active":false,"_exactmetrics_sitenote_note":"","_exactmetrics_sitenote_category":0,"footnotes":""},"class_list":["post-21","page","type-page","status-publish","hentry"],"yoast_head":"<!-- This site is optimized with the Yoast SEO plugin v27.3 - https:\/\/yoast.com\/product\/yoast-seo-wordpress\/ -->\n<title>Arbejdsomr\u00e5der - skatteadvokaterne.dk<\/title>\n<meta name=\"robots\" content=\"index, follow, max-snippet:-1, max-image-preview:large, max-video-preview:-1\" \/>\n<link rel=\"canonical\" href=\"https:\/\/skatteadvokaterne.dk\/en\/arbejdsomrader\/\" \/>\n<meta property=\"og:locale\" content=\"en_GB\" \/>\n<meta property=\"og:type\" content=\"article\" \/>\n<meta property=\"og:title\" content=\"Arbejdsomr\u00e5der - skatteadvokaterne.dk\" \/>\n<meta property=\"og:description\" content=\"Skatteadvokaterne arbejder inden for f\u00f8lgende hovedarbejdsomr\u00e5der: R\u00e5dgivning og skat Skatteadvokaterne \/ Simonsen Henrichsen Advokater er specialiseret advokatfirma, hvor vores kernekompetence er skat. Vi r\u00e5dgiver selskaber, aktion\u00e6rer, selvst\u00e6ndige og&#8230; L\u00e6s mere Kontrol og skat Skattestyrelsen foretager kontrol af virksomheder, hovedaktion\u00e6rer og private skatteydere inden for alle Skattestyrelsens arbejdsomr\u00e5der, vedr\u00f8rende skat&#8230; L\u00e6s mere Klagesager og skat Vi [&hellip;]\" \/>\n<meta property=\"og:url\" content=\"https:\/\/skatteadvokaterne.dk\/en\/arbejdsomrader\/\" \/>\n<meta property=\"og:site_name\" content=\"skatteadvokaterne.dk\" \/>\n<meta property=\"article:modified_time\" content=\"2025-10-10T07:10:00+00:00\" \/>\n<meta property=\"og:image\" content=\"https:\/\/skatteadvokaterne.dk\/wp-content\/uploads\/2024\/07\/Group-4-1.png\" \/>\n\t<meta property=\"og:image:width\" content=\"68\" \/>\n\t<meta property=\"og:image:height\" content=\"68\" \/>\n\t<meta property=\"og:image:type\" content=\"image\/png\" \/>\n<meta name=\"twitter:card\" content=\"summary_large_image\" \/>\n<meta name=\"twitter:label1\" content=\"Estimated reading time\" \/>\n\t<meta name=\"twitter:data1\" content=\"2 minutes\" \/>\n<script type=\"application\/ld+json\" class=\"yoast-schema-graph\">{\"@context\":\"https:\\\/\\\/schema.org\",\"@graph\":[{\"@type\":\"WebPage\",\"@id\":\"https:\\\/\\\/skatteadvokaterne.dk\\\/arbejdsomrader\\\/\",\"url\":\"https:\\\/\\\/skatteadvokaterne.dk\\\/arbejdsomrader\\\/\",\"name\":\"Arbejdsomr\u00e5der - skatteadvokaterne.dk\",\"isPartOf\":{\"@id\":\"https:\\\/\\\/skatteadvokaterne.dk\\\/#website\"},\"primaryImageOfPage\":{\"@id\":\"https:\\\/\\\/skatteadvokaterne.dk\\\/arbejdsomrader\\\/#primaryimage\"},\"image\":{\"@id\":\"https:\\\/\\\/skatteadvokaterne.dk\\\/arbejdsomrader\\\/#primaryimage\"},\"thumbnailUrl\":\"https:\\\/\\\/skatteadvokaterne.dk\\\/wp-content\\\/uploads\\\/2024\\\/07\\\/Group-4-1.png\",\"datePublished\":\"2024-07-23T06:52:21+00:00\",\"dateModified\":\"2025-10-10T07:10:00+00:00\",\"breadcrumb\":{\"@id\":\"https:\\\/\\\/skatteadvokaterne.dk\\\/arbejdsomrader\\\/#breadcrumb\"},\"inLanguage\":\"en-GB\",\"potentialAction\":[{\"@type\":\"ReadAction\",\"target\":[\"https:\\\/\\\/skatteadvokaterne.dk\\\/arbejdsomrader\\\/\"]}]},{\"@type\":\"ImageObject\",\"inLanguage\":\"en-GB\",\"@id\":\"https:\\\/\\\/skatteadvokaterne.dk\\\/arbejdsomrader\\\/#primaryimage\",\"url\":\"https:\\\/\\\/skatteadvokaterne.dk\\\/wp-content\\\/uploads\\\/2024\\\/07\\\/Group-4-1.png\",\"contentUrl\":\"https:\\\/\\\/skatteadvokaterne.dk\\\/wp-content\\\/uploads\\\/2024\\\/07\\\/Group-4-1.png\"},{\"@type\":\"BreadcrumbList\",\"@id\":\"https:\\\/\\\/skatteadvokaterne.dk\\\/arbejdsomrader\\\/#breadcrumb\",\"itemListElement\":[{\"@type\":\"ListItem\",\"position\":1,\"name\":\"Home\",\"item\":\"https:\\\/\\\/skatteadvokaterne.dk\\\/\"},{\"@type\":\"ListItem\",\"position\":2,\"name\":\"Arbejdsomr\u00e5der\"}]},{\"@type\":\"WebSite\",\"@id\":\"https:\\\/\\\/skatteadvokaterne.dk\\\/#website\",\"url\":\"https:\\\/\\\/skatteadvokaterne.dk\\\/\",\"name\":\"skatteadvokaterne.dk\",\"description\":\"\",\"potentialAction\":[{\"@type\":\"SearchAction\",\"target\":{\"@type\":\"EntryPoint\",\"urlTemplate\":\"https:\\\/\\\/skatteadvokaterne.dk\\\/?s={search_term_string}\"},\"query-input\":{\"@type\":\"PropertyValueSpecification\",\"valueRequired\":true,\"valueName\":\"search_term_string\"}}],\"inLanguage\":\"en-GB\"}]}<\/script>\n<!-- \/ Yoast SEO plugin. -->","yoast_head_json":{"title":"Arbejdsomr\u00e5der - skatteadvokaterne.dk","robots":{"index":"index","follow":"follow","max-snippet":"max-snippet:-1","max-image-preview":"max-image-preview:large","max-video-preview":"max-video-preview:-1"},"canonical":"https:\/\/skatteadvokaterne.dk\/en\/arbejdsomrader\/","og_locale":"en_GB","og_type":"article","og_title":"Arbejdsomr\u00e5der - skatteadvokaterne.dk","og_description":"Skatteadvokaterne arbejder inden for f\u00f8lgende hovedarbejdsomr\u00e5der: R\u00e5dgivning og skat Skatteadvokaterne \/ Simonsen Henrichsen Advokater er specialiseret advokatfirma, hvor vores kernekompetence er skat. Vi r\u00e5dgiver selskaber, aktion\u00e6rer, selvst\u00e6ndige og&#8230; L\u00e6s mere Kontrol og skat Skattestyrelsen foretager kontrol af virksomheder, hovedaktion\u00e6rer og private skatteydere inden for alle Skattestyrelsens arbejdsomr\u00e5der, vedr\u00f8rende skat&#8230; L\u00e6s mere Klagesager og skat Vi [&hellip;]","og_url":"https:\/\/skatteadvokaterne.dk\/en\/arbejdsomrader\/","og_site_name":"skatteadvokaterne.dk","article_modified_time":"2025-10-10T07:10:00+00:00","og_image":[{"width":68,"height":68,"url":"https:\/\/skatteadvokaterne.dk\/wp-content\/uploads\/2024\/07\/Group-4-1.png","type":"image\/png"}],"twitter_card":"summary_large_image","twitter_misc":{"Estimated reading time":"2 minutes"},"schema":{"@context":"https:\/\/schema.org","@graph":[{"@type":"WebPage","@id":"https:\/\/skatteadvokaterne.dk\/arbejdsomrader\/","url":"https:\/\/skatteadvokaterne.dk\/arbejdsomrader\/","name":"Arbejdsomr\u00e5der - skatteadvokaterne.dk","isPartOf":{"@id":"https:\/\/skatteadvokaterne.dk\/#website"},"primaryImageOfPage":{"@id":"https:\/\/skatteadvokaterne.dk\/arbejdsomrader\/#primaryimage"},"image":{"@id":"https:\/\/skatteadvokaterne.dk\/arbejdsomrader\/#primaryimage"},"thumbnailUrl":"https:\/\/skatteadvokaterne.dk\/wp-content\/uploads\/2024\/07\/Group-4-1.png","datePublished":"2024-07-23T06:52:21+00:00","dateModified":"2025-10-10T07:10:00+00:00","breadcrumb":{"@id":"https:\/\/skatteadvokaterne.dk\/arbejdsomrader\/#breadcrumb"},"inLanguage":"en-GB","potentialAction":[{"@type":"ReadAction","target":["https:\/\/skatteadvokaterne.dk\/arbejdsomrader\/"]}]},{"@type":"ImageObject","inLanguage":"en-GB","@id":"https:\/\/skatteadvokaterne.dk\/arbejdsomrader\/#primaryimage","url":"https:\/\/skatteadvokaterne.dk\/wp-content\/uploads\/2024\/07\/Group-4-1.png","contentUrl":"https:\/\/skatteadvokaterne.dk\/wp-content\/uploads\/2024\/07\/Group-4-1.png"},{"@type":"BreadcrumbList","@id":"https:\/\/skatteadvokaterne.dk\/arbejdsomrader\/#breadcrumb","itemListElement":[{"@type":"ListItem","position":1,"name":"Home","item":"https:\/\/skatteadvokaterne.dk\/"},{"@type":"ListItem","position":2,"name":"Arbejdsomr\u00e5der"}]},{"@type":"WebSite","@id":"https:\/\/skatteadvokaterne.dk\/#website","url":"https:\/\/skatteadvokaterne.dk\/","name":"skatteadvokaterne.dk","description":"","potentialAction":[{"@type":"SearchAction","target":{"@type":"EntryPoint","urlTemplate":"https:\/\/skatteadvokaterne.dk\/?s={search_term_string}"},"query-input":{"@type":"PropertyValueSpecification","valueRequired":true,"valueName":"search_term_string"}}],"inLanguage":"en-GB"}]}},"_links":{"self":[{"href":"https:\/\/skatteadvokaterne.dk\/en\/wp-json\/wp\/v2\/pages\/21","targetHints":{"allow":["GET"]}}],"collection":[{"href":"https:\/\/skatteadvokaterne.dk\/en\/wp-json\/wp\/v2\/pages"}],"about":[{"href":"https:\/\/skatteadvokaterne.dk\/en\/wp-json\/wp\/v2\/types\/page"}],"author":[{"embeddable":true,"href":"https:\/\/skatteadvokaterne.dk\/en\/wp-json\/wp\/v2\/users\/1"}],"replies":[{"embeddable":true,"href":"https:\/\/skatteadvokaterne.dk\/en\/wp-json\/wp\/v2\/comments?post=21"}],"version-history":[{"count":22,"href":"https:\/\/skatteadvokaterne.dk\/en\/wp-json\/wp\/v2\/pages\/21\/revisions"}],"predecessor-version":[{"id":1305,"href":"https:\/\/skatteadvokaterne.dk\/en\/wp-json\/wp\/v2\/pages\/21\/revisions\/1305"}],"wp:attachment":[{"href":"https:\/\/skatteadvokaterne.dk\/en\/wp-json\/wp\/v2\/media?parent=21"}],"curies":[{"name":"wp","href":"https:\/\/api.w.org\/{rel}","templated":true}]}}