{"id":19,"date":"2024-07-23T06:51:04","date_gmt":"2024-07-23T06:51:04","guid":{"rendered":"https:\/\/skatteadvokaterne.dk\/?page_id=19"},"modified":"2025-09-26T13:24:16","modified_gmt":"2025-09-26T13:24:16","slug":"om-os","status":"publish","type":"page","link":"https:\/\/skatteadvokaterne.dk\/en\/om-os\/","title":{"rendered":"Om os"},"content":{"rendered":"<div data-elementor-type=\"wp-page\" data-elementor-id=\"19\" class=\"elementor elementor-19\" data-elementor-post-type=\"page\">\n\t\t\t\t<div class=\"elementor-element elementor-element-c401430 e-flex e-con-boxed e-con e-parent\" data-id=\"c401430\" data-element_type=\"container\" data-e-type=\"container\" data-settings=\"{&quot;background_background&quot;:&quot;classic&quot;}\">\n\t\t\t\t\t<div class=\"e-con-inner\">\n\t\t\t\t<div class=\"elementor-element elementor-element-92441b7 elementor-widget elementor-widget-heading\" data-id=\"92441b7\" data-element_type=\"widget\" data-e-type=\"widget\" data-widget_type=\"heading.default\">\n\t\t\t\t<div class=\"elementor-widget-container\">\n\t\t\t\t\t<h1 class=\"elementor-heading-title elementor-size-default\">Om os<\/h1>\t\t\t\t<\/div>\n\t\t\t\t<\/div>\n\t\t\t\t\t<\/div>\n\t\t\t\t<\/div>\n\t\t<div class=\"elementor-element elementor-element-10fbbff e-flex e-con-boxed e-con e-parent\" data-id=\"10fbbff\" data-element_type=\"container\" data-e-type=\"container\">\n\t\t\t\t\t<div class=\"e-con-inner\">\n\t\t<div class=\"elementor-element elementor-element-8d88708 e-con-full e-flex e-con e-child\" data-id=\"8d88708\" data-element_type=\"container\" data-e-type=\"container\">\n\t\t\t\t<div class=\"elementor-element elementor-element-5c9f3fd elementor-widget elementor-widget-heading\" data-id=\"5c9f3fd\" data-element_type=\"widget\" data-e-type=\"widget\" data-widget_type=\"heading.default\">\n\t\t\t\t<div class=\"elementor-widget-container\">\n\t\t\t\t\t<h2 class=\"elementor-heading-title elementor-size-default\">Skatteadvokat i K\u00f8benhavn<\/h2>\t\t\t\t<\/div>\n\t\t\t\t<\/div>\n\t\t\t\t<div class=\"elementor-element elementor-element-43c9f0e elementor-widget elementor-widget-text-editor\" data-id=\"43c9f0e\" data-element_type=\"widget\" data-e-type=\"widget\" data-widget_type=\"text-editor.default\">\n\t\t\t\t<div class=\"elementor-widget-container\">\n\t\t\t\t\t\t\t\t\t<p>Skatteadvokaterne\/Simonsen Henrichsen Advokater er specialiseret advokatfirma. Vores kernekompetence er skat.\u00a0<\/p><p>Firmaets partnere, advokat Martin Simonsen og advokat Martin Bekker Henrichsen, har bred erfaring med arbejdet med skat og dertil knyttede omr\u00e5der.<\/p><p>Vi yder r\u00e5dgivning om skat og der, hvor Skattestyrelsen griber ind.<\/p><p>Vi f\u00f8rer klagesager om skat for Skatteankestyrelsen (Skatteanken\u00e6vn\/ Landsskatteretten). Retssager om skat f\u00f8rer vi for byretterne over hele landet, og for \u00d8stre Landsret, Vestre Landsret, H\u00f8jesteret samt EU-Domstolen.<\/p><p>Vi f\u00f8rer straffesager om skat, hvor borgere og virksomheder er mist\u00e6nkt for overtr\u00e6delse af skattelovgivning.<\/p><p>Vi bist\u00e5r klienter overalt i Danmark og har mange udlandsdanskere blandt firmaets klienter.<\/p><p>Vi har fokus p\u00e5 h\u00f8j faglighed, stor kompetence og god service.<\/p><p>Vi vil indenfor kernekompetencen v\u00e6re et f\u00f8rende advokatfirma, hvor succes kommer firmaets klienter til gavn.\u00a0<\/p>\t\t\t\t\t\t\t\t<\/div>\n\t\t\t\t<\/div>\n\t\t\t\t<\/div>\n\t\t<div class=\"elementor-element elementor-element-8189803 e-con-full e-flex e-con e-child\" data-id=\"8189803\" data-element_type=\"container\" data-e-type=\"container\">\n\t\t<div class=\"elementor-element elementor-element-79e9be8 e-con-full e-grid e-con e-child\" data-id=\"79e9be8\" data-element_type=\"container\" data-e-type=\"container\">\n\t\t<div class=\"elementor-element elementor-element-1856d4a e-con-full e-flex e-con e-child\" data-id=\"1856d4a\" data-element_type=\"container\" data-e-type=\"container\">\n\t\t\t\t<div class=\"elementor-element elementor-element-3e68226 elementor-widget elementor-widget-image\" data-id=\"3e68226\" data-element_type=\"widget\" data-e-type=\"widget\" data-widget_type=\"image.default\">\n\t\t\t\t<div class=\"elementor-widget-container\">\n\t\t\t\t\t\t\t\t\t\t\t\t\t\t\t<img fetchpriority=\"high\" decoding=\"async\" width=\"278\" height=\"304\" src=\"https:\/\/skatteadvokaterne.dk\/wp-content\/uploads\/2025\/01\/Mask-group-6.png\" class=\"attachment-full size-full wp-image-657\" alt=\"\" srcset=\"https:\/\/skatteadvokaterne.dk\/wp-content\/uploads\/2025\/01\/Mask-group-6.png 278w, https:\/\/skatteadvokaterne.dk\/wp-content\/uploads\/2025\/01\/Mask-group-6-274x300.png 274w, https:\/\/skatteadvokaterne.dk\/wp-content\/uploads\/2025\/01\/Mask-group-6-11x12.png 11w\" sizes=\"(max-width: 278px) 100vw, 278px\" \/>\t\t\t\t\t\t\t\t\t\t\t\t\t\t\t<\/div>\n\t\t\t\t<\/div>\n\t\t\t\t<\/div>\n\t\t<div class=\"elementor-element elementor-element-0fc63d9 e-con-full e-flex e-con e-child\" data-id=\"0fc63d9\" data-element_type=\"container\" data-e-type=\"container\">\n\t\t\t\t<div class=\"elementor-element elementor-element-326dfe0 elementor-widget elementor-widget-heading\" data-id=\"326dfe0\" data-element_type=\"widget\" data-e-type=\"widget\" data-widget_type=\"heading.default\">\n\t\t\t\t<div class=\"elementor-widget-container\">\n\t\t\t\t\t<h3 class=\"elementor-heading-title elementor-size-default\">Simonsen Henrichsen Advokater<\/h3>\t\t\t\t<\/div>\n\t\t\t\t<\/div>\n\t\t\t\t<div class=\"elementor-element elementor-element-ec20b2b elementor-widget elementor-widget-text-editor\" data-id=\"ec20b2b\" data-element_type=\"widget\" data-e-type=\"widget\" data-widget_type=\"text-editor.default\">\n\t\t\t\t<div class=\"elementor-widget-container\">\n\t\t\t\t\t\t\t\t\t<p><span style=\"color: #c01322;\">Skatteadvokaterne<\/span> blev stiftet i 2007 af advokat Martin Simonsen og advokat Martin Bekker Henrichsen.<\/p>\t\t\t\t\t\t\t\t<\/div>\n\t\t\t\t<\/div>\n\t\t\t\t<\/div>\n\t\t<div class=\"elementor-element elementor-element-9f0ef88 e-con-full e-flex e-con e-child\" data-id=\"9f0ef88\" data-element_type=\"container\" data-e-type=\"container\">\n\t\t\t\t<div class=\"elementor-element elementor-element-a88e489 elementor-widget elementor-widget-image\" data-id=\"a88e489\" data-element_type=\"widget\" data-e-type=\"widget\" data-widget_type=\"image.default\">\n\t\t\t\t<div class=\"elementor-widget-container\">\n\t\t\t\t\t\t\t\t\t\t\t\t\t\t\t<img decoding=\"async\" width=\"278\" height=\"175\" src=\"https:\/\/skatteadvokaterne.dk\/wp-content\/uploads\/2025\/01\/Mask-group-7.png\" class=\"attachment-full size-full wp-image-659\" alt=\"\" srcset=\"https:\/\/skatteadvokaterne.dk\/wp-content\/uploads\/2025\/01\/Mask-group-7.png 278w, https:\/\/skatteadvokaterne.dk\/wp-content\/uploads\/2025\/01\/Mask-group-7-18x12.png 18w\" sizes=\"(max-width: 278px) 100vw, 278px\" \/>\t\t\t\t\t\t\t\t\t\t\t\t\t\t\t<\/div>\n\t\t\t\t<\/div>\n\t\t\t\t<\/div>\n\t\t<div class=\"elementor-element elementor-element-fffa838 e-con-full e-flex e-con e-child\" data-id=\"fffa838\" data-element_type=\"container\" data-e-type=\"container\">\n\t\t\t\t<div class=\"elementor-element elementor-element-16d02fa elementor-widget elementor-widget-text-editor\" data-id=\"16d02fa\" data-element_type=\"widget\" data-e-type=\"widget\" data-widget_type=\"text-editor.default\">\n\t\t\t\t<div class=\"elementor-widget-container\">\n\t\t\t\t\t\t\t\t\t<p><span style=\"color: #c01322;\">Skatteadvokaterne<\/span> f\u00f8rer skatteklagesager for administrative myndigheder og Landsskatteretten, samt skatteretssager for byretterne, landsretterne, h\u00f8jesteret og EU-domstolen.\u00a0<\/p>\t\t\t\t\t\t\t\t<\/div>\n\t\t\t\t<\/div>\n\t\t\t\t<\/div>\n\t\t\t\t<\/div>\n\t\t\t\t<\/div>\n\t\t\t\t\t<\/div>\n\t\t\t\t<\/div>\n\t\t\t\t<\/div>","protected":false},"excerpt":{"rendered":"<p>Skatteadvokat i K\u00f8benhavn Skatteadvokaterne\/Simonsen Henrichsen Advokater er specialiseret advokatfirma. Vores kernekompetence er skat. Firmaets partnere, advokat Martin Simonsen og advokat Martin Bekker Henrichsen, har bred erfaring med arbejdet med skat og dertil knyttede omr\u00e5der. Vi yder r\u00e5dgivning om skat og der, hvor Skattestyrelsen griber ind. Vi f\u00f8rer klagesager om skat for Skatteankestyrelsen (Skatteanken\u00e6vn\/ Landsskatteretten). Retssager [&hellip;]<\/p>\n","protected":false},"author":1,"featured_media":0,"parent":0,"menu_order":0,"comment_status":"closed","ping_status":"closed","template":"elementor_header_footer","meta":{"_exactmetrics_skip_tracking":false,"_exactmetrics_sitenote_active":false,"_exactmetrics_sitenote_note":"","_exactmetrics_sitenote_category":0,"footnotes":""},"class_list":["post-19","page","type-page","status-publish","hentry"],"yoast_head":"<!-- This site is optimized with the Yoast SEO plugin v27.3 - https:\/\/yoast.com\/product\/yoast-seo-wordpress\/ -->\n<title>Om os - skatteadvokaterne.dk<\/title>\n<meta name=\"robots\" content=\"index, follow, max-snippet:-1, max-image-preview:large, max-video-preview:-1\" \/>\n<link rel=\"canonical\" href=\"https:\/\/skatteadvokaterne.dk\/en\/om-os\/\" \/>\n<meta property=\"og:locale\" content=\"en_GB\" \/>\n<meta property=\"og:type\" content=\"article\" \/>\n<meta property=\"og:title\" content=\"Om os - skatteadvokaterne.dk\" \/>\n<meta property=\"og:description\" content=\"Skatteadvokat i K\u00f8benhavn Skatteadvokaterne\/Simonsen Henrichsen Advokater er specialiseret advokatfirma. Vores kernekompetence er skat. Firmaets partnere, advokat Martin Simonsen og advokat Martin Bekker Henrichsen, har bred erfaring med arbejdet med skat og dertil knyttede omr\u00e5der. Vi yder r\u00e5dgivning om skat og der, hvor Skattestyrelsen griber ind. Vi f\u00f8rer klagesager om skat for Skatteankestyrelsen (Skatteanken\u00e6vn\/ Landsskatteretten). Retssager [&hellip;]\" \/>\n<meta property=\"og:url\" content=\"https:\/\/skatteadvokaterne.dk\/en\/om-os\/\" \/>\n<meta property=\"og:site_name\" content=\"skatteadvokaterne.dk\" \/>\n<meta property=\"article:modified_time\" content=\"2025-09-26T13:24:16+00:00\" \/>\n<meta property=\"og:image\" content=\"https:\/\/skatteadvokaterne.dk\/wp-content\/uploads\/2025\/01\/Mask-group-6.png\" \/>\n<meta name=\"twitter:card\" content=\"summary_large_image\" \/>\n<meta name=\"twitter:label1\" content=\"Estimated reading time\" \/>\n\t<meta name=\"twitter:data1\" content=\"2 minutes\" \/>\n<script type=\"application\/ld+json\" class=\"yoast-schema-graph\">{\"@context\":\"https:\\\/\\\/schema.org\",\"@graph\":[{\"@type\":\"WebPage\",\"@id\":\"https:\\\/\\\/skatteadvokaterne.dk\\\/om-os\\\/\",\"url\":\"https:\\\/\\\/skatteadvokaterne.dk\\\/om-os\\\/\",\"name\":\"Om os - skatteadvokaterne.dk\",\"isPartOf\":{\"@id\":\"https:\\\/\\\/skatteadvokaterne.dk\\\/#website\"},\"primaryImageOfPage\":{\"@id\":\"https:\\\/\\\/skatteadvokaterne.dk\\\/om-os\\\/#primaryimage\"},\"image\":{\"@id\":\"https:\\\/\\\/skatteadvokaterne.dk\\\/om-os\\\/#primaryimage\"},\"thumbnailUrl\":\"https:\\\/\\\/skatteadvokaterne.dk\\\/wp-content\\\/uploads\\\/2025\\\/01\\\/Mask-group-6.png\",\"datePublished\":\"2024-07-23T06:51:04+00:00\",\"dateModified\":\"2025-09-26T13:24:16+00:00\",\"breadcrumb\":{\"@id\":\"https:\\\/\\\/skatteadvokaterne.dk\\\/om-os\\\/#breadcrumb\"},\"inLanguage\":\"en-GB\",\"potentialAction\":[{\"@type\":\"ReadAction\",\"target\":[\"https:\\\/\\\/skatteadvokaterne.dk\\\/om-os\\\/\"]}]},{\"@type\":\"ImageObject\",\"inLanguage\":\"en-GB\",\"@id\":\"https:\\\/\\\/skatteadvokaterne.dk\\\/om-os\\\/#primaryimage\",\"url\":\"https:\\\/\\\/skatteadvokaterne.dk\\\/wp-content\\\/uploads\\\/2025\\\/01\\\/Mask-group-6.png\",\"contentUrl\":\"https:\\\/\\\/skatteadvokaterne.dk\\\/wp-content\\\/uploads\\\/2025\\\/01\\\/Mask-group-6.png\"},{\"@type\":\"BreadcrumbList\",\"@id\":\"https:\\\/\\\/skatteadvokaterne.dk\\\/om-os\\\/#breadcrumb\",\"itemListElement\":[{\"@type\":\"ListItem\",\"position\":1,\"name\":\"Home\",\"item\":\"https:\\\/\\\/skatteadvokaterne.dk\\\/\"},{\"@type\":\"ListItem\",\"position\":2,\"name\":\"Om os\"}]},{\"@type\":\"WebSite\",\"@id\":\"https:\\\/\\\/skatteadvokaterne.dk\\\/#website\",\"url\":\"https:\\\/\\\/skatteadvokaterne.dk\\\/\",\"name\":\"skatteadvokaterne.dk\",\"description\":\"\",\"potentialAction\":[{\"@type\":\"SearchAction\",\"target\":{\"@type\":\"EntryPoint\",\"urlTemplate\":\"https:\\\/\\\/skatteadvokaterne.dk\\\/?s={search_term_string}\"},\"query-input\":{\"@type\":\"PropertyValueSpecification\",\"valueRequired\":true,\"valueName\":\"search_term_string\"}}],\"inLanguage\":\"en-GB\"}]}<\/script>\n<!-- \/ Yoast SEO plugin. -->","yoast_head_json":{"title":"Om os - skatteadvokaterne.dk","robots":{"index":"index","follow":"follow","max-snippet":"max-snippet:-1","max-image-preview":"max-image-preview:large","max-video-preview":"max-video-preview:-1"},"canonical":"https:\/\/skatteadvokaterne.dk\/en\/om-os\/","og_locale":"en_GB","og_type":"article","og_title":"Om os - skatteadvokaterne.dk","og_description":"Skatteadvokat i K\u00f8benhavn Skatteadvokaterne\/Simonsen Henrichsen Advokater er specialiseret advokatfirma. Vores kernekompetence er skat. Firmaets partnere, advokat Martin Simonsen og advokat Martin Bekker Henrichsen, har bred erfaring med arbejdet med skat og dertil knyttede omr\u00e5der. Vi yder r\u00e5dgivning om skat og der, hvor Skattestyrelsen griber ind. Vi f\u00f8rer klagesager om skat for Skatteankestyrelsen (Skatteanken\u00e6vn\/ Landsskatteretten). Retssager [&hellip;]","og_url":"https:\/\/skatteadvokaterne.dk\/en\/om-os\/","og_site_name":"skatteadvokaterne.dk","article_modified_time":"2025-09-26T13:24:16+00:00","og_image":[{"url":"https:\/\/skatteadvokaterne.dk\/wp-content\/uploads\/2025\/01\/Mask-group-6.png","type":"","width":"","height":""}],"twitter_card":"summary_large_image","twitter_misc":{"Estimated reading time":"2 minutes"},"schema":{"@context":"https:\/\/schema.org","@graph":[{"@type":"WebPage","@id":"https:\/\/skatteadvokaterne.dk\/om-os\/","url":"https:\/\/skatteadvokaterne.dk\/om-os\/","name":"Om os - skatteadvokaterne.dk","isPartOf":{"@id":"https:\/\/skatteadvokaterne.dk\/#website"},"primaryImageOfPage":{"@id":"https:\/\/skatteadvokaterne.dk\/om-os\/#primaryimage"},"image":{"@id":"https:\/\/skatteadvokaterne.dk\/om-os\/#primaryimage"},"thumbnailUrl":"https:\/\/skatteadvokaterne.dk\/wp-content\/uploads\/2025\/01\/Mask-group-6.png","datePublished":"2024-07-23T06:51:04+00:00","dateModified":"2025-09-26T13:24:16+00:00","breadcrumb":{"@id":"https:\/\/skatteadvokaterne.dk\/om-os\/#breadcrumb"},"inLanguage":"en-GB","potentialAction":[{"@type":"ReadAction","target":["https:\/\/skatteadvokaterne.dk\/om-os\/"]}]},{"@type":"ImageObject","inLanguage":"en-GB","@id":"https:\/\/skatteadvokaterne.dk\/om-os\/#primaryimage","url":"https:\/\/skatteadvokaterne.dk\/wp-content\/uploads\/2025\/01\/Mask-group-6.png","contentUrl":"https:\/\/skatteadvokaterne.dk\/wp-content\/uploads\/2025\/01\/Mask-group-6.png"},{"@type":"BreadcrumbList","@id":"https:\/\/skatteadvokaterne.dk\/om-os\/#breadcrumb","itemListElement":[{"@type":"ListItem","position":1,"name":"Home","item":"https:\/\/skatteadvokaterne.dk\/"},{"@type":"ListItem","position":2,"name":"Om os"}]},{"@type":"WebSite","@id":"https:\/\/skatteadvokaterne.dk\/#website","url":"https:\/\/skatteadvokaterne.dk\/","name":"skatteadvokaterne.dk","description":"","potentialAction":[{"@type":"SearchAction","target":{"@type":"EntryPoint","urlTemplate":"https:\/\/skatteadvokaterne.dk\/?s={search_term_string}"},"query-input":{"@type":"PropertyValueSpecification","valueRequired":true,"valueName":"search_term_string"}}],"inLanguage":"en-GB"}]}},"_links":{"self":[{"href":"https:\/\/skatteadvokaterne.dk\/en\/wp-json\/wp\/v2\/pages\/19","targetHints":{"allow":["GET"]}}],"collection":[{"href":"https:\/\/skatteadvokaterne.dk\/en\/wp-json\/wp\/v2\/pages"}],"about":[{"href":"https:\/\/skatteadvokaterne.dk\/en\/wp-json\/wp\/v2\/types\/page"}],"author":[{"embeddable":true,"href":"https:\/\/skatteadvokaterne.dk\/en\/wp-json\/wp\/v2\/users\/1"}],"replies":[{"embeddable":true,"href":"https:\/\/skatteadvokaterne.dk\/en\/wp-json\/wp\/v2\/comments?post=19"}],"version-history":[{"count":33,"href":"https:\/\/skatteadvokaterne.dk\/en\/wp-json\/wp\/v2\/pages\/19\/revisions"}],"predecessor-version":[{"id":1215,"href":"https:\/\/skatteadvokaterne.dk\/en\/wp-json\/wp\/v2\/pages\/19\/revisions\/1215"}],"wp:attachment":[{"href":"https:\/\/skatteadvokaterne.dk\/en\/wp-json\/wp\/v2\/media?parent=19"}],"curies":[{"name":"wp","href":"https:\/\/api.w.org\/{rel}","templated":true}]}}