{"id":17,"date":"2024-07-23T07:25:03","date_gmt":"2024-07-23T07:25:03","guid":{"rendered":"https:\/\/skatteadvokaterne.dk\/?page_id=17"},"modified":"2025-10-18T12:50:35","modified_gmt":"2025-10-18T12:50:35","slug":"martin-bekker-henrichsen","status":"publish","type":"page","link":"https:\/\/skatteadvokaterne.dk\/en\/advokater\/martin-bekker-henrichsen\/","title":{"rendered":"Martin Bekker Henrichsen"},"content":{"rendered":"<div data-elementor-type=\"wp-page\" data-elementor-id=\"17\" class=\"elementor elementor-17\" data-elementor-post-type=\"page\">\n\t\t\t\t<div class=\"elementor-element elementor-element-576c2403 e-flex e-con-boxed e-con e-parent\" data-id=\"576c2403\" data-element_type=\"container\" data-e-type=\"container\" data-settings=\"{&quot;background_background&quot;:&quot;classic&quot;}\">\n\t\t\t\t\t<div class=\"e-con-inner\">\n\t\t\t\t<div class=\"elementor-element elementor-element-49ef3004 elementor-widget elementor-widget-heading\" data-id=\"49ef3004\" data-element_type=\"widget\" data-e-type=\"widget\" data-widget_type=\"heading.default\">\n\t\t\t\t<div class=\"elementor-widget-container\">\n\t\t\t\t\t<h1 class=\"elementor-heading-title elementor-size-default\">Martin Bekker Henrichsen<\/h1>\t\t\t\t<\/div>\n\t\t\t\t<\/div>\n\t\t\t\t\t<\/div>\n\t\t\t\t<\/div>\n\t\t<div class=\"elementor-element elementor-element-4b4e7873 e-flex e-con-boxed e-con e-parent\" data-id=\"4b4e7873\" data-element_type=\"container\" data-e-type=\"container\">\n\t\t\t\t\t<div class=\"e-con-inner\">\n\t\t\t\t<div class=\"elementor-element elementor-element-6e821ea6 elementor-widget elementor-widget-spacer\" data-id=\"6e821ea6\" data-element_type=\"widget\" data-e-type=\"widget\" data-widget_type=\"spacer.default\">\n\t\t\t\t<div class=\"elementor-widget-container\">\n\t\t\t\t\t\t\t<div class=\"elementor-spacer\">\n\t\t\t<div class=\"elementor-spacer-inner\"><\/div>\n\t\t<\/div>\n\t\t\t\t\t\t<\/div>\n\t\t\t\t<\/div>\n\t\t\t\t\t<\/div>\n\t\t\t\t<\/div>\n\t\t<div class=\"elementor-element elementor-element-4554795b e-flex e-con-boxed e-con e-parent\" data-id=\"4554795b\" data-element_type=\"container\" data-e-type=\"container\" data-settings=\"{&quot;background_background&quot;:&quot;classic&quot;}\">\n\t\t\t\t\t<div class=\"e-con-inner\">\n\t\t<div class=\"elementor-element elementor-element-261ca4f6 e-con-full e-flex e-con e-child\" data-id=\"261ca4f6\" data-element_type=\"container\" data-e-type=\"container\">\n\t\t<div class=\"elementor-element elementor-element-c32fa53 e-con-full e-flex e-con e-child\" data-id=\"c32fa53\" data-element_type=\"container\" data-e-type=\"container\">\n\t\t\t\t<div class=\"elementor-element elementor-element-24d6fe37 elementor-widget elementor-widget-image\" data-id=\"24d6fe37\" data-element_type=\"widget\" data-e-type=\"widget\" data-widget_type=\"image.default\">\n\t\t\t\t<div class=\"elementor-widget-container\">\n\t\t\t\t\t\t\t\t\t\t\t\t\t\t\t<img decoding=\"async\" width=\"168\" height=\"224\" src=\"https:\/\/skatteadvokaterne.dk\/wp-content\/uploads\/2025\/01\/image-76-1.png\" class=\"attachment-full size-full wp-image-758\" alt=\"\" srcset=\"https:\/\/skatteadvokaterne.dk\/wp-content\/uploads\/2025\/01\/image-76-1.png 168w, https:\/\/skatteadvokaterne.dk\/wp-content\/uploads\/2025\/01\/image-76-1-9x12.png 9w\" sizes=\"(max-width: 168px) 100vw, 168px\" \/>\t\t\t\t\t\t\t\t\t\t\t\t\t\t\t<\/div>\n\t\t\t\t<\/div>\n\t\t\t\t<\/div>\n\t\t<div class=\"elementor-element elementor-element-31ec4f55 e-con-full e-flex e-con e-child\" data-id=\"31ec4f55\" data-element_type=\"container\" data-e-type=\"container\">\n\t\t\t\t<div class=\"elementor-element elementor-element-67e087ad elementor-widget elementor-widget-heading\" data-id=\"67e087ad\" data-element_type=\"widget\" data-e-type=\"widget\" data-widget_type=\"heading.default\">\n\t\t\t\t<div class=\"elementor-widget-container\">\n\t\t\t\t\t<h2 class=\"elementor-heading-title elementor-size-default\">Martin Bekker Henrichsen<\/h2>\t\t\t\t<\/div>\n\t\t\t\t<\/div>\n\t\t\t\t<div class=\"elementor-element elementor-element-5a2eefa6 elementor-widget elementor-widget-heading\" data-id=\"5a2eefa6\" data-element_type=\"widget\" data-e-type=\"widget\" data-widget_type=\"heading.default\">\n\t\t\t\t<div class=\"elementor-widget-container\">\n\t\t\t\t\t<span class=\"elementor-heading-title elementor-size-default\">Advokat (H), LL.M. &amp; HD(f)<\/span>\t\t\t\t<\/div>\n\t\t\t\t<\/div>\n\t\t\t\t<div class=\"elementor-element elementor-element-e0120bb elementor-widget-divider--view-line elementor-widget elementor-widget-divider\" data-id=\"e0120bb\" data-element_type=\"widget\" data-e-type=\"widget\" data-widget_type=\"divider.default\">\n\t\t\t\t<div class=\"elementor-widget-container\">\n\t\t\t\t\t\t\t<div class=\"elementor-divider\">\n\t\t\t<span class=\"elementor-divider-separator\">\n\t\t\t\t\t\t<\/span>\n\t\t<\/div>\n\t\t\t\t\t\t<\/div>\n\t\t\t\t<\/div>\n\t\t<div class=\"elementor-element elementor-element-29cb0670 e-grid e-con-full e-con e-child\" data-id=\"29cb0670\" data-element_type=\"container\" data-e-type=\"container\">\n\t\t<div class=\"elementor-element elementor-element-3c296f88 e-con-full e-flex e-con e-child\" data-id=\"3c296f88\" data-element_type=\"container\" data-e-type=\"container\">\n\t\t\t\t<div class=\"elementor-element elementor-element-d15fb27 elementor-widget elementor-widget-heading\" data-id=\"d15fb27\" data-element_type=\"widget\" data-e-type=\"widget\" data-widget_type=\"heading.default\">\n\t\t\t\t<div class=\"elementor-widget-container\">\n\t\t\t\t\t<h4 class=\"elementor-heading-title elementor-size-default\">Telefon<\/h4>\t\t\t\t<\/div>\n\t\t\t\t<\/div>\n\t\t\t\t<div class=\"elementor-element elementor-element-3853681a elementor-icon-list--layout-traditional elementor-list-item-link-full_width elementor-widget elementor-widget-icon-list\" data-id=\"3853681a\" data-element_type=\"widget\" data-e-type=\"widget\" data-widget_type=\"icon-list.default\">\n\t\t\t\t<div class=\"elementor-widget-container\">\n\t\t\t\t\t\t\t<ul class=\"elementor-icon-list-items\">\n\t\t\t\t\t\t\t<li class=\"elementor-icon-list-item\">\n\t\t\t\t\t\t\t\t\t\t\t<span class=\"elementor-icon-list-icon\">\n\t\t\t\t\t\t\t<svg aria-hidden=\"true\" class=\"e-font-icon-svg e-fas-phone-alt\" viewbox=\"0 0 512 512\" xmlns=\"http:\/\/www.w3.org\/2000\/svg\"><path d=\"M497.39 361.8l-112-48a24 24 0 0 0-28 6.9l-49.6 60.6A370.66 370.66 0 0 1 130.6 204.11l60.6-49.6a23.94 23.94 0 0 0 6.9-28l-48-112A24.16 24.16 0 0 0 122.6.61l-104 24A24 24 0 0 0 0 48c0 256.5 207.9 464 464 464a24 24 0 0 0 23.4-18.6l24-104a24.29 24.29 0 0 0-14.01-27.6z\"><\/path><\/svg>\t\t\t\t\t\t<\/span>\n\t\t\t\t\t\t\t\t\t\t<span class=\"elementor-icon-list-text\">(+45) 33 75 00 12<\/span>\n\t\t\t\t\t\t\t\t\t<\/li>\n\t\t\t\t\t\t<\/ul>\n\t\t\t\t\t\t<\/div>\n\t\t\t\t<\/div>\n\t\t\t\t<\/div>\n\t\t<div class=\"elementor-element elementor-element-385c50d9 e-con-full e-flex e-con e-child\" data-id=\"385c50d9\" data-element_type=\"container\" data-e-type=\"container\">\n\t\t\t\t<div class=\"elementor-element elementor-element-62c50ff1 elementor-widget elementor-widget-heading\" data-id=\"62c50ff1\" data-element_type=\"widget\" data-e-type=\"widget\" data-widget_type=\"heading.default\">\n\t\t\t\t<div class=\"elementor-widget-container\">\n\t\t\t\t\t<h4 class=\"elementor-heading-title elementor-size-default\">Mobil<\/h4>\t\t\t\t<\/div>\n\t\t\t\t<\/div>\n\t\t\t\t<div class=\"elementor-element elementor-element-35bc0dea elementor-icon-list--layout-traditional elementor-list-item-link-full_width elementor-widget elementor-widget-icon-list\" data-id=\"35bc0dea\" data-element_type=\"widget\" data-e-type=\"widget\" data-widget_type=\"icon-list.default\">\n\t\t\t\t<div class=\"elementor-widget-container\">\n\t\t\t\t\t\t\t<ul class=\"elementor-icon-list-items\">\n\t\t\t\t\t\t\t<li class=\"elementor-icon-list-item\">\n\t\t\t\t\t\t\t\t\t\t\t<span class=\"elementor-icon-list-icon\">\n\t\t\t\t\t\t\t<svg xmlns=\"http:\/\/www.w3.org\/2000\/svg\" width=\"20\" height=\"21\" viewbox=\"0 0 20 21\" fill=\"none\"><g clip-path=\"url(#clip0_951_99)\"><path d=\"M3.82812 17.1016V18.2539C3.82812 19.4924 4.8357 20.5 6.07422 20.5H13.9258C15.1643 20.5 16.1719 19.4924 16.1719 18.2539V17.1016H3.82812ZM9.41406 18.6251C9.41406 18.3015 9.67641 18.0391 10 18.0391C10.3236 18.0391 10.5859 18.3015 10.5859 18.6251V18.7032C10.5859 19.0268 10.3236 19.2891 10 19.2891C9.67641 19.2891 9.41406 19.0268 9.41406 18.7032V18.6251Z\" fill=\"#C01322\"><\/path><path d=\"M16.1721 15.9297V2.74609C16.1721 1.50758 15.1645 0.5 13.926 0.5H6.07446C4.83599 0.5 3.82837 1.50758 3.82837 2.74609V15.9297H16.1721Z\" fill=\"#C01322\"><\/path><\/g><defs><clippath id=\"clip0_951_99\"><rect width=\"20\" height=\"20\" fill=\"white\" transform=\"translate(0 0.5)\"><\/rect><\/clippath><\/defs><\/svg>\t\t\t\t\t\t<\/span>\n\t\t\t\t\t\t\t\t\t\t<span class=\"elementor-icon-list-text\">(+45) 23 73 00 12<\/span>\n\t\t\t\t\t\t\t\t\t<\/li>\n\t\t\t\t\t\t<\/ul>\n\t\t\t\t\t\t<\/div>\n\t\t\t\t<\/div>\n\t\t\t\t<\/div>\n\t\t<div class=\"elementor-element elementor-element-655f3f84 e-con-full e-flex e-con e-child\" data-id=\"655f3f84\" data-element_type=\"container\" data-e-type=\"container\">\n\t\t\t\t<div class=\"elementor-element elementor-element-53c6254d elementor-widget elementor-widget-heading\" data-id=\"53c6254d\" data-element_type=\"widget\" data-e-type=\"widget\" data-widget_type=\"heading.default\">\n\t\t\t\t<div class=\"elementor-widget-container\">\n\t\t\t\t\t<h4 class=\"elementor-heading-title elementor-size-default\">E-mail<\/h4>\t\t\t\t<\/div>\n\t\t\t\t<\/div>\n\t\t\t\t<div class=\"elementor-element elementor-element-2c9c7943 elementor-icon-list--layout-traditional elementor-list-item-link-full_width elementor-widget elementor-widget-icon-list\" data-id=\"2c9c7943\" data-element_type=\"widget\" data-e-type=\"widget\" data-widget_type=\"icon-list.default\">\n\t\t\t\t<div class=\"elementor-widget-container\">\n\t\t\t\t\t\t\t<ul class=\"elementor-icon-list-items\">\n\t\t\t\t\t\t\t<li class=\"elementor-icon-list-item\">\n\t\t\t\t\t\t\t\t\t\t\t<span class=\"elementor-icon-list-icon\">\n\t\t\t\t\t\t\t<svg aria-hidden=\"true\" class=\"e-font-icon-svg e-fas-envelope\" viewbox=\"0 0 512 512\" xmlns=\"http:\/\/www.w3.org\/2000\/svg\"><path d=\"M502.3 190.8c3.9-3.1 9.7-.2 9.7 4.7V400c0 26.5-21.5 48-48 48H48c-26.5 0-48-21.5-48-48V195.6c0-5 5.7-7.8 9.7-4.7 22.4 17.4 52.1 39.5 154.1 113.6 21.1 15.4 56.7 47.8 92.2 47.6 35.7.3 72-32.8 92.3-47.6 102-74.1 131.6-96.3 154-113.7zM256 320c23.2.4 56.6-29.2 73.4-41.4 132.7-96.3 142.8-104.7 173.4-128.7 5.8-4.5 9.2-11.5 9.2-18.9v-19c0-26.5-21.5-48-48-48H48C21.5 64 0 85.5 0 112v19c0 7.4 3.4 14.3 9.2 18.9 30.6 23.9 40.7 32.4 173.4 128.7 16.8 12.2 50.2 41.8 73.4 41.4z\"><\/path><\/svg>\t\t\t\t\t\t<\/span>\n\t\t\t\t\t\t\t\t\t\t<span class=\"elementor-icon-list-text\">hen@skatteadvokaterne.dk<\/span>\n\t\t\t\t\t\t\t\t\t<\/li>\n\t\t\t\t\t\t<\/ul>\n\t\t\t\t\t\t<\/div>\n\t\t\t\t<\/div>\n\t\t\t\t<\/div>\n\t\t\t\t<\/div>\n\t\t\t\t<\/div>\n\t\t\t\t<\/div>\n\t\t\t\t\t<\/div>\n\t\t\t\t<\/div>\n\t\t<div class=\"elementor-element elementor-element-6baff2cd e-flex e-con-boxed e-con e-parent\" data-id=\"6baff2cd\" data-element_type=\"container\" data-e-type=\"container\">\n\t\t\t\t\t<div class=\"e-con-inner\">\n\t\t<div class=\"elementor-element elementor-element-31dddf12 e-con-full e-flex e-con e-child\" data-id=\"31dddf12\" data-element_type=\"container\" data-e-type=\"container\">\n\t\t\t\t<div class=\"elementor-element elementor-element-36d4d235 elementor-widget elementor-widget-heading\" data-id=\"36d4d235\" data-element_type=\"widget\" data-e-type=\"widget\" data-widget_type=\"heading.default\">\n\t\t\t\t<div class=\"elementor-widget-container\">\n\t\t\t\t\t<h2 class=\"elementor-heading-title elementor-size-default\">Specialkompetencer og erfaringer<\/h2>\t\t\t\t<\/div>\n\t\t\t\t<\/div>\n\t\t\t\t<div class=\"elementor-element elementor-element-6cdb5cdd elementor-widget elementor-widget-text-editor\" data-id=\"6cdb5cdd\" data-element_type=\"widget\" data-e-type=\"widget\" data-widget_type=\"text-editor.default\">\n\t\t\t\t<div class=\"elementor-widget-container\">\n\t\t\t\t\t\t\t\t\t<p>Martin Bekker Henrichsen har stor ekspertise indenfor skatteretten, der er opbygget gennem mange \u00e5rs arbejde med skat og moms. Han har arbejdet i Skatteministeriets departement 1995-2001, som advokat hos Kammeradvokaten i Skattegruppen 2001-2007 og som partner hos Skatteadvokaterne fra firmaets etablering i 2007. <br \/><br \/>Martin Bekker Henrichsen har f\u00f8rt et meget stort antal skatteklagesager ved skatteanken\u00e6vn og i Landsskatteretten og retssager vedr\u00f8rende skat og moms ved domstolene. Martin Bekker Henrichsen har endvidere stor erfaring med at f\u00f8re straffesager b\u00e5de som forsvarer og som offentlig anklager for Statsadvokaten for K\u00f8benhavn. Han arbejder ogs\u00e5 med r\u00e5dgivning om arveret, generationsskifte, omstrukturering af virksomheder o.lign. <br \/><br \/>Martin Bekker Henrichsen har m\u00f8deret for H\u00f8jesteret. <br \/><br \/>Martin Bekker Henrichsen har indsigt i finansielle og regnskabsm\u00e6ssige forhold bl.a. i kraft af HD i finansiering og regnskabsv\u00e6sen. <br \/><br \/>Martin Bekker Henrichsen er medlem af Danmarks Skatteadvokaters bestyrelse, Danske Advokaters Skatteudvalg vedr\u00f8rerende skatteproces, Dansk Skattevidenskabelig Forening, International Fiscal Association, Dansk Forening for EU Skatteret og har i 2009-2015 v\u00e6ret medlem af Advokatr\u00e5dets Skatteudvalg.<\/p>\t\t\t\t\t\t\t\t<\/div>\n\t\t\t\t<\/div>\n\t\t\t\t<\/div>\n\t\t<div class=\"elementor-element elementor-element-49339020 e-con-full e-flex e-con e-child\" data-id=\"49339020\" data-element_type=\"container\" data-e-type=\"container\">\n\t\t\t\t<div class=\"elementor-element elementor-element-2da9ee53 elementor-widget elementor-widget-heading\" data-id=\"2da9ee53\" data-element_type=\"widget\" data-e-type=\"widget\" data-widget_type=\"heading.default\">\n\t\t\t\t<div class=\"elementor-widget-container\">\n\t\t\t\t\t<h2 class=\"elementor-heading-title elementor-size-default\">Curriculum Vitae<\/h2>\t\t\t\t<\/div>\n\t\t\t\t<\/div>\n\t\t\t\t<div class=\"elementor-element elementor-element-424a517a elementor-widget elementor-widget-text-editor\" data-id=\"424a517a\" data-element_type=\"widget\" data-e-type=\"widget\" data-widget_type=\"text-editor.default\">\n\t\t\t\t<div class=\"elementor-widget-container\">\n\t\t\t\t\t\t\t\t\t<p><span style=\"color: #c01322;\"><strong>Uddannelse<\/strong><\/span><\/p><p><strong>1992:<\/strong> Master of Laws(LL.M.), University of Hull, International Business Law<br \/><strong>1994:<\/strong> Cand. Jur., K\u00f8benhavns Universitet<br \/><strong>1998:<\/strong> HD(f), Handelsh\u00f8jskolen i K\u00f8benhavn<br \/><strong>2001:<\/strong> Advokatbestalling<br \/><strong>2002:<\/strong> M\u00f8deret for Landsret<br \/><strong>2007:<\/strong> M\u00f8deret for H\u00f8jesteret<\/p><p><span style=\"color: #c01322;\"><strong>Ans\u00e6ttelser<\/strong><\/span><\/p><p><strong>1994-1995:<\/strong> Advokatfirmaet Mazanti-Andersen, Kors\u00f8 Jensen &amp; Partnere<br \/><strong>1995-2001:<\/strong> Skatteministeriets Departement<br \/><strong>1998-2001:<\/strong> Advokatr\u00e5dets Skatteudvalg<br \/><strong>2001-2007:<\/strong> Kammeradvokaten\/ Advokatfirmaet Poul Schmith (Skattegruppen)<br \/><strong>2006-2012:<\/strong> Statsadvokaten for K\u00f8benhavn og Bornholm<br \/><strong>2007:<\/strong> Skatteadvokaterne, Partner<\/p><p><span style=\"color: #c01322;\"><strong>Undervisning<\/strong><\/span><\/p><p><strong>1999-2001:<\/strong> Manudukt\u00f8r i statsforfatningsret, K\u00f8benhavns Universitet<br \/><strong>2001-2006:<\/strong> Fast underviser for Advokatsamfundet p\u00e5 Skattejurauddannelsen<br \/><strong>2004-2008:<\/strong> Fast underviser i skatteret p\u00e5 Advokatr\u00e5dets Advokatuddannelse, samt underviser p\u00e5 flere skattekurser<\/p><p><span style=\"color: #c01322;\"><strong>Medlemskaber og tillidshverv<\/strong><\/span><\/p><ul><li>Danmarks Skatteadvokater (Medlem af bestyrelsen siden 2020)<\/li><li>Medlem af Advokatr\u00e5dets Skatteudvalg (2009-2015)<\/li><li>Dansk Skattevidenskabelig Forening<\/li><li>International Fiscal Association<\/li><li>Dansk Forening for EU Skatteret<\/li><li>Ekspertpanelet hos udvandrerne.dk<\/li><\/ul>\t\t\t\t\t\t\t\t<\/div>\n\t\t\t\t<\/div>\n\t\t\t\t<\/div>\n\t\t\t\t\t<\/div>\n\t\t\t\t<\/div>\n\t\t\t\t<\/div>","protected":false},"excerpt":{"rendered":"<p>Martin Bekker Henrichsen Advokat (H), LL.M. &amp; HD(f) Telefon (+45) 33 75 00 12 Mobil (+45) 23 73 00 12 E-mail hen@skatteadvokaterne.dk Specialkompetencer og erfaringer Martin Bekker Henrichsen har stor ekspertise indenfor skatteretten, der er opbygget gennem mange \u00e5rs arbejde med skat og moms. Han har arbejdet i Skatteministeriets departement 1995-2001, som advokat hos Kammeradvokaten [&hellip;]<\/p>\n","protected":false},"author":1,"featured_media":0,"parent":23,"menu_order":0,"comment_status":"closed","ping_status":"closed","template":"elementor_header_footer","meta":{"_exactmetrics_skip_tracking":false,"_exactmetrics_sitenote_active":false,"_exactmetrics_sitenote_note":"","_exactmetrics_sitenote_category":0,"footnotes":""},"class_list":["post-17","page","type-page","status-publish","hentry"],"yoast_head":"<!-- This site is optimized with the Yoast SEO plugin v27.3 - https:\/\/yoast.com\/product\/yoast-seo-wordpress\/ -->\n<title>Martin Bekker Henrichsen - skatteadvokaterne.dk<\/title>\n<meta name=\"robots\" content=\"index, follow, max-snippet:-1, max-image-preview:large, max-video-preview:-1\" \/>\n<link rel=\"canonical\" href=\"https:\/\/skatteadvokaterne.dk\/en\/advokater\/martin-bekker-henrichsen\/\" \/>\n<meta property=\"og:locale\" content=\"en_GB\" \/>\n<meta property=\"og:type\" content=\"article\" \/>\n<meta property=\"og:title\" content=\"Martin Bekker Henrichsen - skatteadvokaterne.dk\" \/>\n<meta property=\"og:description\" content=\"Martin Bekker Henrichsen Advokat (H), LL.M. &amp; HD(f) Telefon (+45) 33 75 00 12 Mobil (+45) 23 73 00 12 E-mail hen@skatteadvokaterne.dk Specialkompetencer og erfaringer Martin Bekker Henrichsen har stor ekspertise indenfor skatteretten, der er opbygget gennem mange \u00e5rs arbejde med skat og moms. Han har arbejdet i Skatteministeriets departement 1995-2001, som advokat hos Kammeradvokaten [&hellip;]\" \/>\n<meta property=\"og:url\" content=\"https:\/\/skatteadvokaterne.dk\/en\/advokater\/martin-bekker-henrichsen\/\" \/>\n<meta property=\"og:site_name\" content=\"skatteadvokaterne.dk\" \/>\n<meta property=\"article:modified_time\" content=\"2025-10-18T12:50:35+00:00\" \/>\n<meta property=\"og:image\" content=\"https:\/\/skatteadvokaterne.dk\/wp-content\/uploads\/2025\/01\/image-76-1.png\" \/>\n\t<meta property=\"og:image:width\" content=\"168\" \/>\n\t<meta property=\"og:image:height\" content=\"224\" \/>\n\t<meta property=\"og:image:type\" content=\"image\/png\" \/>\n<meta name=\"twitter:card\" content=\"summary_large_image\" \/>\n<meta name=\"twitter:label1\" content=\"Estimated reading time\" \/>\n\t<meta name=\"twitter:data1\" content=\"2 minutes\" \/>\n<script type=\"application\/ld+json\" class=\"yoast-schema-graph\">{\"@context\":\"https:\\\/\\\/schema.org\",\"@graph\":[{\"@type\":\"WebPage\",\"@id\":\"https:\\\/\\\/skatteadvokaterne.dk\\\/advokater\\\/martin-bekker-henrichsen\\\/\",\"url\":\"https:\\\/\\\/skatteadvokaterne.dk\\\/advokater\\\/martin-bekker-henrichsen\\\/\",\"name\":\"Martin Bekker Henrichsen - skatteadvokaterne.dk\",\"isPartOf\":{\"@id\":\"https:\\\/\\\/skatteadvokaterne.dk\\\/#website\"},\"primaryImageOfPage\":{\"@id\":\"https:\\\/\\\/skatteadvokaterne.dk\\\/advokater\\\/martin-bekker-henrichsen\\\/#primaryimage\"},\"image\":{\"@id\":\"https:\\\/\\\/skatteadvokaterne.dk\\\/advokater\\\/martin-bekker-henrichsen\\\/#primaryimage\"},\"thumbnailUrl\":\"https:\\\/\\\/skatteadvokaterne.dk\\\/wp-content\\\/uploads\\\/2025\\\/01\\\/image-76-1.png\",\"datePublished\":\"2024-07-23T07:25:03+00:00\",\"dateModified\":\"2025-10-18T12:50:35+00:00\",\"breadcrumb\":{\"@id\":\"https:\\\/\\\/skatteadvokaterne.dk\\\/advokater\\\/martin-bekker-henrichsen\\\/#breadcrumb\"},\"inLanguage\":\"en-GB\",\"potentialAction\":[{\"@type\":\"ReadAction\",\"target\":[\"https:\\\/\\\/skatteadvokaterne.dk\\\/advokater\\\/martin-bekker-henrichsen\\\/\"]}]},{\"@type\":\"ImageObject\",\"inLanguage\":\"en-GB\",\"@id\":\"https:\\\/\\\/skatteadvokaterne.dk\\\/advokater\\\/martin-bekker-henrichsen\\\/#primaryimage\",\"url\":\"https:\\\/\\\/skatteadvokaterne.dk\\\/wp-content\\\/uploads\\\/2025\\\/01\\\/image-76-1.png\",\"contentUrl\":\"https:\\\/\\\/skatteadvokaterne.dk\\\/wp-content\\\/uploads\\\/2025\\\/01\\\/image-76-1.png\"},{\"@type\":\"BreadcrumbList\",\"@id\":\"https:\\\/\\\/skatteadvokaterne.dk\\\/advokater\\\/martin-bekker-henrichsen\\\/#breadcrumb\",\"itemListElement\":[{\"@type\":\"ListItem\",\"position\":1,\"name\":\"Home\",\"item\":\"https:\\\/\\\/skatteadvokaterne.dk\\\/\"},{\"@type\":\"ListItem\",\"position\":2,\"name\":\"Advokater\",\"item\":\"https:\\\/\\\/skatteadvokaterne.dk\\\/advokater\\\/\"},{\"@type\":\"ListItem\",\"position\":3,\"name\":\"Martin Bekker Henrichsen\"}]},{\"@type\":\"WebSite\",\"@id\":\"https:\\\/\\\/skatteadvokaterne.dk\\\/#website\",\"url\":\"https:\\\/\\\/skatteadvokaterne.dk\\\/\",\"name\":\"skatteadvokaterne.dk\",\"description\":\"\",\"potentialAction\":[{\"@type\":\"SearchAction\",\"target\":{\"@type\":\"EntryPoint\",\"urlTemplate\":\"https:\\\/\\\/skatteadvokaterne.dk\\\/?s={search_term_string}\"},\"query-input\":{\"@type\":\"PropertyValueSpecification\",\"valueRequired\":true,\"valueName\":\"search_term_string\"}}],\"inLanguage\":\"en-GB\"}]}<\/script>\n<!-- \/ Yoast SEO plugin. -->","yoast_head_json":{"title":"Martin Bekker Henrichsen - skatteadvokaterne.dk","robots":{"index":"index","follow":"follow","max-snippet":"max-snippet:-1","max-image-preview":"max-image-preview:large","max-video-preview":"max-video-preview:-1"},"canonical":"https:\/\/skatteadvokaterne.dk\/en\/advokater\/martin-bekker-henrichsen\/","og_locale":"en_GB","og_type":"article","og_title":"Martin Bekker Henrichsen - skatteadvokaterne.dk","og_description":"Martin Bekker Henrichsen Advokat (H), LL.M. &amp; HD(f) Telefon (+45) 33 75 00 12 Mobil (+45) 23 73 00 12 E-mail hen@skatteadvokaterne.dk Specialkompetencer og erfaringer Martin Bekker Henrichsen har stor ekspertise indenfor skatteretten, der er opbygget gennem mange \u00e5rs arbejde med skat og moms. Han har arbejdet i Skatteministeriets departement 1995-2001, som advokat hos Kammeradvokaten [&hellip;]","og_url":"https:\/\/skatteadvokaterne.dk\/en\/advokater\/martin-bekker-henrichsen\/","og_site_name":"skatteadvokaterne.dk","article_modified_time":"2025-10-18T12:50:35+00:00","og_image":[{"width":168,"height":224,"url":"https:\/\/skatteadvokaterne.dk\/wp-content\/uploads\/2025\/01\/image-76-1.png","type":"image\/png"}],"twitter_card":"summary_large_image","twitter_misc":{"Estimated reading time":"2 minutes"},"schema":{"@context":"https:\/\/schema.org","@graph":[{"@type":"WebPage","@id":"https:\/\/skatteadvokaterne.dk\/advokater\/martin-bekker-henrichsen\/","url":"https:\/\/skatteadvokaterne.dk\/advokater\/martin-bekker-henrichsen\/","name":"Martin Bekker Henrichsen - skatteadvokaterne.dk","isPartOf":{"@id":"https:\/\/skatteadvokaterne.dk\/#website"},"primaryImageOfPage":{"@id":"https:\/\/skatteadvokaterne.dk\/advokater\/martin-bekker-henrichsen\/#primaryimage"},"image":{"@id":"https:\/\/skatteadvokaterne.dk\/advokater\/martin-bekker-henrichsen\/#primaryimage"},"thumbnailUrl":"https:\/\/skatteadvokaterne.dk\/wp-content\/uploads\/2025\/01\/image-76-1.png","datePublished":"2024-07-23T07:25:03+00:00","dateModified":"2025-10-18T12:50:35+00:00","breadcrumb":{"@id":"https:\/\/skatteadvokaterne.dk\/advokater\/martin-bekker-henrichsen\/#breadcrumb"},"inLanguage":"en-GB","potentialAction":[{"@type":"ReadAction","target":["https:\/\/skatteadvokaterne.dk\/advokater\/martin-bekker-henrichsen\/"]}]},{"@type":"ImageObject","inLanguage":"en-GB","@id":"https:\/\/skatteadvokaterne.dk\/advokater\/martin-bekker-henrichsen\/#primaryimage","url":"https:\/\/skatteadvokaterne.dk\/wp-content\/uploads\/2025\/01\/image-76-1.png","contentUrl":"https:\/\/skatteadvokaterne.dk\/wp-content\/uploads\/2025\/01\/image-76-1.png"},{"@type":"BreadcrumbList","@id":"https:\/\/skatteadvokaterne.dk\/advokater\/martin-bekker-henrichsen\/#breadcrumb","itemListElement":[{"@type":"ListItem","position":1,"name":"Home","item":"https:\/\/skatteadvokaterne.dk\/"},{"@type":"ListItem","position":2,"name":"Advokater","item":"https:\/\/skatteadvokaterne.dk\/advokater\/"},{"@type":"ListItem","position":3,"name":"Martin Bekker Henrichsen"}]},{"@type":"WebSite","@id":"https:\/\/skatteadvokaterne.dk\/#website","url":"https:\/\/skatteadvokaterne.dk\/","name":"skatteadvokaterne.dk","description":"","potentialAction":[{"@type":"SearchAction","target":{"@type":"EntryPoint","urlTemplate":"https:\/\/skatteadvokaterne.dk\/?s={search_term_string}"},"query-input":{"@type":"PropertyValueSpecification","valueRequired":true,"valueName":"search_term_string"}}],"inLanguage":"en-GB"}]}},"_links":{"self":[{"href":"https:\/\/skatteadvokaterne.dk\/en\/wp-json\/wp\/v2\/pages\/17","targetHints":{"allow":["GET"]}}],"collection":[{"href":"https:\/\/skatteadvokaterne.dk\/en\/wp-json\/wp\/v2\/pages"}],"about":[{"href":"https:\/\/skatteadvokaterne.dk\/en\/wp-json\/wp\/v2\/types\/page"}],"author":[{"embeddable":true,"href":"https:\/\/skatteadvokaterne.dk\/en\/wp-json\/wp\/v2\/users\/1"}],"replies":[{"embeddable":true,"href":"https:\/\/skatteadvokaterne.dk\/en\/wp-json\/wp\/v2\/comments?post=17"}],"version-history":[{"count":28,"href":"https:\/\/skatteadvokaterne.dk\/en\/wp-json\/wp\/v2\/pages\/17\/revisions"}],"predecessor-version":[{"id":1404,"href":"https:\/\/skatteadvokaterne.dk\/en\/wp-json\/wp\/v2\/pages\/17\/revisions\/1404"}],"up":[{"embeddable":true,"href":"https:\/\/skatteadvokaterne.dk\/en\/wp-json\/wp\/v2\/pages\/23"}],"wp:attachment":[{"href":"https:\/\/skatteadvokaterne.dk\/en\/wp-json\/wp\/v2\/media?parent=17"}],"curies":[{"name":"wp","href":"https:\/\/api.w.org\/{rel}","templated":true}]}}